{"id":3109,"date":"2024-09-29T11:59:16","date_gmt":"2024-09-29T09:59:16","guid":{"rendered":"https:\/\/www.elka-holzwerke.de\/low-emission-wood-based-materials\/"},"modified":"2025-12-28T14:35:14","modified_gmt":"2025-12-28T13:35:14","slug":"low-emission-wood-based-materials","status":"publish","type":"page","link":"https:\/\/www.elka-holzwerke.de\/en\/about-us\/environment-sustainability\/low-emission-wood-based-materials\/","title":{"rendered":"Low-emission wood-based materials"},"content":{"rendered":"\n<div class=\"wp-block-uagb-container headercontainer uagb-block-061fac08 alignfull uagb-is-root-container\"><div class=\"uagb-container-inner-blocks-wrap\">\n<h2 class=\"wp-block-heading claim\">Protect the most valuable thing you have<\/h2>\n\n\n\n<h3 class=\"wp-block-heading headline\">Healthy living<\/h3>\n<\/div><\/div>\n\n<div class=\"wp-block-uagb-container uagb-block-6789f2f7 alignfull uagb-is-root-container\"><div class=\"uagb-container-inner-blocks-wrap\">\n<h2 class=\"wp-block-heading has-text-align-center\" style=\"margin-top:var(--wp--preset--spacing--50);margin-bottom:var(--wp--preset--spacing--50);padding-top:0;padding-bottom:0;font-size:2.5rem\">Sustainability becomes the new lifestyle<\/h2>\n<\/div><\/div>\n\n<div class=\"wp-block-uagb-container uagb-block-f5b19e76 alignfull uagb-is-root-container\"><div class=\"uagb-container-inner-blocks-wrap\">\n<div class=\"wp-block-uagb-container uagb-block-ca1eea58\">\n<div class=\"wp-block-uagb-image uagb-block-f3514f7c wp-block-uagb-image--layout-default wp-block-uagb-image--effect-static wp-block-uagb-image--align-none\"><figure class=\"wp-block-uagb-image__figure\"><img decoding=\"async\"  sizes=\"auto, (max-width: 480px) 150px\" src=\"https:\/\/www.elka-holzwerke.de\/wp-content\/uploads\/2024\/10\/referenz_rensch_haus.webp\" alt=\"\" width=\"800\" height=\"600\" title=\"\" loading=\"lazy\" role=\"img\"><figcaption class=\"uagb-image-caption\"><em>Reference show home \u201cVictoria\u201d from RENSCH-HAUS, built as an Efficiency House 40 Plus, impressed the jury of the \u201cGerman Show Home Award\u201d in 2020 and won gold in the Premium House category (esb PLUS &#8211; Reference).<br>Source: Rensch-Haus GmbH, with kind permission<\/em><\/figcaption><\/figure><\/div>\n<\/div>\n\n\n\n<div class=\"wp-block-uagb-container uagb-block-684ad684\">\n<p>Ein nachhaltiges Einkaufsverhalten spielt bei Konsumenten eine immer wichtigere Rolle. 81% gaben an, beim Einkaufen auf\u00a0<a href=\"https:\/\/www.elka-holzwerke.de\/ueber-elka\/umwelt-und-nachhaltigkeit\">Nachhaltigkeit\u00a0<\/a>zu achten (2019). Zu diesem Ergebnis kommt eine Studie der Wirtschaftspr\u00fcfungsgesellschaft KPMG und der\u00a0<a target=\"_blank\" rel=\"noreferrer noopener\" href=\"https:\/\/www.ifhkoeln.de\/nachhaltigkeit-ist-mehr-als-nur-ein-kurzzeitiger-trend\/\">IFH K\u00f6ln<\/a>: \u201eNachhaltigkeit ist ein Teil unserer Lebensrealit\u00e4t und wird Wirtschaft und Gesellschaft fundamental ver\u00e4ndern. Denn die Menschen haben verstanden, dass es auf dieser Welt keine unlimitierten Ressourcen gibt\u2026 .\u201c erl\u00e4utert dazu Stephan Fetsch, KPMG-Partner und Head of Consumer Goods.<\/p>\n\n\n\n<h4 class=\"wp-block-heading\">Pioneer in sustainability &amp; health<\/h4>\n\n\n\n<p>Als \u00f6kologischer Vorreiter bekannt, bieten die elka-Holzwerke mit ihren umwelt- vertr\u00e4glichen,\u00a0<a href=\"https:\/\/www.elka-holzwerke.de\/ueber-elka\/umwelt-und-nachhaltigkeit\/energiemanagementsystem\">energieeffizienten<\/a>\u00a0<a href=\"https:\/\/www.elka-holzwerke.de\/markenprodukte\">Markenprodukten\u00a0<\/a>schon jahrzehntelang einen \u00fcberdurchschnittlichen Qualit\u00e4tsstandard. Hochwertige, emissionsarme Produktlinien sind die Fichten-Frischholz Platten der\u00a0<a href=\"https:\/\/www.elka-holzwerke.de\/markenprodukte\/esb\/esb-standard\">esb Standard<\/a>\u00a0&amp;\u00a0<a href=\"https:\/\/www.elka-holzwerke.de\/markenprodukte\/esb\/esb-plus\">esb PLUS<\/a>, letztere mit Formaldehyd-Werten unter 0,03 ppm, ebenso die\u00a0<a href=\"https:\/\/www.elka-holzwerke.de\/markenprodukte\/naturholzplatte-vita\">Naturholzplatte vita<\/a>. Sie garantieren problemlose\u00a0<a href=\"https:\/\/www.elka-holzwerke.de\/ueber-elka\/umwelt-und-nachhaltigkeit\">Recyclingf\u00e4higkeit<\/a>, R\u00fcckbau und Wiederverwendbarkeit. Ein spezieller verarbeitungsfreundlicher MUF-Leim ohne Isocyanate zeichnen zudem die gesamte Produkt-Palette aus.<\/p>\n<\/div>\n<\/div><\/div>\n\n<div class=\"wp-block-uagb-container uagb-block-0ce09760 alignfull uagb-is-root-container\"><div class=\"uagb-container-inner-blocks-wrap\">\n<div class=\"wp-block-uagb-container uagb-block-cf05aed9\">\n<div class=\"wp-block-uagb-image uagb-block-f03486f4 wp-block-uagb-image--layout-default wp-block-uagb-image--effect-static wp-block-uagb-image--align-none\"><figure class=\"wp-block-uagb-image__figure\"><img decoding=\"async\"  sizes=\"auto, (max-width: 480px) 150px\" src=\"https:\/\/www.elka-holzwerke.de\/wp-content\/uploads\/2024\/10\/esbplus_vita_qng.webp\" alt=\"\" width=\"630\" height=\"354\" title=\"\" loading=\"lazy\" role=\"img\"><\/figure><\/div>\n<\/div>\n\n\n\n<div class=\"wp-block-uagb-container uagb-block-e7e66311\">\n<h3 class=\"wp-block-heading\">Simplify QNG building certification<\/h3>\n\n\n\n<p><strong>Startklar mit\u00a0<\/strong><a href=\"https:\/\/www.elka-holzwerke.de\/markenprodukte\/esb\/esb-plus\"><strong>esb PLUS\u00a0<\/strong><\/a><strong>Fichtenholzwerkstoffen und\u00a0<\/strong><a href=\"https:\/\/www.elka-holzwerke.de\/markenprodukte\/naturholzplatte-vita\"><strong>Naturholzplatten vita<\/strong><\/a><strong>\u00a0durch das neue\u00a0<\/strong><a href=\"https:\/\/www.elka-holzwerke.de\/files\/85\/Naturholzplatte-VITA\/48\/VITA-Naturholzplatte-mit-Sentinel-Haus-Produktzertifikat-QNG-Ready.pdf\"><strong>QNG ready-Zertifikat<\/strong><\/a><strong>\u00a0vom Sentinel Haus Institut.<br\/><\/strong><br\/>Das Bundesbauministerium startet mit der Bundesf\u00f6rderung f\u00fcr effiziente Geb\u00e4ude &#8211; Klimafreundlicher Neubau am 1. M\u00e4rz 2023. Gef\u00f6rdert wird der Neubau sowie der Ersterwerb neu errichteter\u00a0<a href=\"https:\/\/www.elka-holzwerke.de\/ueber-elka\/umwelt-und-nachhaltigkeit\">klimafreundlicher\u00a0<\/a>und energieeffizienter Wohn- und Nichtwohngeb\u00e4ude, die spezifische Grenzwerte f\u00fcr die Treibhaus-Gasemissionen im Lebenszyklus unterschreiten und den energetischen Standard eines Effizienzhauses 40 bzw. eines Effizienzhauses 40 f\u00fcr Neubauten erreichen.<\/p>\n<\/div>\n<\/div><\/div>\n\n<div class=\"wp-block-uagb-container uagb-block-29170a4f alignfull uagb-is-root-container\"><div class=\"uagb-container-inner-blocks-wrap\">\n<h2 class=\"wp-block-heading has-text-align-center\" style=\"margin-top:var(--wp--preset--spacing--50);margin-bottom:var(--wp--preset--spacing--50);padding-top:0;padding-bottom:0;font-size:2.5rem\">elka products: Recommended by recognized institutes<\/h2>\n<\/div><\/div>\n\n<div class=\"wp-block-uagb-container uagb-block-ea490103 alignfull uagb-is-root-container\"><div class=\"uagb-container-inner-blocks-wrap\">\n<div class=\"wp-block-uagb-container uagb-block-6b49e580\">\n<h3 class=\"wp-block-heading\">Blue Angel<\/h3>\n\n\n\n<p>Do you want to live, shop, build, renovate or equip an office in an environmentally conscious way? The Blue Angel makes it possible: over 12,000 environmentally friendly products and services from around 1,500 companies have been awarded the Blue Angel. If you use products or services with the Blue Angel eco-label, you can be sure that you are doing something good for yourself, the environment and the future. The Blue Angel is the German government&#8217;s environmental label for the protection of people and the environment. It is demanding, independent and has proven itself as a compass for environmentally friendly products for more than 35 years.    <\/p>\n\n\n\n<p>Products awarded the Blue Angel:<br\/><a href=\"https:\/\/www.blauer-engel.de\/de\/produkte\/esb-plus-p5-spanplatte-dickenbereich-9-30-mm\" target=\"_blank\" rel=\"noreferrer noopener\"><strong>esb PLUS P5 chipboard<\/strong><\/a><strong> | <\/strong><a href=\"https:\/\/www.blauer-engel.de\/de\/produkte\/elka-vita-massivholzplatte-3-schicht-fichte-qualitaet-ab-b-und-b-c-dickenbereich-15-50-mm\" target=\"_blank\" rel=\"noreferrer noopener\"><strong>elka VITA natural wood panel<\/strong><\/a><\/p>\n<\/div>\n\n\n\n<div class=\"wp-block-uagb-container uagb-block-7ffe0438\">\n<div class=\"wp-block-uagb-image uagb-block-2886e157 wp-block-uagb-image--layout-default wp-block-uagb-image--effect-static wp-block-uagb-image--align-none\"><figure class=\"wp-block-uagb-image__figure\"><img decoding=\"async\"  sizes=\"auto, (max-width: 480px) 150px\" src=\"https:\/\/www.elka-holzwerke.de\/wp-content\/uploads\/2024\/10\/blauer_engel_schatten.webp\" alt=\"\" width=\"249\" height=\"250\" title=\"\" loading=\"lazy\" role=\"img\"><\/figure><\/div>\n<\/div>\n<\/div><\/div>\n\n<div class=\"wp-block-uagb-container uagb-block-02b4311d alignfull uagb-is-root-container\"><div class=\"uagb-container-inner-blocks-wrap\">\n<div class=\"wp-block-uagb-container uagb-block-f4336e2e\">\n<div class=\"wp-block-uagb-image uagb-block-e4d7426d wp-block-uagb-image--layout-default wp-block-uagb-image--effect-static wp-block-uagb-image--align-none\"><figure class=\"wp-block-uagb-image__figure\"><img decoding=\"async\"  sizes=\"auto, (max-width: 480px) 150px\" src=\"https:\/\/www.elka-holzwerke.de\/wp-content\/uploads\/2024\/10\/sentinel-haus-schatten.webp\" alt=\"\" width=\"216\" height=\"215\" title=\"\" loading=\"lazy\" role=\"img\"><\/figure><\/div>\n<\/div>\n\n\n\n<div class=\"wp-block-uagb-container uagb-block-57076fde\">\n<h3 class=\"wp-block-heading\">Sentinel House Institute<\/h3>\n\n\n\n<p>The Sentinel Haus Institute&#8217;s online platform is the only practical tool to plan, create and make affordable healthier and sustainable projects.<\/p>\n\n\n\n<ul class=\"wp-block-list\">\n<li>Serves all those involved in healthy building and living and supports private households in researching healthy living materials \/ certified specialists<\/li>\n\n\n\n<li>connects the players to a constantly updated network<\/li>\n\n\n\n<li>provides all parties involved with the information they need<\/li>\n\n\n\n<li>is manufacturer-independent, neutral, transparent and open<\/li>\n\n\n\n<li>provides experience from existing construction projects<\/li>\n\n\n\n<li>links information from different levels: House, building material, manufacturer, fabricator, general contractor, builder, architect<\/li>\n\n\n\n<li>simplifies and accelerates planning and construction processes: find competent suppliers and partners, support the bidding and tendering process <a href=\"https:\/\/www.sentinel-haus.de\/de\" target=\"_blank\" rel=\"noreferrer noopener\">[to the Sentinel Portal]<\/a>.<\/li>\n<\/ul>\n\n\n\n<p>Vom Sentinel Haus ausgezeichnete Produkte:<br\/><a href=\"https:\/\/www.sentinel-haus.de\/de\/Portal\/Produkte\/ESB-Plus-Platte\" target=\"_blank\" rel=\"noopener\"><strong>esb PLUS P5 Spanplatte\u00a0<\/strong><\/a><strong>\u00a0 |\u00a0\u00a0\u00a0<\/strong><a href=\"https:\/\/www.sentinel-holding.eu\/de\/Portal\/Produkte\/elka-R-Naturholzplatte-vita\" target=\"_blank\" rel=\"noreferrer noopener\"><strong>elka VITA Naturholzplatte<\/strong><\/a><\/p>\n<\/div>\n<\/div><\/div>\n\n<div class=\"wp-block-uagb-container uagb-block-9f098c6c alignfull uagb-is-root-container\"><div class=\"uagb-container-inner-blocks-wrap\">\n<div class=\"wp-block-uagb-container uagb-block-c4ef00b5\">\n<h3 class=\"wp-block-heading\">DGNB Navigator<\/h3>\n\n\n\n<p>Bauprodukte tragen ma\u00dfgeblich zur\u00a0<a href=\"https:\/\/www.elka-holzwerke.de\/ueber-elka\/umwelt-und-nachhaltigkeit\">Nachhaltigkeit\u00a0<\/a>eines Geb\u00e4udes bei. Durch ihre Umweltwirkung, wie Schadstoffemission oder Energieverbrauch bei Herstellung und Betrieb, ihre Lebenszykluskosten, die beispielsweise deutlich durch Inspektions- und Wartungskosten oder Reinigungsaufwand beeinflusst werden, und ihre Auswirkungen auf den Nutzerkomfort tragen sie ma\u00dfgeblich zur Gesamtperformance eines Geb\u00e4udes bei.\u00a0Mit dem DGNB Navigator haben wir ein einzigartiges Instrument entwickelt, das alle am Produktauswahlprozess Beteiligten \u2013 von Herstellern \u00fcber Architekten, Planer, Investoren und Handwerker bis hin zu Auditoren \u2013 unterst\u00fctzt und die erforderliche Transparenz der Informationen bereitstellt\u00a0<a href=\"http:\/\/www.dgnb-navigator.de\/\" target=\"_blank\" rel=\"noreferrer noopener\">[zum Navigator].<\/a><br\/><br\/>Im DGNB Navigator gelistete Produkte:<br\/><a href=\"https:\/\/dgnb-navigator.de\/Product\/Summary\/08b61750-6b09-4fd6-b014-bfa0d35ec8ca\" target=\"_blank\" rel=\"noreferrer noopener\"><strong>esb P5 Spanplatte<\/strong><\/a><strong>\u00a0 |\u00a0\u00a0<\/strong><a href=\"https:\/\/dgnb-navigator.de\/Product\/Summary\/d479b550-f4de-427a-a53c-0ccfc27d640b\" target=\"_blank\" rel=\"noreferrer noopener\"><strong>esb PLUS P5 Spanplatte<\/strong><\/a><strong>\u00a0\u00a0 |\u00a0\u00a0<\/strong><a href=\"https:\/\/dgnb-navigator.de\/Product\/Summary\/65b1fa1d-d546-4766-9e51-50890d8e1d66\" target=\"_blank\" rel=\"noreferrer noopener\"><strong>elka VITA Naturholzplatte<\/strong><\/a><\/p>\n<\/div>\n\n\n\n<div class=\"wp-block-uagb-container uagb-block-320038e2\">\n<div class=\"wp-block-uagb-image uagb-block-feca134b wp-block-uagb-image--layout-default wp-block-uagb-image--effect-static wp-block-uagb-image--align-none\"><figure class=\"wp-block-uagb-image__figure\"><img decoding=\"async\"  sizes=\"auto, (max-width: 480px) 150px\" src=\"https:\/\/www.elka-holzwerke.de\/wp-content\/uploads\/2024\/10\/dgnb-schatten.webp\" alt=\"\" width=\"348\" height=\"130\" title=\"\" loading=\"lazy\" role=\"img\"><\/figure><\/div>\n<\/div>\n<\/div><\/div>\n\n<div class=\"wp-block-uagb-container uagb-block-de40fd61 alignfull uagb-is-root-container\"><div class=\"uagb-container-inner-blocks-wrap\">\n<h2 class=\"wp-block-heading has-text-align-center\" style=\"margin-top:var(--wp--preset--spacing--50);margin-bottom:var(--wp--preset--spacing--50);padding-top:0;padding-bottom:0;font-size:2.5rem\">Get to know our branded products<\/h2>\n\n\n\n<div class=\"wp-block-uagb-container uagb-block-b1939231 alignfull uagb-is-root-container\"><div class=\"uagb-container-inner-blocks-wrap\">\n<div class=\"wp-block-uagb-container uagb-block-64fafc61\">\n<figure class=\"wp-block-image size-full\"><img loading=\"lazy\" decoding=\"async\" width=\"300\" height=\"225\" src=\"https:\/\/www.elka-holzwerke.de\/wp-content\/uploads\/2024\/09\/kachel-schnittholz.webp\" alt=\"\" class=\"wp-image-189\" style=\"box-shadow:none\"\/><\/figure>\n\n\n\n<h4 class=\"wp-block-heading has-text-align-center\" style=\"font-size:1.5rem\">Construction and sawn timber<\/h4>\n\n\n\n<div class=\"wp-block-buttons is-content-justification-center is-layout-flex wp-container-core-buttons-is-layout-a89b3969 wp-block-buttons-is-layout-flex\">\n<div class=\"wp-block-button\"><a class=\"wp-block-button__link wp-element-button\" href=\"https:\/\/www.elka-holzwerke.de\/en\/branded-products\/sawn-timber\/\" style=\"border-radius:0px\">more info<\/a><\/div>\n<\/div>\n<\/div>\n\n\n\n<div class=\"wp-block-uagb-container uagb-block-53e6ef8b\">\n<figure class=\"wp-block-image size-full\"><img loading=\"lazy\" decoding=\"async\" width=\"300\" height=\"225\" src=\"https:\/\/www.elka-holzwerke.de\/wp-content\/uploads\/2024\/09\/kachel-span.webp\" alt=\"\" class=\"wp-image-192\" style=\"box-shadow:none\"\/><\/figure>\n\n\n\n<h4 class=\"wp-block-heading has-text-align-center\" style=\"font-size:1.5rem\">Fresh wood &#8211;<br\/>Raw chipboard<\/h4>\n\n\n\n<div class=\"wp-block-buttons is-content-justification-center is-layout-flex wp-container-core-buttons-is-layout-a89b3969 wp-block-buttons-is-layout-flex\">\n<div class=\"wp-block-button\"><a class=\"wp-block-button__link wp-element-button\" href=\"https:\/\/www.elka-holzwerke.de\/en\/branded-products\/raw-chipboard\/\" style=\"border-radius:0px\">more info<\/a><\/div>\n<\/div>\n<\/div>\n\n\n\n<div class=\"wp-block-uagb-container uagb-block-889ffc0f\">\n<figure class=\"wp-block-image size-full\"><img loading=\"lazy\" decoding=\"async\" width=\"300\" height=\"225\" src=\"https:\/\/www.elka-holzwerke.de\/wp-content\/uploads\/2024\/09\/kachel-esb.webp\" alt=\"\" class=\"wp-image-190\" style=\"box-shadow:none\"\/><\/figure>\n\n\n\n<h4 class=\"wp-block-heading has-text-align-center\" style=\"font-size:1.5rem\">elka <br\/>Strong Board esb<\/h4>\n\n\n\n<div class=\"wp-block-buttons is-content-justification-center is-layout-flex wp-container-core-buttons-is-layout-a89b3969 wp-block-buttons-is-layout-flex\">\n<div class=\"wp-block-button\"><a class=\"wp-block-button__link wp-element-button\" href=\"https:\/\/www.elka-holzwerke.de\/en\/branded-products\/esb\/\" style=\"border-radius:0px\">more info<\/a><\/div>\n<\/div>\n<\/div>\n\n\n\n<div class=\"wp-block-uagb-container uagb-block-51cad37b\">\n<figure class=\"wp-block-image size-full\"><img loading=\"lazy\" decoding=\"async\" width=\"300\" height=\"225\" src=\"https:\/\/www.elka-holzwerke.de\/wp-content\/uploads\/2024\/09\/kachel-vita.webp\" alt=\"\" class=\"wp-image-191\" style=\"box-shadow:none\"\/><\/figure>\n\n\n\n<h4 class=\"wp-block-heading has-text-align-center\" style=\"font-size:1.5rem\">vita <br\/>Natural wood panels<\/h4>\n\n\n\n<div class=\"wp-block-buttons is-content-justification-center is-layout-flex wp-container-core-buttons-is-layout-a89b3969 wp-block-buttons-is-layout-flex\">\n<div class=\"wp-block-button\"><a class=\"wp-block-button__link wp-element-button\" href=\"https:\/\/www.elka-holzwerke.de\/en\/branded-products\/natural-wood-panel-vita\/\" style=\"border-radius:0px\">more info<\/a><\/div>\n<\/div>\n<\/div>\n<\/div><\/div>\n<\/div><\/div>\n","protected":false},"excerpt":{"rendered":"<p>Protect the most valuable thing you have Healthy living Sustainability becomes the new lifestyle Ein nachhaltiges Einkaufsverhalten spielt bei Konsumenten [&hellip;]<\/p>\n","protected":false},"author":1,"featured_media":0,"parent":3116,"menu_order":7,"comment_status":"closed","ping_status":"closed","template":"","meta":{"_acf_changed":false,"_uag_custom_page_level_css":"","site-sidebar-layout":"default","site-content-layout":"","ast-site-content-layout":"","site-content-style":"default","site-sidebar-style":"default","ast-global-header-display":"","ast-banner-title-visibility":"","ast-main-header-display":"","ast-hfb-above-header-display":"","ast-hfb-below-header-display":"","ast-hfb-mobile-header-display":"","site-post-title":"disabled","ast-breadcrumbs-content":"","ast-featured-img":"","footer-sml-layout":"","ast-disable-related-posts":"","theme-transparent-header-meta":"","adv-header-id-meta":"","stick-header-meta":"","header-above-stick-meta":"","header-main-stick-meta":"","header-below-stick-meta":"","astra-migrate-meta-layouts":"default","ast-page-background-enabled":"default","ast-page-background-meta":{"desktop":{"background-color":"var(--ast-global-color-4)","background-image":"","background-repeat":"repeat","background-position":"center center","background-size":"auto","background-attachment":"scroll","background-type":"","background-media":"","overlay-type":"","overlay-color":"","overlay-opacity":"","overlay-gradient":""},"tablet":{"background-color":"","background-image":"","background-repeat":"repeat","background-position":"center center","background-size":"auto","background-attachment":"scroll","background-type":"","background-media":"","overlay-type":"","overlay-color":"","overlay-opacity":"","overlay-gradient":""},"mobile":{"background-color":"","background-image":"","background-repeat":"repeat","background-position":"center center","background-size":"auto","background-attachment":"scroll","background-type":"","background-media":"","overlay-type":"","overlay-color":"","overlay-opacity":"","overlay-gradient":""}},"ast-content-background-meta":{"desktop":{"background-color":"var(--ast-global-color-5)","background-image":"","background-repeat":"repeat","background-position":"center center","background-size":"auto","background-attachment":"scroll","background-type":"","background-media":"","overlay-type":"","overlay-color":"","overlay-opacity":"","overlay-gradient":""},"tablet":{"background-color":"var(--ast-global-color-5)","background-image":"","background-repeat":"repeat","background-position":"center center","background-size":"auto","background-attachment":"scroll","background-type":"","background-media":"","overlay-type":"","overlay-color":"","overlay-opacity":"","overlay-gradient":""},"mobile":{"background-color":"var(--ast-global-color-5)","background-image":"","background-repeat":"repeat","background-position":"center center","background-size":"auto","background-attachment":"scroll","background-type":"","background-media":"","overlay-type":"","overlay-color":"","overlay-opacity":"","overlay-gradient":""}},"footnotes":""},"class_list":["post-3109","page","type-page","status-publish","hentry"],"acf":[],"uagb_featured_image_src":{"full":false,"thumbnail":false,"medium":false,"medium_large":false,"large":false,"1536x1536":false,"2048x2048":false,"gform-image-choice-sm":false,"gform-image-choice-md":false,"gform-image-choice-lg":false},"uagb_author_info":{"display_name":"pixelarbeiter","author_link":"https:\/\/www.elka-holzwerke.de\/en\/author\/pixelarbeiter\/"},"uagb_comment_info":0,"uagb_excerpt":"Protect the most valuable thing you have Healthy living Sustainability becomes the new lifestyle Ein nachhaltiges Einkaufsverhalten spielt bei Konsumenten [&hellip;]","_links":{"self":[{"href":"https:\/\/www.elka-holzwerke.de\/en\/wp-json\/wp\/v2\/pages\/3109","targetHints":{"allow":["GET"]}}],"collection":[{"href":"https:\/\/www.elka-holzwerke.de\/en\/wp-json\/wp\/v2\/pages"}],"about":[{"href":"https:\/\/www.elka-holzwerke.de\/en\/wp-json\/wp\/v2\/types\/page"}],"author":[{"embeddable":true,"href":"https:\/\/www.elka-holzwerke.de\/en\/wp-json\/wp\/v2\/users\/1"}],"replies":[{"embeddable":true,"href":"https:\/\/www.elka-holzwerke.de\/en\/wp-json\/wp\/v2\/comments?post=3109"}],"version-history":[{"count":3,"href":"https:\/\/www.elka-holzwerke.de\/en\/wp-json\/wp\/v2\/pages\/3109\/revisions"}],"predecessor-version":[{"id":4228,"href":"https:\/\/www.elka-holzwerke.de\/en\/wp-json\/wp\/v2\/pages\/3109\/revisions\/4228"}],"up":[{"embeddable":true,"href":"https:\/\/www.elka-holzwerke.de\/en\/wp-json\/wp\/v2\/pages\/3116"}],"wp:attachment":[{"href":"https:\/\/www.elka-holzwerke.de\/en\/wp-json\/wp\/v2\/media?parent=3109"}],"curies":[{"name":"wp","href":"https:\/\/api.w.org\/{rel}","templated":true}]}}