{"id":3096,"date":"2024-09-29T11:59:16","date_gmt":"2024-09-29T09:59:16","guid":{"rendered":"https:\/\/www.elka-holzwerke.de\/contact\/"},"modified":"2025-05-29T12:52:59","modified_gmt":"2025-05-29T10:52:59","slug":"contact","status":"publish","type":"page","link":"https:\/\/www.elka-holzwerke.de\/fr\/contact\/","title":{"rendered":"Contact"},"content":{"rendered":"\n<div class=\"wp-block-uagb-container headercontainer uagb-block-061fac08 alignfull uagb-is-root-container\"><div class=\"uagb-container-inner-blocks-wrap\">\n<h2 class=\"wp-block-heading claim\">Personne \u00e0 contacter<\/h2>\n\n\n\n<h3 class=\"wp-block-heading headline\">Contact<\/h3>\n<\/div><\/div>\n\n<h2 class=\"wp-block-heading has-text-align-center\">Nos interlocuteurs se feront un plaisir de vous aider<\/h2>\n\n<p><br\/>N&rsquo;h\u00e9sitez pas \u00e0 nous contacter, nous serons ravis de vous conseiller !<\/p>\n\n<p>Veuillez noter que <strong>nous ne vendons nos produits que par l&rsquo;interm\u00e9diaire de revendeurs <\/strong>. <a href=\"https:\/\/www.elka-holzwerke.de\/markenprodukte\/esb\/esb-haendler\"><strong>le commerce sp\u00e9cialis\u00e9 <\/strong><\/a><strong>et \u00e0 l&rsquo;industrie, nous ne vendons pas aux particuliers<\/strong>.<\/p>\n\n<p><a href=\"https:\/\/www.elka-holzwerke.de\/markenprodukte\/esb\/esb-haendler\">Aller \u00e0 la recherche d&rsquo;un revendeur<\/a><\/p>\n\n<div class=\"wp-block-uagb-container uagb-block-b04a1c8e alignfull uagb-is-root-container\"><div class=\"uagb-container-inner-blocks-wrap\">\n<div class=\"wp-block-uagb-container uagb-block-5379bb0f\">\n<figure class=\"wp-block-image size-full\"><img loading=\"lazy\" decoding=\"async\" width=\"800\" height=\"600\" src=\"https:\/\/www.elka-holzwerke.de\/wp-content\/uploads\/2024\/10\/verwaltung.webp\" alt=\"\" class=\"wp-image-271\" style=\"box-shadow:none\" srcset=\"https:\/\/www.elka-holzwerke.de\/wp-content\/uploads\/2024\/10\/verwaltung.webp 800w, https:\/\/www.elka-holzwerke.de\/wp-content\/uploads\/2024\/10\/verwaltung-300x225.webp 300w, https:\/\/www.elka-holzwerke.de\/wp-content\/uploads\/2024\/10\/verwaltung-768x576.webp 768w\" sizes=\"auto, (max-width: 800px) 100vw, 800px\" \/><\/figure>\n<\/div>\n\n\n\n<div class=\"wp-block-uagb-container uagb-block-f546b5c4\">\n<h3 class=\"wp-block-heading\">Vous avez des questions sur notre gamme de produits ?<\/h3>\n\n\n\n<p>Nos conseillers client\u00e8le sont \u00e0 votre disposition pour vous aider par t\u00e9l\u00e9phone.<\/p>\n\n\n\n<p><a href=\"tel:+4965339560\"><strong>+49(0)6533 \/ 956-0<\/strong><\/a><\/p>\n\n\n\n<p>Ou envoyez votre demande par e-mail \u00e0<\/p>\n\n\n\n<p><a href=\"mailto:info@elka-holzwerke.de\"><strong>info@elka-holzwerke.de<\/strong><\/a><\/p>\n\n\n\n<p><a href=\"https:\/\/maps.app.goo.gl\/Qg3rSAYFQAvNCMiu9\" target=\"_blank\" rel=\"noreferrer noopener\">elka-Holzwerke GmbH<\/a><br\/><a href=\"https:\/\/maps.app.goo.gl\/Qg3rSAYFQAvNCMiu9\" target=\"_blank\" rel=\"noreferrer noopener\">Hochwaldstrasse 44<\/a><br\/><a href=\"https:\/\/maps.app.goo.gl\/Qg3rSAYFQAvNCMiu9\" target=\"_blank\" rel=\"noreferrer noopener\">54497 Morbach<\/a><\/p>\n<\/div>\n<\/div><\/div>\n\n<p><\/p>\n","protected":false},"excerpt":{"rendered":"<p>Personne \u00e0 contacter Contact Nos interlocuteurs se feront un plaisir de vous aider N&rsquo;h\u00e9sitez pas \u00e0 nous contacter, nous serons [&hellip;]<\/p>\n","protected":false},"author":1,"featured_media":0,"parent":0,"menu_order":3,"comment_status":"closed","ping_status":"closed","template":"","meta":{"_acf_changed":false,"_uag_custom_page_level_css":"","site-sidebar-layout":"default","site-content-layout":"","ast-site-content-layout":"default","site-content-style":"default","site-sidebar-style":"default","ast-global-header-display":"","ast-banner-title-visibility":"","ast-main-header-display":"","ast-hfb-above-header-display":"","ast-hfb-below-header-display":"","ast-hfb-mobile-header-display":"","site-post-title":"disabled","ast-breadcrumbs-content":"","ast-featured-img":"","footer-sml-layout":"","ast-disable-related-posts":"","theme-transparent-header-meta":"","adv-header-id-meta":"","stick-header-meta":"","header-above-stick-meta":"","header-main-stick-meta":"","header-below-stick-meta":"","astra-migrate-meta-layouts":"default","ast-page-background-enabled":"default","ast-page-background-meta":{"desktop":{"background-color":"var(--ast-global-color-4)","background-image":"","background-repeat":"repeat","background-position":"center center","background-size":"auto","background-attachment":"scroll","background-type":"","background-media":"","overlay-type":"","overlay-color":"","overlay-opacity":"","overlay-gradient":""},"tablet":{"background-color":"","background-image":"","background-repeat":"repeat","background-position":"center center","background-size":"auto","background-attachment":"scroll","background-type":"","background-media":"","overlay-type":"","overlay-color":"","overlay-opacity":"","overlay-gradient":""},"mobile":{"background-color":"","background-image":"","background-repeat":"repeat","background-position":"center center","background-size":"auto","background-attachment":"scroll","background-type":"","background-media":"","overlay-type":"","overlay-color":"","overlay-opacity":"","overlay-gradient":""}},"ast-content-background-meta":{"desktop":{"background-color":"var(--ast-global-color-5)","background-image":"","background-repeat":"repeat","background-position":"center center","background-size":"auto","background-attachment":"scroll","background-type":"","background-media":"","overlay-type":"","overlay-color":"","overlay-opacity":"","overlay-gradient":""},"tablet":{"background-color":"var(--ast-global-color-5)","background-image":"","background-repeat":"repeat","background-position":"center center","background-size":"auto","background-attachment":"scroll","background-type":"","background-media":"","overlay-type":"","overlay-color":"","overlay-opacity":"","overlay-gradient":""},"mobile":{"background-color":"var(--ast-global-color-5)","background-image":"","background-repeat":"repeat","background-position":"center center","background-size":"auto","background-attachment":"scroll","background-type":"","background-media":"","overlay-type":"","overlay-color":"","overlay-opacity":"","overlay-gradient":""}},"footnotes":""},"class_list":["post-3096","page","type-page","status-publish","hentry"],"acf":[],"uagb_featured_image_src":{"full":false,"thumbnail":false,"medium":false,"medium_large":false,"large":false,"1536x1536":false,"2048x2048":false,"gform-image-choice-sm":false,"gform-image-choice-md":false,"gform-image-choice-lg":false},"uagb_author_info":{"display_name":"pixelarbeiter","author_link":"https:\/\/www.elka-holzwerke.de\/fr\/author\/pixelarbeiter\/"},"uagb_comment_info":0,"uagb_excerpt":"Personne \u00e0 contacter Contact Nos interlocuteurs se feront un plaisir de vous aider N&rsquo;h\u00e9sitez pas \u00e0 nous contacter, nous serons [&hellip;]","_links":{"self":[{"href":"https:\/\/www.elka-holzwerke.de\/fr\/wp-json\/wp\/v2\/pages\/3096","targetHints":{"allow":["GET"]}}],"collection":[{"href":"https:\/\/www.elka-holzwerke.de\/fr\/wp-json\/wp\/v2\/pages"}],"about":[{"href":"https:\/\/www.elka-holzwerke.de\/fr\/wp-json\/wp\/v2\/types\/page"}],"author":[{"embeddable":true,"href":"https:\/\/www.elka-holzwerke.de\/fr\/wp-json\/wp\/v2\/users\/1"}],"replies":[{"embeddable":true,"href":"https:\/\/www.elka-holzwerke.de\/fr\/wp-json\/wp\/v2\/comments?post=3096"}],"version-history":[{"count":1,"href":"https:\/\/www.elka-holzwerke.de\/fr\/wp-json\/wp\/v2\/pages\/3096\/revisions"}],"predecessor-version":[{"id":3098,"href":"https:\/\/www.elka-holzwerke.de\/fr\/wp-json\/wp\/v2\/pages\/3096\/revisions\/3098"}],"wp:attachment":[{"href":"https:\/\/www.elka-holzwerke.de\/fr\/wp-json\/wp\/v2\/media?parent=3096"}],"curies":[{"name":"wp","href":"https:\/\/api.w.org\/{rel}","templated":true}]}}