{"id":3111,"date":"2024-09-29T11:59:16","date_gmt":"2024-09-29T09:59:16","guid":{"rendered":"https:\/\/www.elka-holzwerke.de\/produits-de-marque\/"},"modified":"2025-11-18T06:56:26","modified_gmt":"2025-11-18T05:56:26","slug":"produits-de-marque","status":"publish","type":"page","link":"https:\/\/www.elka-holzwerke.de\/fr\/produits-de-marque\/","title":{"rendered":"Produits de marque"},"content":{"rendered":"\n<div class=\"wp-block-uagb-container headercontainer uagb-block-061fac08 alignfull uagb-is-root-container\"><div class=\"uagb-container-inner-blocks-wrap\">\n<h2 class=\"wp-block-heading claim\">Produits de la marque<\/h2>\n\n\n\n<h3 class=\"wp-block-heading headline\">elka\u00ae<\/h3>\n<\/div><\/div>\n\n\n\n<div class=\"wp-block-uagb-container uagb-block-6789f2f7 alignfull uagb-is-root-container\"><div class=\"uagb-container-inner-blocks-wrap\">\n<h2 class=\"wp-block-heading has-text-align-left\" style=\"margin-top:var(--wp--preset--spacing--50);margin-bottom:var(--wp--preset--spacing--50);padding-top:0;padding-bottom:0;font-size:2.5rem\"><strong>Notre gamme de produits fabriqu\u00e9s de mani\u00e8re durable<\/strong><\/h2>\n\n\n\n<h4 class=\"wp-block-heading has-text-align-left\" style=\"margin-top:0;margin-bottom:0\">La perfection du bois de sciage et des mat\u00e9riaux \u00e0 base de bois, depuis 1906<\/h4>\n<\/div><\/div>\n\n\n\n<div class=\"wp-block-uagb-container uagb-block-dab83cf5 alignfull uagb-is-root-container\"><div class=\"uagb-container-inner-blocks-wrap\">\n<div class=\"wp-block-uagb-container uagb-block-876e62f9\">\n<figure class=\"wp-block-image aligncenter size-full\"><a href=\"https:\/\/www.elka-holzwerke.de\/fr\/produits-de-marque\/bois-de-sciage\/\"><img decoding=\"async\" src=\"https:\/\/www.elka-holzwerke.de\/wp-content\/uploads\/2025\/02\/kachel-schnittholz.webp\" alt=\"\" style=\"box-shadow:var(--wp--preset--shadow--natural)\"\/><\/a><figcaption class=\"wp-element-caption\">elka\u00ae bois de sciage<\/figcaption><\/figure>\n<\/div>\n\n\n\n<div class=\"wp-block-uagb-container uagb-block-0ca21265\">\n<figure class=\"wp-block-image aligncenter size-full\"><a href=\"https:\/\/www.elka-holzwerke.de\/fr\/produits-de-marque\/panneaux-de-particules-bruts\/\"><img loading=\"lazy\" decoding=\"async\" width=\"630\" height=\"473\" src=\"https:\/\/www.elka-holzwerke.de\/wp-content\/uploads\/2025\/02\/kachel-span.webp\" alt=\"\" class=\"wp-image-2535\" style=\"box-shadow:var(--wp--preset--shadow--natural)\" srcset=\"https:\/\/www.elka-holzwerke.de\/wp-content\/uploads\/2025\/02\/kachel-span.webp 630w, https:\/\/www.elka-holzwerke.de\/wp-content\/uploads\/2025\/02\/kachel-span-300x225.webp 300w\" sizes=\"auto, (max-width: 630px) 100vw, 630px\" \/><\/a><figcaption class=\"wp-element-caption\">elka\u00ae Panneaux d&rsquo;agglom\u00e9r\u00e9<\/figcaption><\/figure>\n<\/div>\n\n\n\n<div class=\"wp-block-uagb-container uagb-block-feb125f8\">\n<figure class=\"wp-block-image aligncenter size-full\"><a href=\"https:\/\/www.elka-holzwerke.de\/fr\/produits-de-marque\/esb-elka-strong-board\/\"><img loading=\"lazy\" decoding=\"async\" width=\"630\" height=\"473\" src=\"https:\/\/www.elka-holzwerke.de\/wp-content\/uploads\/2025\/02\/kachel-esb.webp\" alt=\"\" class=\"wp-image-2532\" style=\"box-shadow:var(--wp--preset--shadow--natural)\" srcset=\"https:\/\/www.elka-holzwerke.de\/wp-content\/uploads\/2025\/02\/kachel-esb.webp 630w, https:\/\/www.elka-holzwerke.de\/wp-content\/uploads\/2025\/02\/kachel-esb-300x225.webp 300w\" sizes=\"auto, (max-width: 630px) 100vw, 630px\" \/><\/a><figcaption class=\"wp-element-caption\">elka\u00ae Strong Board esb<\/figcaption><\/figure>\n<\/div>\n\n\n\n<div class=\"wp-block-uagb-container uagb-block-e03a76ca\">\n<figure class=\"wp-block-image aligncenter size-full\"><a href=\"https:\/\/www.elka-holzwerke.de\/fr\/produits-de-marque\/panneaux-en-3-plis-vita\/\"><img loading=\"lazy\" decoding=\"async\" width=\"630\" height=\"473\" src=\"https:\/\/www.elka-holzwerke.de\/wp-content\/uploads\/2025\/02\/kachel-vita.webp\" alt=\"\" class=\"wp-image-2538\" style=\"box-shadow:var(--wp--preset--shadow--natural)\" srcset=\"https:\/\/www.elka-holzwerke.de\/wp-content\/uploads\/2025\/02\/kachel-vita.webp 630w, https:\/\/www.elka-holzwerke.de\/wp-content\/uploads\/2025\/02\/kachel-vita-300x225.webp 300w\" sizes=\"auto, (max-width: 630px) 100vw, 630px\" \/><\/a><figcaption class=\"wp-element-caption\">elka\u00ae Panneau de bois naturel VITA<\/figcaption><\/figure>\n<\/div>\n<\/div><\/div>\n\n\n\n<div class=\"wp-block-columns is-layout-flex wp-container-core-columns-is-layout-28f84493 wp-block-columns-is-layout-flex\">\n<div class=\"wp-block-column is-layout-flow wp-block-column-is-layout-flow\">\n<h2 class=\"wp-block-heading has-text-align-center\">Nous misons sur la durabilit\u00e9<\/h2>\n\n\n\n<p>Pour toute notre gamme, nous ne traitons que les bois locaux d\u2019\u00e9pic\u00e9a et de sapin de Douglas. Tout au long de notre production, nous suivons des principes \u00e9cologiques. Nous nous approvisionnons en bois brut aupr\u00e8s de fournisseurs qui s\u2019engagent \u00e0 respecter les principes de durabilit\u00e9 de la certification foresti\u00e8re paneurop\u00e9enne (PEFC). En avril 2021, la gamme innovante de produits esb d\u2019elka a \u00e9t\u00e9 la premi\u00e8re sur le march\u00e9 allemand \u00e0 \u00eatre certifi\u00e9e climatiquement neutre. Depuis ao\u00fbt 2021, l\u2019ensemble de l\u2019entreprise est certifi\u00e9e climatiquement neutre et les \u00e9missions de CO2 actuellement in\u00e9vitables ont \u00e9t\u00e9 compens\u00e9es par un financement cibl\u00e9 de projets respectueux du climat.<\/p>\n\n\n\n<div class=\"wp-block-buttons is-content-justification-center is-layout-flex wp-container-core-buttons-is-layout-a89b3969 wp-block-buttons-is-layout-flex\">\n<div class=\"wp-block-button\"><a class=\"wp-block-button__link wp-element-button\" href=\"https:\/\/www.elka-holzwerke.de\/fr\/a-propos-de-elka\/environnement-et-developpement-durable\/\">En savoir plus sur la durabilit\u00e9<\/a><\/div>\n<\/div>\n<\/div>\n\n\n\n<div class=\"wp-block-column is-layout-flow wp-block-column-is-layout-flow\">\n<figure class=\"wp-block-image aligncenter size-full\"><img loading=\"lazy\" decoding=\"async\" width=\"525\" height=\"350\" src=\"https:\/\/www.elka-holzwerke.de\/wp-content\/uploads\/2025\/02\/klimaneurales_unternehmen.webp\" alt=\"\" class=\"wp-image-2432\" srcset=\"https:\/\/www.elka-holzwerke.de\/wp-content\/uploads\/2025\/02\/klimaneurales_unternehmen.webp 525w, https:\/\/www.elka-holzwerke.de\/wp-content\/uploads\/2025\/02\/klimaneurales_unternehmen-300x200.webp 300w\" sizes=\"auto, (max-width: 525px) 100vw, 525px\" \/><\/figure>\n<\/div>\n<\/div>\n\n\n\n<p><\/p>\n","protected":false},"excerpt":{"rendered":"<p>Produits de la marque elka\u00ae Notre gamme de produits fabriqu\u00e9s de mani\u00e8re durable La perfection du bois de sciage et [&hellip;]<\/p>\n","protected":false},"author":1,"featured_media":0,"parent":0,"menu_order":11,"comment_status":"closed","ping_status":"closed","template":"","meta":{"_acf_changed":false,"_uag_custom_page_level_css":"","site-sidebar-layout":"default","site-content-layout":"","ast-site-content-layout":"","site-content-style":"default","site-sidebar-style":"default","ast-global-header-display":"","ast-banner-title-visibility":"","ast-main-header-display":"","ast-hfb-above-header-display":"","ast-hfb-below-header-display":"","ast-hfb-mobile-header-display":"","site-post-title":"disabled","ast-breadcrumbs-content":"","ast-featured-img":"","footer-sml-layout":"","ast-disable-related-posts":"","theme-transparent-header-meta":"","adv-header-id-meta":"","stick-header-meta":"","header-above-stick-meta":"","header-main-stick-meta":"","header-below-stick-meta":"","astra-migrate-meta-layouts":"default","ast-page-background-enabled":"default","ast-page-background-meta":{"desktop":{"background-color":"var(--ast-global-color-4)","background-image":"","background-repeat":"repeat","background-position":"center center","background-size":"auto","background-attachment":"scroll","background-type":"","background-media":"","overlay-type":"","overlay-color":"","overlay-opacity":"","overlay-gradient":""},"tablet":{"background-color":"","background-image":"","background-repeat":"repeat","background-position":"center center","background-size":"auto","background-attachment":"scroll","background-type":"","background-media":"","overlay-type":"","overlay-color":"","overlay-opacity":"","overlay-gradient":""},"mobile":{"background-color":"","background-image":"","background-repeat":"repeat","background-position":"center center","background-size":"auto","background-attachment":"scroll","background-type":"","background-media":"","overlay-type":"","overlay-color":"","overlay-opacity":"","overlay-gradient":""}},"ast-content-background-meta":{"desktop":{"background-color":"var(--ast-global-color-5)","background-image":"","background-repeat":"repeat","background-position":"center center","background-size":"auto","background-attachment":"scroll","background-type":"","background-media":"","overlay-type":"","overlay-color":"","overlay-opacity":"","overlay-gradient":""},"tablet":{"background-color":"var(--ast-global-color-5)","background-image":"","background-repeat":"repeat","background-position":"center center","background-size":"auto","background-attachment":"scroll","background-type":"","background-media":"","overlay-type":"","overlay-color":"","overlay-opacity":"","overlay-gradient":""},"mobile":{"background-color":"var(--ast-global-color-5)","background-image":"","background-repeat":"repeat","background-position":"center center","background-size":"auto","background-attachment":"scroll","background-type":"","background-media":"","overlay-type":"","overlay-color":"","overlay-opacity":"","overlay-gradient":""}},"footnotes":""},"class_list":["post-3111","page","type-page","status-publish","hentry"],"acf":[],"uagb_featured_image_src":{"full":false,"thumbnail":false,"medium":false,"medium_large":false,"large":false,"1536x1536":false,"2048x2048":false,"gform-image-choice-sm":false,"gform-image-choice-md":false,"gform-image-choice-lg":false},"uagb_author_info":{"display_name":"pixelarbeiter","author_link":"https:\/\/www.elka-holzwerke.de\/fr\/author\/pixelarbeiter\/"},"uagb_comment_info":0,"uagb_excerpt":"Produits de la marque elka\u00ae Notre gamme de produits fabriqu\u00e9s de mani\u00e8re durable La perfection du bois de sciage et [&hellip;]","_links":{"self":[{"href":"https:\/\/www.elka-holzwerke.de\/fr\/wp-json\/wp\/v2\/pages\/3111","targetHints":{"allow":["GET"]}}],"collection":[{"href":"https:\/\/www.elka-holzwerke.de\/fr\/wp-json\/wp\/v2\/pages"}],"about":[{"href":"https:\/\/www.elka-holzwerke.de\/fr\/wp-json\/wp\/v2\/types\/page"}],"author":[{"embeddable":true,"href":"https:\/\/www.elka-holzwerke.de\/fr\/wp-json\/wp\/v2\/users\/1"}],"replies":[{"embeddable":true,"href":"https:\/\/www.elka-holzwerke.de\/fr\/wp-json\/wp\/v2\/comments?post=3111"}],"version-history":[{"count":7,"href":"https:\/\/www.elka-holzwerke.de\/fr\/wp-json\/wp\/v2\/pages\/3111\/revisions"}],"predecessor-version":[{"id":3875,"href":"https:\/\/www.elka-holzwerke.de\/fr\/wp-json\/wp\/v2\/pages\/3111\/revisions\/3875"}],"wp:attachment":[{"href":"https:\/\/www.elka-holzwerke.de\/fr\/wp-json\/wp\/v2\/media?parent=3111"}],"curies":[{"name":"wp","href":"https:\/\/api.w.org\/{rel}","templated":true}]}}