{"id":3112,"date":"2024-09-29T11:59:16","date_gmt":"2024-09-29T09:59:16","guid":{"rendered":"https:\/\/www.elka-holzwerke.de\/environnement-et-developpement-durable\/systeme-de-gestion-de-lenergie\/"},"modified":"2025-11-17T21:12:53","modified_gmt":"2025-11-17T20:12:53","slug":"systeme-de-gestion-de-lenergie","status":"publish","type":"page","link":"https:\/\/www.elka-holzwerke.de\/fr\/notre-entreprise\/environnement-et-durabilite\/systeme-de-gestion-de-lenergie\/","title":{"rendered":"Syst\u00e8me de gestion de l&rsquo;\u00e9nergie"},"content":{"rendered":"\n<div class=\"wp-block-uagb-container headercontainer uagb-block-061fac08 alignfull uagb-is-root-container\"><div class=\"uagb-container-inner-blocks-wrap\">\n<h2 class=\"wp-block-heading claim\">Pour une utilisation responsable des ressources<\/h2>\n\n\n\n<h3 class=\"wp-block-heading headline\">Rendement \u00e9nerg\u00e9tique<\/h3>\n<\/div><\/div>\n\n\n\n<div class=\"wp-block-uagb-container uagb-block-67e943b5 alignfull uagb-is-root-container\"><div class=\"uagb-container-inner-blocks-wrap\">\n<h2 class=\"wp-block-heading has-text-align-center\">Politique \u00e9nerg\u00e9tique d&rsquo;elka-Holzwerke GmbH<br>selon la norme DIN EN ISO 50001:2018<\/h2>\n<\/div><\/div>\n\n\n\n<div class=\"wp-block-uagb-container uagb-block-9ee916e3 alignfull uagb-is-root-container\"><div class=\"uagb-container-inner-blocks-wrap\">\n<div class=\"wp-block-uagb-container uagb-block-6570a129\">\n<p>Nous nous effor\u00e7ons de trouver des solutions fiables, rentables, respectueuses de l\u2019environnement et \u00e9conomes en \u00e9nergie pour nos produits et leur fabrication. Nous impliquons nos fournisseurs et partenaires contractuels dans cet objectif.<\/p>\n\n\n\n<p>L&rsquo;ensemble des exigences, lois et r\u00e8glements officiels doit toujours \u00eatre respect\u00e9&nbsp;; En interne, nous suivons des normes strictes et nous nous fondons sur l&rsquo;\u00e9tat actuel de la technique pour toutes nos mesures de protection de l\u2019environnement et de gestion de l\u2019\u00e9nergie.<\/p>\n\n\n\n<p>Nous r\u00e9duisons durablement notre consommation \u00e9nerg\u00e9tique, utilisons l\u2019\u00e9nergie avec parcimonie et augmentons notre efficacit\u00e9 \u00e9nerg\u00e9tique dans une d\u00e9marche d\u2019am\u00e9lioration continue. Ceci s\u2019applique \u00e0 toutes les activit\u00e9s de l\u2019entreprise qui peuvent avoir un impact direct ou indirect sur la performance \u00e9nerg\u00e9tique. Ainsi, tout ce qui est inutile, comme par exemple les temps d\u2019arr\u00eat ou les performances r\u00e9duites des machines, les op\u00e9rations suppl\u00e9mentaires, la production de d\u00e9chets, etc. fait l\u2019objet du syst\u00e8me de gestion de l\u2019\u00e9nergie.<\/p>\n\n\n\n<p>Pour atteindre ces objectifs, nous introduisons un syst\u00e8me de gestion de l\u2019\u00e9nergie conforme \u00e0 la norme DIN EN ISO 50001:2018. Nous le v\u00e9rifions, l&rsquo;\u00e9valuons et l&rsquo;am\u00e9liorons selon les besoins. En outre, nous v\u00e9rifions r\u00e9guli\u00e8rement que les conditions financi\u00e8res et structurelles n\u00e9cessaires sont assur\u00e9es.<\/p>\n\n\n\n<p>La gestion de l\u2019\u00e9nergie exige des employ\u00e9s responsables \u00e0 tous les niveaux qui participent activement et r\u00e9fl\u00e9chissent \u00e0 la mise en \u0153uvre de ces principes. Ils sont soutenus dans cette t\u00e2che par une formation initiale et une formation continue appropri\u00e9es.<\/p>\n<\/div>\n\n\n\n<div class=\"wp-block-uagb-container uagb-block-fd4d9562\">\n<div class=\"wp-block-uagb-image uagb-block-2959db9f wp-block-uagb-image--layout-default wp-block-uagb-image--effect-static wp-block-uagb-image--align-none\"><figure class=\"wp-block-uagb-image__figure\"><img decoding=\"async\"  sizes=\"auto, (max-width: 480px) 150px\" src=\"https:\/\/www.elka-holzwerke.de\/wp-content\/uploads\/2024\/10\/iso-50001_02.webp\" alt=\"\" width=\"214\" height=\"214\" title=\"\" loading=\"lazy\" role=\"img\"\/><\/figure><\/div>\n\n\n\n<div class=\"wp-block-uagb-image uagb-block-eba405cd wp-block-uagb-image--layout-default wp-block-uagb-image--effect-static wp-block-uagb-image--align-none\"><figure class=\"wp-block-uagb-image__figure\"><a class=\"\" href=\"https:\/\/www.elka-holzwerke.de\/wp-content\/uploads\/2024\/10\/Zertifikat-Energiemanagement-ISO-50001_2018.pdf\" target=\"\" rel=\"noopener\"><img decoding=\"async\"  sizes=\"auto, (max-width: 480px) 150px\" src=\"https:\/\/www.elka-holzwerke.de\/wp-content\/uploads\/2024\/10\/download-iso-zertifikat.webp\" alt=\"\" width=\"227\" height=\"227\" title=\"\" loading=\"lazy\" role=\"img\"\/><\/a><\/figure><\/div>\n<\/div>\n<\/div><\/div>\n\n\n\n<div class=\"wp-block-uagb-container uagb-block-b1939231 alignfull uagb-is-root-container\"><div class=\"uagb-container-inner-blocks-wrap\">\n<div class=\"wp-block-uagb-container uagb-block-64fafc61\">\n<figure class=\"wp-block-image size-full\"><img loading=\"lazy\" decoding=\"async\" width=\"300\" height=\"225\" src=\"https:\/\/www.elka-holzwerke.de\/wp-content\/uploads\/2024\/09\/kachel-schnittholz.webp\" alt=\"\" class=\"wp-image-189\" style=\"box-shadow:none\"\/><\/figure>\n\n\n\n<h4 class=\"wp-block-heading has-text-align-center\" style=\"font-size:1.5rem\">elka bois de sciage<\/h4>\n\n\n\n<div class=\"wp-block-buttons is-content-justification-center is-layout-flex wp-container-core-buttons-is-layout-a89b3969 wp-block-buttons-is-layout-flex\">\n<div class=\"wp-block-button\"><a class=\"wp-block-button__link wp-element-button\" href=\"https:\/\/www.elka-holzwerke.de\/fr\/produits-de-marque\/bois-de-sciage\/\" style=\"border-radius:0px\">Plus d&rsquo;informations<\/a><\/div>\n<\/div>\n<\/div>\n\n\n\n<div class=\"wp-block-uagb-container uagb-block-53e6ef8b\">\n<figure class=\"wp-block-image size-full\"><img loading=\"lazy\" decoding=\"async\" width=\"300\" height=\"225\" src=\"https:\/\/www.elka-holzwerke.de\/wp-content\/uploads\/2024\/09\/kachel-span.webp\" alt=\"\" class=\"wp-image-192\" style=\"box-shadow:none\"\/><\/figure>\n\n\n\n<h4 class=\"wp-block-heading has-text-align-center\" style=\"font-size:1.5rem\">Panneau de particules<\/h4>\n\n\n\n<div class=\"wp-block-buttons is-content-justification-center is-layout-flex wp-container-core-buttons-is-layout-a89b3969 wp-block-buttons-is-layout-flex\">\n<div class=\"wp-block-button\"><a class=\"wp-block-button__link wp-element-button\" href=\"https:\/\/www.elka-holzwerke.de\/fr\/produits-de-marque\/panneaux-de-particules-bruts\/\" style=\"border-radius:0px\">Plus d&rsquo;informations<\/a><\/div>\n<\/div>\n<\/div>\n\n\n\n<div class=\"wp-block-uagb-container uagb-block-889ffc0f\">\n<figure class=\"wp-block-image size-full\"><img loading=\"lazy\" decoding=\"async\" width=\"300\" height=\"225\" src=\"https:\/\/www.elka-holzwerke.de\/wp-content\/uploads\/2024\/09\/kachel-esb.webp\" alt=\"\" class=\"wp-image-190\" style=\"box-shadow:none\"\/><\/figure>\n\n\n\n<h4 class=\"wp-block-heading has-text-align-center\" style=\"font-size:1.5rem\">esb (elka strong board)&nbsp;<\/h4>\n\n\n\n<div class=\"wp-block-buttons is-content-justification-center is-layout-flex wp-container-core-buttons-is-layout-a89b3969 wp-block-buttons-is-layout-flex\">\n<div class=\"wp-block-button\"><a class=\"wp-block-button__link wp-element-button\" href=\"https:\/\/www.elka-holzwerke.de\/fr\/produits-de-marque\/esb\/\" style=\"border-radius:0px\">Plus d&rsquo;informations<\/a><\/div>\n<\/div>\n<\/div>\n\n\n\n<div class=\"wp-block-uagb-container uagb-block-51cad37b\">\n<figure class=\"wp-block-image size-full\"><img loading=\"lazy\" decoding=\"async\" width=\"300\" height=\"225\" src=\"https:\/\/www.elka-holzwerke.de\/wp-content\/uploads\/2024\/09\/kachel-vita.webp\" alt=\"\" class=\"wp-image-191\" style=\"box-shadow:none\"\/><\/figure>\n\n\n\n<h4 class=\"wp-block-heading has-text-align-center\" style=\"font-size:1.5rem\">Panneaux en bois naturel<\/h4>\n\n\n\n<div class=\"wp-block-buttons is-content-justification-center is-layout-flex wp-container-core-buttons-is-layout-a89b3969 wp-block-buttons-is-layout-flex\">\n<div class=\"wp-block-button\"><a class=\"wp-block-button__link wp-element-button\" href=\"https:\/\/www.elka-holzwerke.de\/fr\/produits-de-marque\/panneau-en-bois-naturel-vita\/\" style=\"border-radius:0px\">Plus d&rsquo;informations<\/a><\/div>\n<\/div>\n<\/div>\n<\/div><\/div>\n\n\n\n<p><\/p>\n","protected":false},"excerpt":{"rendered":"<p>Pour une utilisation responsable des ressources Rendement \u00e9nerg\u00e9tique Politique \u00e9nerg\u00e9tique d&rsquo;elka-Holzwerke GmbHselon la norme DIN EN ISO 50001:2018 Nous nous [&hellip;]<\/p>\n","protected":false},"author":1,"featured_media":0,"parent":3103,"menu_order":8,"comment_status":"closed","ping_status":"closed","template":"","meta":{"_acf_changed":false,"_uag_custom_page_level_css":"","site-sidebar-layout":"default","site-content-layout":"","ast-site-content-layout":"","site-content-style":"default","site-sidebar-style":"default","ast-global-header-display":"","ast-banner-title-visibility":"","ast-main-header-display":"","ast-hfb-above-header-display":"","ast-hfb-below-header-display":"","ast-hfb-mobile-header-display":"","site-post-title":"disabled","ast-breadcrumbs-content":"","ast-featured-img":"","footer-sml-layout":"","ast-disable-related-posts":"","theme-transparent-header-meta":"","adv-header-id-meta":"","stick-header-meta":"","header-above-stick-meta":"","header-main-stick-meta":"","header-below-stick-meta":"","astra-migrate-meta-layouts":"default","ast-page-background-enabled":"default","ast-page-background-meta":{"desktop":{"background-color":"var(--ast-global-color-4)","background-image":"","background-repeat":"repeat","background-position":"center center","background-size":"auto","background-attachment":"scroll","background-type":"","background-media":"","overlay-type":"","overlay-color":"","overlay-opacity":"","overlay-gradient":""},"tablet":{"background-color":"","background-image":"","background-repeat":"repeat","background-position":"center center","background-size":"auto","background-attachment":"scroll","background-type":"","background-media":"","overlay-type":"","overlay-color":"","overlay-opacity":"","overlay-gradient":""},"mobile":{"background-color":"","background-image":"","background-repeat":"repeat","background-position":"center center","background-size":"auto","background-attachment":"scroll","background-type":"","background-media":"","overlay-type":"","overlay-color":"","overlay-opacity":"","overlay-gradient":""}},"ast-content-background-meta":{"desktop":{"background-color":"var(--ast-global-color-5)","background-image":"","background-repeat":"repeat","background-position":"center center","background-size":"auto","background-attachment":"scroll","background-type":"","background-media":"","overlay-type":"","overlay-color":"","overlay-opacity":"","overlay-gradient":""},"tablet":{"background-color":"var(--ast-global-color-5)","background-image":"","background-repeat":"repeat","background-position":"center center","background-size":"auto","background-attachment":"scroll","background-type":"","background-media":"","overlay-type":"","overlay-color":"","overlay-opacity":"","overlay-gradient":""},"mobile":{"background-color":"var(--ast-global-color-5)","background-image":"","background-repeat":"repeat","background-position":"center center","background-size":"auto","background-attachment":"scroll","background-type":"","background-media":"","overlay-type":"","overlay-color":"","overlay-opacity":"","overlay-gradient":""}},"footnotes":""},"class_list":["post-3112","page","type-page","status-publish","hentry"],"acf":[],"uagb_featured_image_src":{"full":false,"thumbnail":false,"medium":false,"medium_large":false,"large":false,"1536x1536":false,"2048x2048":false,"gform-image-choice-sm":false,"gform-image-choice-md":false,"gform-image-choice-lg":false},"uagb_author_info":{"display_name":"pixelarbeiter","author_link":"https:\/\/www.elka-holzwerke.de\/fr\/author\/pixelarbeiter\/"},"uagb_comment_info":0,"uagb_excerpt":"Pour une utilisation responsable des ressources Rendement \u00e9nerg\u00e9tique Politique \u00e9nerg\u00e9tique d&rsquo;elka-Holzwerke GmbHselon la norme DIN EN ISO 50001:2018 Nous nous [&hellip;]","_links":{"self":[{"href":"https:\/\/www.elka-holzwerke.de\/fr\/wp-json\/wp\/v2\/pages\/3112","targetHints":{"allow":["GET"]}}],"collection":[{"href":"https:\/\/www.elka-holzwerke.de\/fr\/wp-json\/wp\/v2\/pages"}],"about":[{"href":"https:\/\/www.elka-holzwerke.de\/fr\/wp-json\/wp\/v2\/types\/page"}],"author":[{"embeddable":true,"href":"https:\/\/www.elka-holzwerke.de\/fr\/wp-json\/wp\/v2\/users\/1"}],"replies":[{"embeddable":true,"href":"https:\/\/www.elka-holzwerke.de\/fr\/wp-json\/wp\/v2\/comments?post=3112"}],"version-history":[{"count":4,"href":"https:\/\/www.elka-holzwerke.de\/fr\/wp-json\/wp\/v2\/pages\/3112\/revisions"}],"predecessor-version":[{"id":3813,"href":"https:\/\/www.elka-holzwerke.de\/fr\/wp-json\/wp\/v2\/pages\/3112\/revisions\/3813"}],"up":[{"embeddable":true,"href":"https:\/\/www.elka-holzwerke.de\/fr\/wp-json\/wp\/v2\/pages\/3103"}],"wp:attachment":[{"href":"https:\/\/www.elka-holzwerke.de\/fr\/wp-json\/wp\/v2\/media?parent=3112"}],"curies":[{"name":"wp","href":"https:\/\/api.w.org\/{rel}","templated":true}]}}