{"id":3123,"date":"2024-09-29T11:59:16","date_gmt":"2024-09-29T09:59:16","guid":{"rendered":"https:\/\/www.elka-holzwerke.de\/environnement-et-developpement-durable\/declarations-environnementales-de-produits\/"},"modified":"2025-12-28T16:03:02","modified_gmt":"2025-12-28T15:03:02","slug":"declaration-environnementales-de-produit","status":"publish","type":"page","link":"https:\/\/www.elka-holzwerke.de\/fr\/notre-entreprise\/environnement-et-durabilite\/declaration-environnementales-de-produit\/","title":{"rendered":"D\u00e9clarations environnementales de produits"},"content":{"rendered":"\n<div class=\"wp-block-uagb-container headercontainer uagb-block-061fac08 alignfull uagb-is-root-container\"><div class=\"uagb-container-inner-blocks-wrap\">\n<h2 class=\"wp-block-heading claim\">D\u00e9claration environnementale des produits<\/h2>\n\n\n\n<h3 class=\"wp-block-heading headline\">DEP<\/h3>\n<\/div><\/div>\n\n\n\n<div class=\"wp-block-uagb-container uagb-block-6789f2f7 alignfull uagb-is-root-container\"><div class=\"uagb-container-inner-blocks-wrap\">\n<h2 class=\"wp-block-heading has-text-align-center\" style=\"margin-top:var(--wp--preset--spacing--50);margin-bottom:var(--wp--preset--spacing--50);padding-top:0;padding-bottom:0;font-size:2.5rem\">D\u00e9claration environnementale des produits (DEP) pour nos panneaux d&rsquo;agglom\u00e9r\u00e9<br>et plaques esb, et analyse du cycle de vie pour notre panneau en bois naturel VITA<\/h2>\n<\/div><\/div>\n\n\n\n<div class=\"wp-block-uagb-container uagb-block-e0bb7846 alignfull uagb-is-root-container\"><div class=\"uagb-container-inner-blocks-wrap\">\n<div class=\"wp-block-uagb-container uagb-block-868b366b\">\n<p>En tant que membre de l\u2019association allemande de l&rsquo;industrie des mat\u00e9riaux en bois (VHI), nos panneaux de particules et nos panneaux ESB sont assortis d\u2019une d\u00e9claration de protection environnementale DEP. En collaboration avec l\u2019Institut de la construction et de l&rsquo;environnement (IBU), la VHI s\u2019engage en faveur de la construction durable. En collaboration avec ses membres, l&rsquo;association VHI a \u00e9labor\u00e9 des d\u00e9clarations environnementales (DEP) pour les diff\u00e9rents groupes de produits sous la forme d\u2019une association DEP.<\/p>\n\n\n<div class=\"lightweight-accordion bordered has-background\"><details><summary class=\"lightweight-accordion-title\" style=\"background:var(--ast-global-color-5);\"><span><strong>Qu\u2019est-ce qu\u2019une DEP ?<\/strong><\/span><\/summary><div class=\"lightweight-accordion-body\" style=\"border-color:var(--ast-global-color-5);\">\n\n<p>Une DEP est un document de plusieurs pages qui d\u00e9crit les impacts environnementaux des produits de construction sur la base d\u2019une analyse du cycle de vie avec des donn\u00e9es quantitatives. Elle est utilis\u00e9e pour \u00e9valuer la durabilit\u00e9 des b\u00e2timents. Elle est pr\u00e9par\u00e9e par le fabricant et test\u00e9e par des v\u00e9rificateurs ind\u00e9pendants de l&rsquo;IBU sur la base des normes ISO 14025 et EN 15804 avant d&rsquo;\u00eatre publi\u00e9e. Une DEP permet de fournir de la transparence au public sur l\u2019impact environnemental des produits.<\/p>\n\n<\/div><\/details><\/div>\n\n<div class=\"lightweight-accordion bordered has-background\"><details><summary class=\"lightweight-accordion-title\" style=\"background:var(--ast-global-color-5);\"><span><strong>\u00a0Quel est l\u2019avantage d\u2019une DEP ?<\/strong><\/span><\/summary><div class=\"lightweight-accordion-body\" style=\"border-color:var(--ast-global-color-5);\">\n\n<p>Une DEP fournit des informations cr\u00e9dibles et comparables sur la performance environnementale des produits. Par exemple, diff\u00e9rents groupes de produits peuvent \u00eatre compar\u00e9s les uns aux autres.<\/p>\n\n<\/div><\/details><\/div>\n\n<div class=\"lightweight-accordion bordered has-background\"><details><summary class=\"lightweight-accordion-title\" style=\"background:var(--ast-global-color-5);\"><span><strong>\u00c0 qui s&rsquo;adresse le DEP ?<\/strong><\/span><\/summary><div class=\"lightweight-accordion-body\" style=\"border-color:var(--ast-global-color-5);\">\n\n<p>Avec ses d\u00e9clarations sur les performances environnementales, la DEP s\u2019adresse \u00e0 de nombreux destinataires\u00a0: Planificateurs, architectes, entreprises de construction, soci\u00e9t\u00e9s immobili\u00e8res, gestionnaires d\u2019installations et, bien s\u00fbr, entreprises impliqu\u00e9es dans la cha\u00eene de valorisation, des mati\u00e8res premi\u00e8res aux b\u00e2timents avec production et services.<\/p>\n\n<\/div><\/details><\/div>\n\n<div class=\"lightweight-accordion bordered has-background\"><details><summary class=\"lightweight-accordion-title\" style=\"background:var(--ast-global-color-5);\"><span><strong>O\u00f9 la DEP est-elle requise ?<\/strong><\/span><\/summary><div class=\"lightweight-accordion-body\" style=\"border-color:var(--ast-global-color-5);\">\n\n<p>Les DEP jouent un r\u00f4le important dans la certification des b\u00e2timents durables. Les DEP aident \u00e0 rendre mesurables et comparables les impacts environnementaux d\u2019un b\u00e2timent. L\u2019impact environnemental positif d\u2019un b\u00e2timent affecte le prix, la valeur de revente et le rendement d\u2019une propri\u00e9t\u00e9. Par exemple, en 2014, les b\u00e2timents verts certifi\u00e9s repr\u00e9sentaient une part de 5,3 milliards d&rsquo;euros des immeubles commerciaux individuels (volume total de 27,9 milliards d&rsquo;euros).<\/p>\n\n<\/div><\/details><\/div>\n\n<div class=\"lightweight-accordion bordered has-background\"><details><summary class=\"lightweight-accordion-title\" style=\"background:var(--ast-global-color-5);\"><span><strong>\u00a0Quels sont les syst\u00e8mes de certification de durabilit\u00e9 les plus importants ?<\/strong><\/span><\/summary><div class=\"lightweight-accordion-body\" style=\"border-color:var(--ast-global-color-5);\">\n\n<p>Les syst\u00e8mes de certification suivants utilisent des DEP pour la certification des b\u00e2timents&nbsp;:<\/p>\n\n\n\n<p><strong>BNB&nbsp;<\/strong>: Syst\u00e8me d\u2019\u00e9valuation de la construction durable<\/p>\n\n\n\n<p><strong>DGNB&nbsp;<\/strong>: Conseil allemand pour la construction durable<\/p>\n\n\n\n<p><strong>BREEAM&nbsp;<\/strong>: M\u00e9thode d\u2019\u00e9valuation du comportement environnemental des b\u00e2timents<\/p>\n\n\n\n<p><strong>LEED&nbsp;<\/strong>: Leadership in Energy and Environmental Design<\/p>\n\n<\/div><\/details><\/div><\/div>\n\n\n\n<div class=\"wp-block-uagb-container uagb-block-b387e653\">\n<div class=\"wp-block-uagb-image uagb-block-2bb4e265 wp-block-uagb-image--layout-default wp-block-uagb-image--effect-static wp-block-uagb-image--align-none\"><figure class=\"wp-block-uagb-image__figure\"><img decoding=\"async\"  sizes=\"auto, (max-width: 480px) 150px\" src=\"https:\/\/www.elka-holzwerke.de\/wp-content\/uploads\/2024\/10\/vhiepd_02.webp\" alt=\"\" width=\"178\" height=\"151\" title=\"\" loading=\"lazy\" role=\"img\"\/><\/figure><\/div>\n\n\n\n<div class=\"wp-block-uagb-image uagb-block-c1ec6909 wp-block-uagb-image--layout-default wp-block-uagb-image--effect-static wp-block-uagb-image--align-none\"><figure class=\"wp-block-uagb-image__figure\"><img decoding=\"async\"  sizes=\"auto, (max-width: 480px) 150px\" src=\"https:\/\/www.elka-holzwerke.de\/wp-content\/uploads\/2024\/10\/download_epd.webp\" alt=\"\" width=\"235\" height=\"235\" title=\"\" loading=\"lazy\" role=\"img\"\/><\/figure><\/div>\n\n\n\n<div class=\"wp-block-uagb-image uagb-block-17a798e0 wp-block-uagb-image--layout-default wp-block-uagb-image--effect-static wp-block-uagb-image--align-none\"><figure class=\"wp-block-uagb-image__figure\"><a class=\"\" href=\"https:\/\/www.elka-holzwerke.de\/wp-content\/uploads\/2024\/10\/Oekobilanz-Naturholzplatte-VITA.pdf\" target=\"\" rel=\"noopener\"><img decoding=\"async\"  sizes=\"auto, (max-width: 480px) 150px\" src=\"https:\/\/www.elka-holzwerke.de\/wp-content\/uploads\/2024\/10\/download_oekobilanz.webp\" alt=\"\" width=\"251\" height=\"251\" title=\"\" loading=\"lazy\" role=\"img\"\/><\/a><\/figure><\/div>\n<\/div>\n<\/div><\/div>\n\n\n\n<h2 class=\"wp-block-heading has-text-align-center\">D\u00e9couvrez nos produits de marque<\/h2>\n\n\n\n<div class=\"wp-block-uagb-container uagb-block-b1939231 alignfull uagb-is-root-container\"><div class=\"uagb-container-inner-blocks-wrap\">\n<div class=\"wp-block-uagb-container uagb-block-64fafc61\">\n<figure class=\"wp-block-image size-full\"><img loading=\"lazy\" decoding=\"async\" width=\"300\" height=\"225\" src=\"https:\/\/www.elka-holzwerke.de\/wp-content\/uploads\/2024\/09\/kachel-schnittholz.webp\" alt=\"\" class=\"wp-image-189\" style=\"box-shadow:none\"\/><\/figure>\n\n\n\n<h4 class=\"wp-block-heading has-text-align-center\" style=\"font-size:1.5rem\">elka bois de sciage<\/h4>\n\n\n\n<div class=\"wp-block-buttons is-content-justification-center is-layout-flex wp-container-core-buttons-is-layout-a89b3969 wp-block-buttons-is-layout-flex\">\n<div class=\"wp-block-button\"><a class=\"wp-block-button__link wp-element-button\" href=\"https:\/\/www.elka-holzwerke.de\/fr\/produits-de-marque\/bois-de-sciage\/\" style=\"border-radius:0px\">Plus d&rsquo;informations<\/a><\/div>\n<\/div>\n<\/div>\n\n\n\n<div class=\"wp-block-uagb-container uagb-block-53e6ef8b\">\n<figure class=\"wp-block-image size-full\"><img loading=\"lazy\" decoding=\"async\" width=\"300\" height=\"225\" src=\"https:\/\/www.elka-holzwerke.de\/wp-content\/uploads\/2024\/09\/kachel-span.webp\" alt=\"\" class=\"wp-image-192\" style=\"box-shadow:none\"\/><\/figure>\n\n\n\n<h4 class=\"wp-block-heading has-text-align-center\" style=\"font-size:1.5rem\">Panneau de particules<\/h4>\n\n\n\n<div class=\"wp-block-buttons is-content-justification-center is-layout-flex wp-container-core-buttons-is-layout-a89b3969 wp-block-buttons-is-layout-flex\">\n<div class=\"wp-block-button\"><a class=\"wp-block-button__link wp-element-button\" href=\"https:\/\/www.elka-holzwerke.de\/fr\/produits-de-marque\/panneaux-de-particules-bruts\/\" style=\"border-radius:0px\">Plus d&rsquo;informations<\/a><\/div>\n<\/div>\n<\/div>\n\n\n\n<div class=\"wp-block-uagb-container uagb-block-889ffc0f\">\n<figure class=\"wp-block-image size-full\"><img loading=\"lazy\" decoding=\"async\" width=\"300\" height=\"225\" src=\"https:\/\/www.elka-holzwerke.de\/wp-content\/uploads\/2024\/09\/kachel-esb.webp\" alt=\"\" class=\"wp-image-190\" style=\"box-shadow:none\"\/><\/figure>\n\n\n\n<h4 class=\"wp-block-heading has-text-align-center\" style=\"font-size:1.5rem\">esb (elka strong board)&nbsp;<\/h4>\n\n\n\n<div class=\"wp-block-buttons is-content-justification-center is-layout-flex wp-container-core-buttons-is-layout-a89b3969 wp-block-buttons-is-layout-flex\">\n<div class=\"wp-block-button\"><a class=\"wp-block-button__link wp-element-button\" href=\"https:\/\/www.elka-holzwerke.de\/fr\/produits-de-marque\/esb\/\" style=\"border-radius:0px\">Plus d&rsquo;informations<\/a><\/div>\n<\/div>\n<\/div>\n\n\n\n<div class=\"wp-block-uagb-container uagb-block-51cad37b\">\n<figure class=\"wp-block-image size-full\"><img loading=\"lazy\" decoding=\"async\" width=\"300\" height=\"225\" src=\"https:\/\/www.elka-holzwerke.de\/wp-content\/uploads\/2024\/09\/kachel-vita.webp\" alt=\"\" class=\"wp-image-191\" style=\"box-shadow:none\"\/><\/figure>\n\n\n\n<h4 class=\"wp-block-heading has-text-align-center\" style=\"font-size:1.5rem\">Panneaux en bois naturel<\/h4>\n\n\n\n<div class=\"wp-block-buttons is-content-justification-center is-layout-flex wp-container-core-buttons-is-layout-a89b3969 wp-block-buttons-is-layout-flex\">\n<div class=\"wp-block-button\"><a class=\"wp-block-button__link wp-element-button\" href=\"https:\/\/www.elka-holzwerke.de\/fr\/produits-de-marque\/panneau-en-bois-naturel-vita\/\" style=\"border-radius:0px\">Plus d&rsquo;informations<\/a><\/div>\n<\/div>\n<\/div>\n<\/div><\/div>\n","protected":false},"excerpt":{"rendered":"<p>D\u00e9claration environnementale des produits DEP D\u00e9claration environnementale des produits (DEP) pour nos panneaux d&rsquo;agglom\u00e9r\u00e9et plaques esb, et analyse du cycle [&hellip;]<\/p>\n","protected":false},"author":1,"featured_media":0,"parent":3103,"menu_order":9,"comment_status":"closed","ping_status":"closed","template":"","meta":{"_acf_changed":false,"_uag_custom_page_level_css":"","site-sidebar-layout":"default","site-content-layout":"","ast-site-content-layout":"","site-content-style":"default","site-sidebar-style":"default","ast-global-header-display":"","ast-banner-title-visibility":"","ast-main-header-display":"","ast-hfb-above-header-display":"","ast-hfb-below-header-display":"","ast-hfb-mobile-header-display":"","site-post-title":"disabled","ast-breadcrumbs-content":"","ast-featured-img":"","footer-sml-layout":"","ast-disable-related-posts":"","theme-transparent-header-meta":"","adv-header-id-meta":"","stick-header-meta":"","header-above-stick-meta":"","header-main-stick-meta":"","header-below-stick-meta":"","astra-migrate-meta-layouts":"default","ast-page-background-enabled":"default","ast-page-background-meta":{"desktop":{"background-color":"var(--ast-global-color-4)","background-image":"","background-repeat":"repeat","background-position":"center center","background-size":"auto","background-attachment":"scroll","background-type":"","background-media":"","overlay-type":"","overlay-color":"","overlay-opacity":"","overlay-gradient":""},"tablet":{"background-color":"","background-image":"","background-repeat":"repeat","background-position":"center center","background-size":"auto","background-attachment":"scroll","background-type":"","background-media":"","overlay-type":"","overlay-color":"","overlay-opacity":"","overlay-gradient":""},"mobile":{"background-color":"","background-image":"","background-repeat":"repeat","background-position":"center center","background-size":"auto","background-attachment":"scroll","background-type":"","background-media":"","overlay-type":"","overlay-color":"","overlay-opacity":"","overlay-gradient":""}},"ast-content-background-meta":{"desktop":{"background-color":"var(--ast-global-color-5)","background-image":"","background-repeat":"repeat","background-position":"center center","background-size":"auto","background-attachment":"scroll","background-type":"","background-media":"","overlay-type":"","overlay-color":"","overlay-opacity":"","overlay-gradient":""},"tablet":{"background-color":"var(--ast-global-color-5)","background-image":"","background-repeat":"repeat","background-position":"center center","background-size":"auto","background-attachment":"scroll","background-type":"","background-media":"","overlay-type":"","overlay-color":"","overlay-opacity":"","overlay-gradient":""},"mobile":{"background-color":"var(--ast-global-color-5)","background-image":"","background-repeat":"repeat","background-position":"center center","background-size":"auto","background-attachment":"scroll","background-type":"","background-media":"","overlay-type":"","overlay-color":"","overlay-opacity":"","overlay-gradient":""}},"footnotes":""},"class_list":["post-3123","page","type-page","status-publish","hentry"],"acf":[],"uagb_featured_image_src":{"full":false,"thumbnail":false,"medium":false,"medium_large":false,"large":false,"1536x1536":false,"2048x2048":false,"gform-image-choice-sm":false,"gform-image-choice-md":false,"gform-image-choice-lg":false},"uagb_author_info":{"display_name":"pixelarbeiter","author_link":"https:\/\/www.elka-holzwerke.de\/fr\/author\/pixelarbeiter\/"},"uagb_comment_info":0,"uagb_excerpt":"D\u00e9claration environnementale des produits DEP D\u00e9claration environnementale des produits (DEP) pour nos panneaux d&rsquo;agglom\u00e9r\u00e9et plaques esb, et analyse du cycle [&hellip;]","_links":{"self":[{"href":"https:\/\/www.elka-holzwerke.de\/fr\/wp-json\/wp\/v2\/pages\/3123","targetHints":{"allow":["GET"]}}],"collection":[{"href":"https:\/\/www.elka-holzwerke.de\/fr\/wp-json\/wp\/v2\/pages"}],"about":[{"href":"https:\/\/www.elka-holzwerke.de\/fr\/wp-json\/wp\/v2\/types\/page"}],"author":[{"embeddable":true,"href":"https:\/\/www.elka-holzwerke.de\/fr\/wp-json\/wp\/v2\/users\/1"}],"replies":[{"embeddable":true,"href":"https:\/\/www.elka-holzwerke.de\/fr\/wp-json\/wp\/v2\/comments?post=3123"}],"version-history":[{"count":4,"href":"https:\/\/www.elka-holzwerke.de\/fr\/wp-json\/wp\/v2\/pages\/3123\/revisions"}],"predecessor-version":[{"id":3816,"href":"https:\/\/www.elka-holzwerke.de\/fr\/wp-json\/wp\/v2\/pages\/3123\/revisions\/3816"}],"up":[{"embeddable":true,"href":"https:\/\/www.elka-holzwerke.de\/fr\/wp-json\/wp\/v2\/pages\/3103"}],"wp:attachment":[{"href":"https:\/\/www.elka-holzwerke.de\/fr\/wp-json\/wp\/v2\/media?parent=3123"}],"curies":[{"name":"wp","href":"https:\/\/api.w.org\/{rel}","templated":true}]}}