{"id":3137,"date":"2024-09-29T11:59:16","date_gmt":"2024-09-29T09:59:16","guid":{"rendered":"https:\/\/www.elka-holzwerke.de\/produits-de-marque\/bois-de-sciage\/"},"modified":"2025-11-18T07:17:17","modified_gmt":"2025-11-18T06:17:17","slug":"bois-de-sciage","status":"publish","type":"page","link":"https:\/\/www.elka-holzwerke.de\/fr\/produits-de-marque\/bois-de-sciage\/","title":{"rendered":"Bois de sciage"},"content":{"rendered":"\n<div class=\"wp-block-uagb-container headercontainer uagb-block-061fac08 alignfull uagb-is-root-container\"><div class=\"uagb-container-inner-blocks-wrap\">\n<h2 class=\"wp-block-heading claim\">Qualit\u00e9 issue de l&rsquo;exploitation foresti\u00e8re durable et contr\u00f4l\u00e9e<\/h2>\n\n\n\n<h3 class=\"wp-block-heading headline\">Bois de sciage<\/h3>\n<\/div><\/div>\n\n\n\n<div class=\"wp-block-uagb-container uagb-block-6789f2f7 alignfull uagb-is-root-container\"><div class=\"uagb-container-inner-blocks-wrap\">\n<h2 class=\"wp-block-heading has-text-align-center\" style=\"margin-top:var(--wp--preset--spacing--50);margin-bottom:var(--wp--preset--spacing--50);padding-top:0;padding-bottom:0;font-size:2.5rem\">La gamme de bois de sciage elka<\/h2>\n<\/div><\/div>\n\n\n\n<div class=\"wp-block-uagb-container uagb-block-0ce09760 alignfull uagb-is-root-container\"><div class=\"uagb-container-inner-blocks-wrap\">\n<div class=\"wp-block-uagb-container uagb-block-cf05aed9\">\n<figure class=\"wp-block-image aligncenter size-large\"><img loading=\"lazy\" decoding=\"async\" width=\"1024\" height=\"682\" src=\"https:\/\/www.elka-holzwerke.de\/wp-content\/uploads\/2024\/10\/saegewerk-1024x682.webp\" alt=\"\" class=\"wp-image-746\" srcset=\"https:\/\/www.elka-holzwerke.de\/wp-content\/uploads\/2024\/10\/saegewerk-1024x682.webp 1024w, https:\/\/www.elka-holzwerke.de\/wp-content\/uploads\/2024\/10\/saegewerk-300x200.webp 300w, https:\/\/www.elka-holzwerke.de\/wp-content\/uploads\/2024\/10\/saegewerk-768x512.webp 768w, https:\/\/www.elka-holzwerke.de\/wp-content\/uploads\/2024\/10\/saegewerk.webp 1400w\" sizes=\"auto, (max-width: 1024px) 100vw, 1024px\" \/><figcaption class=\"wp-element-caption\">Vue sur notre ligne de coupe moderne<\/figcaption><\/figure>\n<\/div>\n\n\n\n<div class=\"wp-block-uagb-container uagb-block-e7e66311\">\n<p class=\"has-text-align-center\">Le bois de sciage a une longue tradition chez elka, et les scieries sont un pilier important de l\u2019entreprise depuis 1906.<\/p>\n\n\n\n<p>Dans notre scierie tr\u00e8s flexible de Morbach, nous coupons chaque ann\u00e9e environ 300 000 m\u00e8tres cubes d\u2019\u00e9pic\u00e9a et de sapin de Douglas provenant des vastes for\u00eats du Hunsr\u00fcck. Nous livrons nos produits individuels principalement en Allemagne, en Belgique, en France, aux Pays-Bas et en Angleterre.<\/p>\n\n\n\n<p class=\"has-text-align-center\">Le bois de sciage d\u2019elka peut \u00eatre trouv\u00e9 dans la construction de maisons, l\u2019industrie de l\u2019emballage et dans le commerce.<\/p>\n<\/div>\n<\/div><\/div>\n\n\n\n<div class=\"wp-block-uagb-container uagb-block-9a2b15a3 alignfull uagb-is-root-container\"><div class=\"uagb-container-inner-blocks-wrap\">\n<div class=\"wp-block-uagb-container uagb-block-64669f96\">\n<figure class=\"wp-block-table\"><table class=\"has-fixed-layout\"><thead><tr><th><strong>Notre gamme de produits<\/strong><\/th><\/tr><\/thead><tbody><tr><td>Bois \u00e9quarri\/bois crois\u00e9 et bois massif<\/td><\/tr><tr><td>Planches<\/td><\/tr><tr><td>Cadre<\/td><\/tr><tr><td>Cales\/Madriers<\/td><\/tr><tr><td>Planches de dosse de 23 mm<\/td><\/tr><\/tbody><\/table><\/figure>\n<\/div>\n\n\n\n<div class=\"wp-block-uagb-container uagb-block-28931738\">\n<figure class=\"wp-block-image size-full\"><img loading=\"lazy\" decoding=\"async\" width=\"630\" height=\"473\" src=\"https:\/\/www.elka-holzwerke.de\/wp-content\/uploads\/2024\/10\/kachel-schnittholz.webp\" alt=\"\" class=\"wp-image-748\" srcset=\"https:\/\/www.elka-holzwerke.de\/wp-content\/uploads\/2024\/10\/kachel-schnittholz.webp 630w, https:\/\/www.elka-holzwerke.de\/wp-content\/uploads\/2024\/10\/kachel-schnittholz-300x225.webp 300w\" sizes=\"auto, (max-width: 630px) 100vw, 630px\" \/><\/figure>\n<\/div>\n\n\n\n<div class=\"wp-block-uagb-container uagb-block-69b54999\">\n<figure class=\"wp-block-table\"><table class=\"has-fixed-layout\"><thead><tr><th><strong>Nos finitions<\/strong><\/th><\/tr><\/thead><tbody><tr><td>S\u00e9chage du bois avec empilage<\/td><\/tr><tr><td>Traitement thermique<\/td><\/tr><tr><td>Rabotage<\/td><\/tr><tr><td>Impr\u00e9gnation<\/td><\/tr><tr><td>Coupe<\/td><\/tr><tr><td>Marquage<\/td><\/tr><\/tbody><\/table><\/figure>\n<\/div>\n<\/div><\/div>\n\n\n\n<div class=\"wp-block-uagb-container uagb-block-dcd770fe alignfull uagb-is-root-container\"><div class=\"uagb-container-inner-blocks-wrap\">\n<div class=\"wp-block-uagb-container uagb-block-f0e9747e\">\n<figure class=\"wp-block-image aligncenter size-full\"><img loading=\"lazy\" decoding=\"async\" width=\"410\" height=\"308\" src=\"https:\/\/www.elka-holzwerke.de\/wp-content\/uploads\/2024\/10\/douglasie.webp\" alt=\"\" class=\"wp-image-750\" srcset=\"https:\/\/www.elka-holzwerke.de\/wp-content\/uploads\/2024\/10\/douglasie.webp 410w, https:\/\/www.elka-holzwerke.de\/wp-content\/uploads\/2024\/10\/douglasie-300x225.webp 300w\" sizes=\"auto, (max-width: 410px) 100vw, 410px\" \/><figcaption class=\"wp-element-caption\">Bois de douglas frais<\/figcaption><\/figure>\n<\/div>\n\n\n\n<div class=\"wp-block-uagb-container uagb-block-045dc6fb\">\n<figure class=\"wp-block-image aligncenter size-full\"><img loading=\"lazy\" decoding=\"async\" width=\"410\" height=\"308\" src=\"https:\/\/www.elka-holzwerke.de\/wp-content\/uploads\/2024\/10\/schnittholz_rot.webp\" alt=\"\" class=\"wp-image-751\" srcset=\"https:\/\/www.elka-holzwerke.de\/wp-content\/uploads\/2024\/10\/schnittholz_rot.webp 410w, https:\/\/www.elka-holzwerke.de\/wp-content\/uploads\/2024\/10\/schnittholz_rot-300x225.webp 300w\" sizes=\"auto, (max-width: 410px) 100vw, 410px\" \/><figcaption class=\"wp-element-caption\">Bois de sciage avec impr\u00e9gnation rouge<\/figcaption><\/figure>\n<\/div>\n\n\n\n<div class=\"wp-block-uagb-container uagb-block-5d0962cb\">\n<figure class=\"wp-block-image aligncenter size-full\"><img loading=\"lazy\" decoding=\"async\" width=\"410\" height=\"308\" src=\"https:\/\/www.elka-holzwerke.de\/wp-content\/uploads\/2024\/10\/trockenkammer_01-1.webp\" alt=\"\" class=\"wp-image-752\" srcset=\"https:\/\/www.elka-holzwerke.de\/wp-content\/uploads\/2024\/10\/trockenkammer_01-1.webp 410w, https:\/\/www.elka-holzwerke.de\/wp-content\/uploads\/2024\/10\/trockenkammer_01-1-300x225.webp 300w\" sizes=\"auto, (max-width: 410px) 100vw, 410px\" \/><figcaption class=\"wp-element-caption\">Nos chambres de s\u00e9chage<\/figcaption><\/figure>\n<\/div>\n<\/div><\/div>\n\n\n\n<div class=\"wp-block-uagb-container uagb-block-f9d764c9 alignfull uagb-is-root-container\"><div class=\"uagb-container-inner-blocks-wrap\">\n<div class=\"wp-block-uagb-container uagb-block-fca49fa0\">\n<figure class=\"wp-block-image aligncenter size-full\"><img loading=\"lazy\" decoding=\"async\" width=\"410\" height=\"308\" src=\"https:\/\/www.elka-holzwerke.de\/wp-content\/uploads\/2024\/10\/schnittholz-2.webp\" alt=\"\" class=\"wp-image-753\" srcset=\"https:\/\/www.elka-holzwerke.de\/wp-content\/uploads\/2024\/10\/schnittholz-2.webp 410w, https:\/\/www.elka-holzwerke.de\/wp-content\/uploads\/2024\/10\/schnittholz-2-300x225.webp 300w\" sizes=\"auto, (max-width: 410px) 100vw, 410px\" \/><figcaption class=\"wp-element-caption\">Poutres en douglas<\/figcaption><\/figure>\n<\/div>\n\n\n\n<div class=\"wp-block-uagb-container uagb-block-71b22fac\">\n<figure class=\"wp-block-image aligncenter size-full\"><img loading=\"lazy\" decoding=\"async\" width=\"410\" height=\"308\" src=\"https:\/\/www.elka-holzwerke.de\/wp-content\/uploads\/2024\/10\/schnittholz-.webp\" alt=\"\" class=\"wp-image-754\" srcset=\"https:\/\/www.elka-holzwerke.de\/wp-content\/uploads\/2024\/10\/schnittholz-.webp 410w, https:\/\/www.elka-holzwerke.de\/wp-content\/uploads\/2024\/10\/schnittholz--300x225.webp 300w\" sizes=\"auto, (max-width: 410px) 100vw, 410px\" \/><figcaption class=\"wp-element-caption\">Bois de sciage avec impr\u00e9gnation jaune<\/figcaption><\/figure>\n<\/div>\n\n\n\n<div class=\"wp-block-uagb-container uagb-block-5a9ab470\">\n<figure class=\"wp-block-image aligncenter size-full\"><img loading=\"lazy\" decoding=\"async\" width=\"410\" height=\"308\" src=\"https:\/\/www.elka-holzwerke.de\/wp-content\/uploads\/2024\/10\/schnittholz-3.webp\" alt=\"\" class=\"wp-image-755\" srcset=\"https:\/\/www.elka-holzwerke.de\/wp-content\/uploads\/2024\/10\/schnittholz-3.webp 410w, https:\/\/www.elka-holzwerke.de\/wp-content\/uploads\/2024\/10\/schnittholz-3-300x225.webp 300w\" sizes=\"auto, (max-width: 410px) 100vw, 410px\" \/><figcaption class=\"wp-element-caption\">Le bois de sciage s\u00e9ch\u00e9 est pr\u00e9par\u00e9 pour une exp\u00e9dition s\u00fbre<\/figcaption><\/figure>\n<\/div>\n<\/div><\/div>\n\n\n\n<div class=\"wp-block-uagb-container uagb-block-b407f451 alignfull uagb-is-root-container\"><div class=\"uagb-container-inner-blocks-wrap\">\n<h2 class=\"wp-block-heading\">T\u00e9l\u00e9chargements sur le th\u00e8me de bois de sciage<\/h2>\n\n\n\n<div class=\"wp-block-wpfd-wpfd-category\"><script type=\"text\/x-handlebars-template\" id=\"wpfd-template-preview-box\">    {{#with file}}    <div class=\"dropblock wpfd-content\">        <a href=\"javascript:void(0)\" class=\"wpfd-close\"><\/a>        <div class=\"filecontent\">            <div class=\"ext ext-{{ext}} wpfd-icon-set-png\"{{#if thumbnail_url}} style=\"background: url({{thumbnail_url}}) no-repeat\"{{\/if}}><span class=\"txt\">{{ext}}<\/span><\/div><h3><a href=\"{{linkdownload}}\"   class=\"wpfd_downloadlink\" title=\"{{post_title}}\" target=\"{{#if remote_file}}_blank{{\/if}}\"><span class=\"f_title\">{{{crop_title}}}<\/span>{{{new_marker_icon}}}<\/a><\/h3>            <div class=\"wpfd-extra\">                <div class=\"file-size\"><span>Taille :<\/span> {{bytesToSize size}}<\/div><div class=\"file-hits\"><span>Succ\u00e8s :<\/span> {{hits}}<\/div><div class=\"file-dated\"><span>Date d&#039;ajout:<\/span> {{created}}<\/div><div class=\"file-custom-fields\">{{#each custom_fields}}<div class=\"file-custom-field file-{{this.type}}\" data-field-type=\"{{this.type}}\" data-field-label=\"{{this.label}}\" data-field-val=\"{{this.value}}\"><span>{{this.label}} :<\/span> {{this.value}}<\/div>{{\/each}}<\/div>            <\/div>        <\/div>        <div class=\"extra-downloadlink\"><a class=\"downloadlink wpfd_downloadlink\"  href=\"{{linkdownload}}\"  style=\"background-color:rgba(2, 166, 94, 1);color:#ffffff;\" target=\"{{#if remote_file}}_blank{{\/if}}\">T\u00e9l\u00e9charger<i class=\"zmdi zmdi-cloud-download wpfd-download\"><\/i><\/a>{{#if openpdflink}}<a class=\"openlink wpfdlightbox wpfd_previewlink\" href=\"{{openpdflink}}\"  target=\"\">Aper\u00e7u                            <i class=\"zmdi zmdi-filter-center-focus wpfd-preview\"><\/i>                        <\/a>{{else}}{{#if viewerlink}}<a                            href=\"{{viewerlink}}\"                                                        class=\"openlink wpfdlightbox wpfd_previewlink\"                            target=\"\"                            data-id=\"{{ID}}\"                            data-catid=\"{{catid}}\"                            data-file-type=\"{{ext}}\">Aper\u00e7u<i class=\"zmdi zmdi-filter-center-focus wpfd-preview\"><\/i>                        <\/a>{{\/if}}{{\/if}}<\/div>    <\/div>    {{\/with}}<\/script><div class=\"wpfd-content wpfd-content-preview wpfd-content-category-normal wpfd-content-without-download-selected wpfd-content-multi\" data-category=\"170\"             style=\"display: none; background-color: rgba(255, 255, 255, 0);\"><input type=\"hidden\" id=\"current_category_170\" value=\"170\" \/>                    <input type=\"hidden\" id=\"current_category_slug_170\" value=\"bois-de-sciage\" \/>                    <input type=\"hidden\" id=\"current_ordering_170\" value=\"title\" \/>                    <input type=\"hidden\" id=\"current_ordering_direction_170\" value=\"desc\" \/>                    <input type=\"hidden\" id=\"page_limit_170\" value=\"20\" \/><input type=\"hidden\" id=\"wpfd_display_empty_category_message\" value=\"0\" \/><input type=\"hidden\" id=\"wpfd_empty_category_message_val\" value=\"This file category has no files to display\" \/><input type=\"hidden\" id=\"wpfd_display_empty_folder\" value=\"0\" \/><input type=\"hidden\" id=\"wpfd_is_empty_subcategories\" value=\"1\" \/><input type=\"hidden\" id=\"wpfd_is_empty_files\" value=\"1\" \/><input type=\"hidden\" id=\"wpfd_root_category_id\" class=\"wpfd_root_category_id\" value=\"170\" \/><input type=\"hidden\" id=\"wpfd_root_category_theme\" class=\"wpfd_root_category_theme\" value=\"preview\" \/><input type=\"hidden\" id=\"wpfd_root_category_clone_theme_type\" class=\"wpfd_root_category_clone_theme_type\" value=\"none\" \/><input type=\"hidden\" id=\"wpfd_root_category_type\" class=\"wpfd_root_category_type\" value=\"170\" \/><input type=\"hidden\" id=\"wpfd_category_notify_file_changes\" class=\"wpfd_category_notify_file_changes\" value=\"0\" \/><input type=\"hidden\" id=\"wpfd_global_notify_file_changes\" class=\"wpfd_global_notify_file_changes\" value=\"0\" \/><input type=\"hidden\" id=\"wpfd_download_selected\" class=\"wpfd_download_selected\" value=\"0\" \/><input type=\"hidden\" id=\"wpfd_user_login\" class=\"wpfd_user_login\" value=\"0\" \/><div class=\"wpfd-content-header-section\"><\/div><script type=\"text\/x-handlebars-template\" class=\"wpfd-template-categories\">    <div class=\"wpfd-categories \">{{#if category}}{{#with category}}<h2>{{name}}<\/h2>{{#if parent}}<a class=\"catlink backcategory\" href=\"#\" data-idcat=\"{{parent}}\">                        <i class=\"zmdi zmdi-chevron-left\"><\/i><span>Retour<\/span><\/a>{{\/if}}{{\/with}}{{\/if}}{{#if categories}}{{#each categories}}<a class=\"wpfdcategory catlink preview_category\" style=\"margin : 10px 10px 50px 10px;\" href=\"#\" data-idcat=\"{{termID}}\" title=\"{{name}}\">                                <span>{{name}}<\/span><i class=\"zmdi zmdi-folder wpfd-folder\" style=\"color: {{color}}\"><\/i>                            <\/a>{{\/each}}{{\/if}}<div class=\"wpfdcategory_placeholder\" style=\"margin : 0 10px 0 10px;\"><\/div><div class=\"wpfdcategory_placeholder\" style=\"margin : 0 10px 0 10px;\"><\/div><div class=\"wpfdcategory_placeholder\" style=\"margin : 0 10px 0 10px;\"><\/div><\/div><\/script><script type=\"text\/x-handlebars-template\" class=\"wpfd-template-files\">    {{#if files}}    <div class=\"wpfd_list\">        {{#each files}}        <div class=\"file {{new_file_marker_class}}\" style=\"margin : 10px 10px 50px 10px;\"><div class=\"wpfd-file-top\">{{{new_marker_icon}}}<\/div><a class=\"wpfd-file-link\" href=\"#\" data-category_id=\"{{catid}}\" data-id=\"{{ID}}\" data-edit=\"{{edited}}\"><div class=\"dropblock\"><div class=\"ext ext-{{ext}} wpfd-icon-set-png\"><span class=\"txt\">{{ext}}<\/span><\/div><\/div><div class=\"dropblock-footer-section\" title=\"{{{crop_title}}}\"><div class=\"footer-content\"><div class=\"ext ext-{{ext}} wpfd-icon-set-png\"><span class=\"txt\"><\/div><div class=\"droptitle\">{{{crop_title}}}<\/div><\/div><\/div><\/a><\/div>        {{\/each}}        <div class=\"wpfd-file-placeholder\" style=\"margin: 10px 10px 10px 10px\"><\/div><div class=\"wpfd-file-placeholder\" style=\"margin: 10px 10px 10px 10px\"><\/div><div class=\"wpfd-file-placeholder\" style=\"margin: 10px 10px 10px 10px\"><\/div>    <\/div>    {{\/if}}<\/script><div class=\"wpfd-container folder-tree-left\">    <div class=\"wpfd-foldertree wpfd-foldertree-preview foldertree-hide\"><\/div>    <div class=\"wpfd-open-tree\"><\/div>    <div class=\"wpfd-col wpfd-container-preview  with_foldertree\">            <div class=\"wpfd-categories \"><h2 class=\"wpfd-category-theme-title\">Bois de sciage<\/h2><a class=\"wpfdcategory catlink\" style=\"margin : 10px 10px 50px 10px;\" href=\"#\"                                   data-idcat=\"171\"                                   title=\"D\u00e9pliant produit\">                                    <span>D\u00e9pliant produit<\/span>                                    <i class=\"zmdi zmdi-folder wpfd-folder\" style=\"color: \"><\/i>                                <\/a><a class=\"wpfdcategory catlink\" style=\"margin : 10px 10px 50px 10px;\" href=\"#\"                                   data-idcat=\"172\"                                   title=\"certificats\">                                    <span>certificats<\/span>                                    <i class=\"zmdi zmdi-folder wpfd-folder\" style=\"color: \"><\/i>                                <\/a><div class=\"wpfdcategory_placeholder\" style=\"margin : 0 10px 0 10px;\"><\/div><div class=\"wpfdcategory_placeholder\" style=\"margin : 0 10px 0 10px;\"><\/div><div class=\"wpfdcategory_placeholder\" style=\"margin : 0 10px 0 10px;\"><\/div><input type=\"hidden\" id=\"wpfd_subcategories_hover_color\" class=\"wpfd_subcategories_hover_color\" value=\"#02a65e\" \/><\/div>                        <\/div><\/div><\/div><\/div>\n<\/div><\/div>\n\n\n\n<div class=\"wp-block-uagb-container uagb-block-32606905 alignfull uagb-is-root-container\"><div class=\"uagb-container-inner-blocks-wrap\">\n<div class=\"wp-block-uagb-container uagb-block-c3675df0\">\n<h3 class=\"wp-block-heading has-text-align-center\" style=\"margin-top:0;margin-bottom:0;padding-top:0;padding-bottom:0\"><strong>Vous avez des questions sur<\/strong><br><strong>notre gamme de bois de sciage\u00a0?<\/strong><\/h3>\n\n\n\n<p class=\"has-text-align-center\">Notre conseiller se fera un plaisir de vous aider<br>T\u00e9l\u00e9phonez<br><br><a href=\"tel:+496533956444\"><strong>+49(0)6533 \/ 956 444<\/strong><\/a><br><br>Ou envoyez votre demande par e-mail \u00e0 <br><strong><a href=\"mailto:vertrieb@elka-holzwerke.de\"><\/a><a href=\"mailto:vertrieb@elka-holzwerke.de\"><\/a><a href=\"mailto:vertrieb@elka-holzwerke.de\">vertrieb@elka-holzwerke.de<\/a><\/strong><\/p>\n<\/div>\n\n\n\n<div class=\"wp-block-uagb-container uagb-block-6d204365\">\n<div class=\"wp-block-uagb-image aligncenter uagb-block-493c0e73 wp-block-uagb-image--layout-default wp-block-uagb-image--effect-static wp-block-uagb-image--align-center\"><figure class=\"wp-block-uagb-image__figure\"><img decoding=\"async\" srcset=\"https:\/\/www.elka-holzwerke.de\/wp-content\/uploads\/2025\/11\/martin_ingo.webp ,https:\/\/www.elka-holzwerke.de\/wp-content\/uploads\/2025\/11\/martin_ingo.webp 780w, https:\/\/www.elka-holzwerke.de\/wp-content\/uploads\/2025\/11\/martin_ingo.webp 360w\" sizes=\"auto, (max-width: 480px) 150px\" src=\"https:\/\/www.elka-holzwerke.de\/wp-content\/uploads\/2025\/11\/martin_ingo.webp\" alt=\"\" class=\"uag-image-3837\" width=\"414\" height=\"283\" title=\"martin_ingo\" loading=\"lazy\" role=\"img\"\/><\/figure><\/div>\n<\/div>\n<\/div><\/div>\n","protected":false},"excerpt":{"rendered":"<p>Qualit\u00e9 issue de l&rsquo;exploitation foresti\u00e8re durable et contr\u00f4l\u00e9e Bois de sciage La gamme de bois de sciage elka Le bois [&hellip;]<\/p>\n","protected":false},"author":1,"featured_media":0,"parent":3111,"menu_order":12,"comment_status":"closed","ping_status":"closed","template":"","meta":{"_acf_changed":false,"_uag_custom_page_level_css":"","site-sidebar-layout":"default","site-content-layout":"","ast-site-content-layout":"","site-content-style":"default","site-sidebar-style":"default","ast-global-header-display":"","ast-banner-title-visibility":"","ast-main-header-display":"","ast-hfb-above-header-display":"","ast-hfb-below-header-display":"","ast-hfb-mobile-header-display":"","site-post-title":"disabled","ast-breadcrumbs-content":"","ast-featured-img":"","footer-sml-layout":"","ast-disable-related-posts":"","theme-transparent-header-meta":"","adv-header-id-meta":"","stick-header-meta":"","header-above-stick-meta":"","header-main-stick-meta":"","header-below-stick-meta":"","astra-migrate-meta-layouts":"default","ast-page-background-enabled":"default","ast-page-background-meta":{"desktop":{"background-color":"var(--ast-global-color-4)","background-image":"","background-repeat":"repeat","background-position":"center center","background-size":"auto","background-attachment":"scroll","background-type":"","background-media":"","overlay-type":"","overlay-color":"","overlay-opacity":"","overlay-gradient":""},"tablet":{"background-color":"","background-image":"","background-repeat":"repeat","background-position":"center center","background-size":"auto","background-attachment":"scroll","background-type":"","background-media":"","overlay-type":"","overlay-color":"","overlay-opacity":"","overlay-gradient":""},"mobile":{"background-color":"","background-image":"","background-repeat":"repeat","background-position":"center center","background-size":"auto","background-attachment":"scroll","background-type":"","background-media":"","overlay-type":"","overlay-color":"","overlay-opacity":"","overlay-gradient":""}},"ast-content-background-meta":{"desktop":{"background-color":"var(--ast-global-color-5)","background-image":"","background-repeat":"repeat","background-position":"center center","background-size":"auto","background-attachment":"scroll","background-type":"","background-media":"","overlay-type":"","overlay-color":"","overlay-opacity":"","overlay-gradient":""},"tablet":{"background-color":"var(--ast-global-color-5)","background-image":"","background-repeat":"repeat","background-position":"center center","background-size":"auto","background-attachment":"scroll","background-type":"","background-media":"","overlay-type":"","overlay-color":"","overlay-opacity":"","overlay-gradient":""},"mobile":{"background-color":"var(--ast-global-color-5)","background-image":"","background-repeat":"repeat","background-position":"center center","background-size":"auto","background-attachment":"scroll","background-type":"","background-media":"","overlay-type":"","overlay-color":"","overlay-opacity":"","overlay-gradient":""}},"footnotes":""},"class_list":["post-3137","page","type-page","status-publish","hentry"],"acf":[],"uagb_featured_image_src":{"full":false,"thumbnail":false,"medium":false,"medium_large":false,"large":false,"1536x1536":false,"2048x2048":false,"gform-image-choice-sm":false,"gform-image-choice-md":false,"gform-image-choice-lg":false},"uagb_author_info":{"display_name":"pixelarbeiter","author_link":"https:\/\/www.elka-holzwerke.de\/fr\/author\/pixelarbeiter\/"},"uagb_comment_info":0,"uagb_excerpt":"Qualit\u00e9 issue de l&rsquo;exploitation foresti\u00e8re durable et contr\u00f4l\u00e9e Bois de sciage La gamme de bois de sciage elka Le bois [&hellip;]","_links":{"self":[{"href":"https:\/\/www.elka-holzwerke.de\/fr\/wp-json\/wp\/v2\/pages\/3137","targetHints":{"allow":["GET"]}}],"collection":[{"href":"https:\/\/www.elka-holzwerke.de\/fr\/wp-json\/wp\/v2\/pages"}],"about":[{"href":"https:\/\/www.elka-holzwerke.de\/fr\/wp-json\/wp\/v2\/types\/page"}],"author":[{"embeddable":true,"href":"https:\/\/www.elka-holzwerke.de\/fr\/wp-json\/wp\/v2\/users\/1"}],"replies":[{"embeddable":true,"href":"https:\/\/www.elka-holzwerke.de\/fr\/wp-json\/wp\/v2\/comments?post=3137"}],"version-history":[{"count":2,"href":"https:\/\/www.elka-holzwerke.de\/fr\/wp-json\/wp\/v2\/pages\/3137\/revisions"}],"predecessor-version":[{"id":3885,"href":"https:\/\/www.elka-holzwerke.de\/fr\/wp-json\/wp\/v2\/pages\/3137\/revisions\/3885"}],"up":[{"embeddable":true,"href":"https:\/\/www.elka-holzwerke.de\/fr\/wp-json\/wp\/v2\/pages\/3111"}],"wp:attachment":[{"href":"https:\/\/www.elka-holzwerke.de\/fr\/wp-json\/wp\/v2\/media?parent=3137"}],"curies":[{"name":"wp","href":"https:\/\/api.w.org\/{rel}","templated":true}]}}