{"id":3141,"date":"2024-09-29T11:59:16","date_gmt":"2024-09-29T09:59:16","guid":{"rendered":"https:\/\/www.elka-holzwerke.de\/produits-de-marque\/emballage\/"},"modified":"2025-11-18T07:35:56","modified_gmt":"2025-11-18T06:35:56","slug":"emballage","status":"publish","type":"page","link":"https:\/\/www.elka-holzwerke.de\/fr\/produits-de-marque\/emballage\/","title":{"rendered":"Emballage"},"content":{"rendered":"\n<div class=\"wp-block-uagb-container headercontainer uagb-block-061fac08 alignfull uagb-is-root-container\"><div class=\"uagb-container-inner-blocks-wrap\">\n<h2 class=\"wp-block-heading claim\">Votre exp\u00e9dition est entre de bonnes mains<\/h2>\n\n\n\n<h3 class=\"wp-block-heading headline\">Emballage<\/h3>\n<\/div><\/div>\n\n\n\n<div class=\"wp-block-uagb-container uagb-block-6789f2f7 alignfull uagb-is-root-container\"><div class=\"uagb-container-inner-blocks-wrap\">\n<h2 class=\"wp-block-heading has-text-align-center\" style=\"margin-top:var(--wp--preset--spacing--50);margin-bottom:var(--wp--preset--spacing--50);padding-top:0;padding-bottom:0;font-size:2.5rem\">Le panneau d&#8217;emballage P5 d&rsquo;elka<\/h2>\n<\/div><\/div>\n\n\n\n<div class=\"wp-block-uagb-container uagb-block-e1a260cf alignfull uagb-is-root-container\"><div class=\"uagb-container-inner-blocks-wrap\">\n<div class=\"wp-block-uagb-container uagb-block-17783ea6\">\n<figure class=\"wp-block-image size-full\"><img loading=\"lazy\" decoding=\"async\" width=\"600\" height=\"600\" src=\"https:\/\/www.elka-holzwerke.de\/wp-content\/uploads\/2024\/10\/verpackungsplatte-box2.webp\" alt=\"\" class=\"wp-image-442\" srcset=\"https:\/\/www.elka-holzwerke.de\/wp-content\/uploads\/2024\/10\/verpackungsplatte-box2.webp 600w, https:\/\/www.elka-holzwerke.de\/wp-content\/uploads\/2024\/10\/verpackungsplatte-box2-300x300.webp 300w, https:\/\/www.elka-holzwerke.de\/wp-content\/uploads\/2024\/10\/verpackungsplatte-box2-150x150.webp 150w\" sizes=\"auto, (max-width: 600px) 100vw, 600px\" \/><\/figure>\n<\/div>\n\n\n\n<div class=\"wp-block-uagb-container uagb-block-f34ef386\">\n<h4 class=\"wp-block-heading has-text-align-left\"><strong>La solution d\u2019emballage s\u00fbre<\/strong><\/h4>\n\n\n\n<h5 class=\"wp-block-heading\"><strong>par des professionnels pour des professionnels<\/strong><\/h5>\n\n\n\n<p>Les emballages de transport doivent r\u00e9pondre \u00e0 de nombreuses exigences. Elka-Holzwerke a pour vous en portefeuille la plaque d\u2019emballage P5 vous permettant de g\u00e9rer de mani\u00e8re optimale les souhaits logistiques tout en gagnant du temps. Les produits Elka sont synonymes de qualit\u00e9 et de service et sont connus pour \u00eatre \u00e0 faibles \u00e9missions et durables. Avec la plaque d\u2019emballage climatiquement neutre, en plus de leurs t\u00e2ches logistiques, ils assurent un environnement propre.<\/p>\n\n\n\n<h5 class=\"wp-block-heading\"><strong>Plaque d\u2019emballage P5 E1E05<\/strong><\/h5>\n\n\n\n<p class=\"has-text-align-center\">Selon la directive HPE sur l\u2019emballage, les panneaux de particules de bois de type P5 sont disponibles comme alternative \u00e0 l\u2019embarquement sous forme d\u2019\u00e9l\u00e9ments muraux et de couvercles plats et \u00e9tanches aux joints.<\/p>\n\n\n\n<figure class=\"wp-block-table\"><table class=\"has-fixed-layout\"><thead><tr><th colspan=\"2\">\u00c9paisseurs de mat\u00e9riau \/ unit\u00e9s d&#8217;emballageFormat bord \u00e0 bord 259,5 x 125 cm<\/th><\/tr><\/thead><tbody><tr><td>12mm<\/td><td>75 pi\u00e8ces<\/td><\/tr><tr><td>15mm<\/td><td>60 pi\u00e8ces<\/td><\/tr><tr><td>18mm<\/td><td>49 pi\u00e8ces<\/td><\/tr><tr><td>22mm<\/td><td>40 pi\u00e8ces<\/td><\/tr><tr><td>25mm<\/td><td>36 pi\u00e8ces<\/td><\/tr><\/tbody><\/table><\/figure>\n\n\n\n<p><a href=\"mailto:vertrieb@elka-holzwerke.de\">autres formats sur demande<\/a><\/p>\n<\/div>\n<\/div><\/div>\n\n\n\n<div class=\"wp-block-uagb-container uagb-block-261b5162 alignfull uagb-is-root-container\"><div class=\"uagb-container-inner-blocks-wrap\">\n<div class=\"wp-block-uagb-container uagb-block-132f228e\">\n<h4 class=\"wp-block-heading\">  Avantages de l&rsquo;application :<\/h4>\n\n\n\n<ul class=\"wp-block-list\">\n<li>Bois frais local sans \u00e9mission d\u2019odeurs<\/li>\n\n\n\n<li>Conforme \u00e0 la norme HPE &amp; IPPC ISPM n\u00b0 15 pour les emballages en bois<\/li>\n\n\n\n<li>Surface ponc\u00e9e et donc\u00a0: \u2013 quasiment sans \u00e9clats\u2028\u2013 facile \u00e0 travailler \u2013 marquage facile et simple par pulv\u00e9risation et application lamin\u00e9e \u2013 Application de peintures et vernispossible \u2013<\/li>\n\n\n\n<li>Surface presque ferm\u00e9e<\/li>\n\n\n\n<li>Longue dur\u00e9e de vie de l\u2019outil<\/li>\n\n\n\n<li>Les clous, les vis et les pinces s\u2019adaptent parfaitement, m\u00eame dans la zone du bord<\/li>\n\n\n\n<li>Bords de coupe nets<\/li>\n\n\n\n<li>D\u00e9coupes possibles<\/li>\n<\/ul>\n<\/div>\n\n\n\n<div class=\"wp-block-uagb-container uagb-block-6c80d82d\">\n<h4 class=\"wp-block-heading\">Avantages technologiques :<\/h4>\n\n\n\n<ul class=\"wp-block-list\">\n<li>Bonnes valeurs statiques (selon DIN EN 12369 Partie 1\/DIN 20000-1)<\/li>\n\n\n\n<li>Bonnes valeurs techniques (selon DIN EN 13986 ou EN 312)<\/li>\n\n\n\n<li>Convient g\u00e9n\u00e9ralement aux composants porteurs dans la zone humide P5 DIN EN 312<\/li>\n\n\n\n<li>R\u00e9sistance \u00e0 la flexion et module d\u2019\u00e9lasticit\u00e9 \u00e9gaux dans les deux sens<\/li>\n\n\n\n<li>R\u00e9sistance \u00e0 la traction transversale plus \u00e9lev\u00e9e que le panneau OSB (environ 40 % plus \u00e9lev\u00e9e)<\/li>\n\n\n\n<li>Gonflement inf\u00e9rieur \u00e0 celui de l\u2019OSB, en particulier au niveau des bords<\/li>\n<\/ul>\n\n\n\n<p class=\"has-text-align-center\"><strong>Rapport qualit\u00e9\/prix optimal<\/strong><\/p>\n<\/div>\n\n\n\n<div class=\"wp-block-uagb-container uagb-block-8abb41ab\">\n<div class=\"wp-block-uagb-image uagb-block-10d2efdc wp-block-uagb-image--layout-default wp-block-uagb-image--effect-static wp-block-uagb-image--align-none\"><figure class=\"wp-block-uagb-image__figure\"><img decoding=\"async\" srcset=\"https:\/\/www.elka-holzwerke.de\/wp-content\/uploads\/2025\/11\/p5-klimaneutral-fr.webp ,https:\/\/www.elka-holzwerke.de\/wp-content\/uploads\/2025\/11\/p5-klimaneutral-fr.webp 780w, https:\/\/www.elka-holzwerke.de\/wp-content\/uploads\/2025\/11\/p5-klimaneutral-fr.webp 360w\" sizes=\"auto, (max-width: 480px) 150px\" src=\"https:\/\/www.elka-holzwerke.de\/wp-content\/uploads\/2025\/11\/p5-klimaneutral-fr.webp\" alt=\"\" class=\"uag-image-3895\" width=\"600\" height=\"600\" title=\"p5-klimaneutral-fr\" loading=\"lazy\" role=\"img\"\/><\/figure><\/div>\n<\/div>\n<\/div><\/div>\n\n\n\n<div class=\"wp-block-uagb-container uagb-block-32606905 alignfull uagb-is-root-container\"><div class=\"uagb-container-inner-blocks-wrap\">\n<div class=\"wp-block-uagb-container uagb-block-c3675df0\">\n<h3 class=\"wp-block-heading has-text-align-center\" style=\"margin-top:0;margin-bottom:0;padding-top:0;padding-bottom:0\"><strong>Passez votre premi\u00e8re commande d\u00e8s aujourd\u2019hui\u00a0!<\/strong><\/h3>\n\n\n\n<p class=\"has-text-align-center\">Notre conseiller se fera un plaisir de vous aider<br>T\u00e9l\u00e9phonez<br><br><a href=\"tel:+496533956444\"><strong>+49(0)6533 \/ 956 444<\/strong><\/a><br><br>Ou envoyez votre demande par e-mail \u00e0 <br><strong><a href=\"mailto:vertrieb@elka-holzwerke.de\"><\/a><a href=\"mailto:vertrieb@elka-holzwerke.de\"><\/a><a href=\"mailto:vertrieb@elka-holzwerke.de\">vertrieb@elka-holzwerke.de<\/a><\/strong><\/p>\n\n\n\n<p>Quantit\u00e9 minimale de commande demi-chargement de camion, ainsi que des chargements complets, combinables avec toute notre gamme de vari\u00e9t\u00e9s elka\u00a0!<br><br><strong>Qualit\u00e9 garantie, certifi\u00e9e et contr\u00f4l\u00e9e. Innovations incluses.<\/strong><\/p>\n<\/div>\n\n\n\n<div class=\"wp-block-uagb-container uagb-block-6d204365\">\n<div class=\"wp-block-uagb-image aligncenter uagb-block-493c0e73 wp-block-uagb-image--layout-default wp-block-uagb-image--effect-static wp-block-uagb-image--align-center\"><figure class=\"wp-block-uagb-image__figure\"><img decoding=\"async\" srcset=\"https:\/\/www.elka-holzwerke.de\/wp-content\/uploads\/2025\/11\/martin_ingo.webp ,https:\/\/www.elka-holzwerke.de\/wp-content\/uploads\/2025\/11\/martin_ingo.webp 780w, https:\/\/www.elka-holzwerke.de\/wp-content\/uploads\/2025\/11\/martin_ingo.webp 360w\" sizes=\"auto, (max-width: 480px) 150px\" src=\"https:\/\/www.elka-holzwerke.de\/wp-content\/uploads\/2025\/11\/martin_ingo.webp\" alt=\"\" class=\"uag-image-3837\" width=\"414\" height=\"283\" title=\"martin_ingo\" loading=\"lazy\" role=\"img\"\/><\/figure><\/div>\n<\/div>\n<\/div><\/div>\n\n\n\n<h2 class=\"wp-block-heading has-text-align-center\">D\u00e9couvrez nos produits de marque<\/h2>\n\n\n\n<div class=\"wp-block-uagb-container uagb-block-b1939231 alignfull uagb-is-root-container\"><div class=\"uagb-container-inner-blocks-wrap\">\n<div class=\"wp-block-uagb-container uagb-block-64fafc61\">\n<figure class=\"wp-block-image size-full\"><img loading=\"lazy\" decoding=\"async\" width=\"300\" height=\"225\" src=\"https:\/\/www.elka-holzwerke.de\/wp-content\/uploads\/2024\/09\/kachel-schnittholz.webp\" alt=\"\" class=\"wp-image-189\" style=\"box-shadow:none\"\/><\/figure>\n\n\n\n<h4 class=\"wp-block-heading has-text-align-center\" style=\"font-size:1.5rem\">elka bois de sciage<\/h4>\n\n\n\n<div class=\"wp-block-buttons is-content-justification-center is-layout-flex wp-container-core-buttons-is-layout-a89b3969 wp-block-buttons-is-layout-flex\">\n<div class=\"wp-block-button\"><a class=\"wp-block-button__link wp-element-button\" href=\"https:\/\/www.elka-holzwerke.de\/fr\/produits-de-marque\/bois-de-sciage\/\" style=\"border-radius:0px\">Plus d&rsquo;informations<\/a><\/div>\n<\/div>\n<\/div>\n\n\n\n<div class=\"wp-block-uagb-container uagb-block-53e6ef8b\">\n<figure class=\"wp-block-image size-full\"><img loading=\"lazy\" decoding=\"async\" width=\"300\" height=\"225\" src=\"https:\/\/www.elka-holzwerke.de\/wp-content\/uploads\/2024\/09\/kachel-span.webp\" alt=\"\" class=\"wp-image-192\" style=\"box-shadow:none\"\/><\/figure>\n\n\n\n<h4 class=\"wp-block-heading has-text-align-center\" style=\"font-size:1.5rem\">Panneau de particules<\/h4>\n\n\n\n<div class=\"wp-block-buttons is-content-justification-center is-layout-flex wp-container-core-buttons-is-layout-a89b3969 wp-block-buttons-is-layout-flex\">\n<div class=\"wp-block-button\"><a class=\"wp-block-button__link wp-element-button\" href=\"https:\/\/www.elka-holzwerke.de\/fr\/produits-de-marque\/panneaux-de-particules-bruts\/\" style=\"border-radius:0px\">Plus d&rsquo;informations<\/a><\/div>\n<\/div>\n<\/div>\n\n\n\n<div class=\"wp-block-uagb-container uagb-block-889ffc0f\">\n<figure class=\"wp-block-image size-full\"><img loading=\"lazy\" decoding=\"async\" width=\"300\" height=\"225\" src=\"https:\/\/www.elka-holzwerke.de\/wp-content\/uploads\/2024\/09\/kachel-esb.webp\" alt=\"\" class=\"wp-image-190\" style=\"box-shadow:none\"\/><\/figure>\n\n\n\n<h4 class=\"wp-block-heading has-text-align-center\" style=\"font-size:1.5rem\">esb (elka strong board)&nbsp;<\/h4>\n\n\n\n<div class=\"wp-block-buttons is-content-justification-center is-layout-flex wp-container-core-buttons-is-layout-a89b3969 wp-block-buttons-is-layout-flex\">\n<div class=\"wp-block-button\"><a class=\"wp-block-button__link wp-element-button\" href=\"https:\/\/www.elka-holzwerke.de\/fr\/produits-de-marque\/esb-elka-strong-board\/\" style=\"border-radius:0px\">Plus d&rsquo;informations<\/a><\/div>\n<\/div>\n<\/div>\n\n\n\n<div class=\"wp-block-uagb-container uagb-block-51cad37b\">\n<figure class=\"wp-block-image size-full\"><img loading=\"lazy\" decoding=\"async\" width=\"300\" height=\"225\" src=\"https:\/\/www.elka-holzwerke.de\/wp-content\/uploads\/2024\/09\/kachel-vita.webp\" alt=\"\" class=\"wp-image-191\" style=\"box-shadow:none\"\/><\/figure>\n\n\n\n<h4 class=\"wp-block-heading has-text-align-center\" style=\"font-size:1.5rem\">Panneaux en bois naturel<\/h4>\n\n\n\n<div class=\"wp-block-buttons is-content-justification-center is-layout-flex wp-container-core-buttons-is-layout-a89b3969 wp-block-buttons-is-layout-flex\">\n<div class=\"wp-block-button\"><a class=\"wp-block-button__link wp-element-button\" href=\"https:\/\/www.elka-holzwerke.de\/fr\/produits-de-marque\/panneau-en-bois-naturel-vita\/\" style=\"border-radius:0px\">Plus d&rsquo;informations<\/a><\/div>\n<\/div>\n<\/div>\n<\/div><\/div>\n","protected":false},"excerpt":{"rendered":"<p>Votre exp\u00e9dition est entre de bonnes mains Emballage Le panneau d&#8217;emballage P5 d&rsquo;elka La solution d\u2019emballage s\u00fbre par des professionnels [&hellip;]<\/p>\n","protected":false},"author":1,"featured_media":0,"parent":3111,"menu_order":22,"comment_status":"closed","ping_status":"closed","template":"","meta":{"_acf_changed":false,"_uag_custom_page_level_css":"","site-sidebar-layout":"default","site-content-layout":"","ast-site-content-layout":"","site-content-style":"default","site-sidebar-style":"default","ast-global-header-display":"","ast-banner-title-visibility":"","ast-main-header-display":"","ast-hfb-above-header-display":"","ast-hfb-below-header-display":"","ast-hfb-mobile-header-display":"","site-post-title":"disabled","ast-breadcrumbs-content":"","ast-featured-img":"","footer-sml-layout":"","ast-disable-related-posts":"","theme-transparent-header-meta":"","adv-header-id-meta":"","stick-header-meta":"","header-above-stick-meta":"","header-main-stick-meta":"","header-below-stick-meta":"","astra-migrate-meta-layouts":"default","ast-page-background-enabled":"default","ast-page-background-meta":{"desktop":{"background-color":"var(--ast-global-color-4)","background-image":"","background-repeat":"repeat","background-position":"center center","background-size":"auto","background-attachment":"scroll","background-type":"","background-media":"","overlay-type":"","overlay-color":"","overlay-opacity":"","overlay-gradient":""},"tablet":{"background-color":"","background-image":"","background-repeat":"repeat","background-position":"center center","background-size":"auto","background-attachment":"scroll","background-type":"","background-media":"","overlay-type":"","overlay-color":"","overlay-opacity":"","overlay-gradient":""},"mobile":{"background-color":"","background-image":"","background-repeat":"repeat","background-position":"center center","background-size":"auto","background-attachment":"scroll","background-type":"","background-media":"","overlay-type":"","overlay-color":"","overlay-opacity":"","overlay-gradient":""}},"ast-content-background-meta":{"desktop":{"background-color":"var(--ast-global-color-5)","background-image":"","background-repeat":"repeat","background-position":"center center","background-size":"auto","background-attachment":"scroll","background-type":"","background-media":"","overlay-type":"","overlay-color":"","overlay-opacity":"","overlay-gradient":""},"tablet":{"background-color":"var(--ast-global-color-5)","background-image":"","background-repeat":"repeat","background-position":"center center","background-size":"auto","background-attachment":"scroll","background-type":"","background-media":"","overlay-type":"","overlay-color":"","overlay-opacity":"","overlay-gradient":""},"mobile":{"background-color":"var(--ast-global-color-5)","background-image":"","background-repeat":"repeat","background-position":"center center","background-size":"auto","background-attachment":"scroll","background-type":"","background-media":"","overlay-type":"","overlay-color":"","overlay-opacity":"","overlay-gradient":""}},"footnotes":""},"class_list":["post-3141","page","type-page","status-publish","hentry"],"acf":[],"uagb_featured_image_src":{"full":false,"thumbnail":false,"medium":false,"medium_large":false,"large":false,"1536x1536":false,"2048x2048":false,"gform-image-choice-sm":false,"gform-image-choice-md":false,"gform-image-choice-lg":false},"uagb_author_info":{"display_name":"pixelarbeiter","author_link":"https:\/\/www.elka-holzwerke.de\/fr\/author\/pixelarbeiter\/"},"uagb_comment_info":0,"uagb_excerpt":"Votre exp\u00e9dition est entre de bonnes mains Emballage Le panneau d&#8217;emballage P5 d&rsquo;elka La solution d\u2019emballage s\u00fbre par des professionnels [&hellip;]","_links":{"self":[{"href":"https:\/\/www.elka-holzwerke.de\/fr\/wp-json\/wp\/v2\/pages\/3141","targetHints":{"allow":["GET"]}}],"collection":[{"href":"https:\/\/www.elka-holzwerke.de\/fr\/wp-json\/wp\/v2\/pages"}],"about":[{"href":"https:\/\/www.elka-holzwerke.de\/fr\/wp-json\/wp\/v2\/types\/page"}],"author":[{"embeddable":true,"href":"https:\/\/www.elka-holzwerke.de\/fr\/wp-json\/wp\/v2\/users\/1"}],"replies":[{"embeddable":true,"href":"https:\/\/www.elka-holzwerke.de\/fr\/wp-json\/wp\/v2\/comments?post=3141"}],"version-history":[{"count":3,"href":"https:\/\/www.elka-holzwerke.de\/fr\/wp-json\/wp\/v2\/pages\/3141\/revisions"}],"predecessor-version":[{"id":3901,"href":"https:\/\/www.elka-holzwerke.de\/fr\/wp-json\/wp\/v2\/pages\/3141\/revisions\/3901"}],"up":[{"embeddable":true,"href":"https:\/\/www.elka-holzwerke.de\/fr\/wp-json\/wp\/v2\/pages\/3111"}],"wp:attachment":[{"href":"https:\/\/www.elka-holzwerke.de\/fr\/wp-json\/wp\/v2\/media?parent=3141"}],"curies":[{"name":"wp","href":"https:\/\/api.w.org\/{rel}","templated":true}]}}