{"id":3142,"date":"2024-09-29T11:59:16","date_gmt":"2024-09-29T09:59:16","guid":{"rendered":"https:\/\/www.elka-holzwerke.de\/esb-traverse\/"},"modified":"2025-12-12T11:28:12","modified_gmt":"2025-12-12T10:28:12","slug":"esb-traverse","status":"publish","type":"page","link":"https:\/\/www.elka-holzwerke.de\/fr\/produits-de-marque\/esb-elka-strong-board\/esb-traverse\/","title":{"rendered":"esb-traverse"},"content":{"rendered":"\n<div class=\"wp-block-uagb-container headercontainer uagb-block-061fac08 alignfull uagb-is-root-container\"><div class=\"uagb-container-inner-blocks-wrap\">\n<h2 class=\"wp-block-heading claim\">esb-Plus<\/h2>\n\n\n\n<h3 class=\"wp-block-heading headline\">Traverse<\/h3>\n<\/div><\/div>\n\n\n\n<div class=\"wp-block-uagb-container uagb-block-6789f2f7 alignfull uagb-is-root-container\"><div class=\"uagb-container-inner-blocks-wrap\">\n<h2 class=\"wp-block-heading has-text-align-center\" style=\"margin-top:var(--wp--preset--spacing--50);margin-bottom:var(--wp--preset--spacing--50);padding-top:0;padding-bottom:0;font-size:2.5rem\">Unique, la traverse esb-Plus pour la construction de cloisons s\u00e8ches<\/h2>\n<\/div><\/div>\n\n\n\n<div class=\"wp-block-uagb-container uagb-block-0ce09760 alignfull uagb-is-root-container\"><div class=\"uagb-container-inner-blocks-wrap\">\n<div class=\"wp-block-uagb-container uagb-block-cf05aed9\">\n<div class=\"wp-block-uagb-image uagb-block-acf0398a wp-block-uagb-image--layout-default wp-block-uagb-image--effect-static wp-block-uagb-image--align-none\"><figure class=\"wp-block-uagb-image__figure\"><img decoding=\"async\"  sizes=\"auto, (max-width: 480px) 150px\" src=\"https:\/\/www.elka-holzwerke.de\/wp-content\/uploads\/2024\/10\/kachel_esb_traverse.webp\" alt=\"\" width=\"300\" height=\"400\" title=\"\" loading=\"lazy\" role=\"img\"\/><\/figure><\/div>\n<\/div>\n\n\n\n<div class=\"wp-block-uagb-container uagb-block-e7e66311\">\n<h3 class=\"wp-block-heading\">Les traverses esb-Plus sont le choix id\u00e9al en termes de capacit\u00e9 de charge\u00a0\u00a0\u00a0\u00a0\u00a0\u00a0<\/h3>\n\n\n\n<p style=\"margin-top:0;margin-bottom:0\"><strong>22 mm<\/strong>&nbsp;d\u2019\u00e9paisseur avec une taille standard de&nbsp;<strong>623 x 300 mm<\/strong>&nbsp;selon la norme DIN 18183-1 \u2013 l\u2019option \u00e9conomique en pin maritime. Imbattable du fait du gain de temps \u00e9lev\u00e9 lors de l\u2019assemblage, par exemple avec les profil\u00e9s CW<\/p>\n\n\n\n<ul class=\"wp-block-list\">\n<li>Les donn\u00e9es sont identiques \u00e0 celles de l&rsquo;<a href=\"https:\/\/www.elka-holzwerke.de\/fr\/produits-de-marque\/esb-elka-strong-board\/esb-plus\/\" target=\"_blank\" rel=\"noreferrer noopener\">esb Plus<\/a><\/li>\n\n\n\n<li>Dimension de grille standardis\u00e9e, surface plane \u00e0 plaques de pl\u00e2tre sans reprise.<\/li>\n\n\n\n<li>Peut \u00eatre utilis\u00e9e avec des charges de console sup\u00e9rieures \u00e0 0,7 kN\/m \u00e0 1,5 kN\/m.<\/li>\n\n\n\n<li>La traverse esb-Plus peut \u00eatre command\u00e9e en palette avec votre vari\u00e9t\u00e9 elka.<\/li>\n<\/ul>\n<\/div>\n<\/div><\/div>\n\n\n\n<div class=\"wp-block-uagb-container uagb-block-d7cfcb75 alignfull uagb-is-root-container\"><div class=\"uagb-container-inner-blocks-wrap\">\n<div class=\"wp-block-uagb-container uagb-block-ff71c662\">\n<div class=\"wp-block-uagb-image uagb-block-4fffa1c1 wp-block-uagb-image--layout-default wp-block-uagb-image--effect-static wp-block-uagb-image--align-none\"><figure class=\"wp-block-uagb-image__figure\"><img decoding=\"async\"  sizes=\"auto, (max-width: 480px) 150px\" src=\"https:\/\/www.elka-holzwerke.de\/wp-content\/uploads\/2024\/10\/esb-traverse2.webp\" alt=\"\" width=\"350\" height=\"173\" title=\"\" loading=\"lazy\" role=\"img\"\/><\/figure><\/div>\n<\/div>\n\n\n\n<div class=\"wp-block-uagb-container uagb-block-6c924134\">\n<div class=\"wp-block-uagb-image uagb-block-0c26ccbd wp-block-uagb-image--layout-default wp-block-uagb-image--effect-static wp-block-uagb-image--align-none\"><figure class=\"wp-block-uagb-image__figure\"><img decoding=\"async\"  sizes=\"auto, (max-width: 480px) 150px\" src=\"https:\/\/www.elka-holzwerke.de\/wp-content\/uploads\/2024\/10\/esb_traverse.webp\" alt=\"\" width=\"800\" height=\"534\" title=\"\" loading=\"lazy\" role=\"img\"\/><\/figure><\/div>\n<\/div>\n<\/div><\/div>\n\n\n\n<div class=\"wp-block-uagb-container uagb-block-1b43dba3 alignfull uagb-is-root-container\"><div class=\"uagb-container-inner-blocks-wrap\">\n<h4 class=\"wp-block-heading\">T\u00e9l\u00e9chargements sur le th\u00e8me de l&rsquo;esb Plus<\/h4>\n\n\n\n<div class=\"wp-block-wpfd-wpfd-category\"><script type=\"text\/x-handlebars-template\" id=\"wpfd-template-preview-box\">    {{#with file}}    <div class=\"dropblock wpfd-content\">        <a href=\"javascript:void(0)\" class=\"wpfd-close\"><\/a>        <div class=\"filecontent\">            <div class=\"ext ext-{{ext}} wpfd-icon-set-png\"{{#if thumbnail_url}} style=\"background: url({{thumbnail_url}}) no-repeat\"{{\/if}}><span class=\"txt\">{{ext}}<\/span><\/div><h3><a href=\"{{linkdownload}}\"   class=\"wpfd_downloadlink\" title=\"{{post_title}}\" target=\"{{#if remote_file}}_blank{{\/if}}\"><span class=\"f_title\">{{{crop_title}}}<\/span>{{{new_marker_icon}}}<\/a><\/h3>            <div class=\"wpfd-extra\">                <div class=\"file-size\"><span>Taille :<\/span> {{bytesToSize size}}<\/div><div class=\"file-hits\"><span>Succ\u00e8s :<\/span> {{hits}}<\/div><div class=\"file-dated\"><span>Date d&#039;ajout:<\/span> {{created}}<\/div><div class=\"file-custom-fields\">{{#each custom_fields}}<div class=\"file-custom-field file-{{this.type}}\" data-field-type=\"{{this.type}}\" data-field-label=\"{{this.label}}\" data-field-val=\"{{this.value}}\"><span>{{this.label}} :<\/span> {{this.value}}<\/div>{{\/each}}<\/div>            <\/div>        <\/div>        <div class=\"extra-downloadlink\"><a class=\"downloadlink wpfd_downloadlink\"  href=\"{{linkdownload}}\"  style=\"background-color:rgba(2, 166, 94, 1);color:#ffffff;\" target=\"{{#if remote_file}}_blank{{\/if}}\">T\u00e9l\u00e9charger<i class=\"zmdi zmdi-cloud-download wpfd-download\"><\/i><\/a>{{#if openpdflink}}<a class=\"openlink wpfdlightbox wpfd_previewlink\" href=\"{{openpdflink}}\"  target=\"\">Aper\u00e7u                            <i class=\"zmdi zmdi-filter-center-focus wpfd-preview\"><\/i>                        <\/a>{{else}}{{#if viewerlink}}<a                            href=\"{{viewerlink}}\"                                                        class=\"openlink wpfdlightbox wpfd_previewlink\"                            target=\"\"                            data-id=\"{{ID}}\"                            data-catid=\"{{catid}}\"                            data-file-type=\"{{ext}}\">Aper\u00e7u<i class=\"zmdi zmdi-filter-center-focus wpfd-preview\"><\/i>                        <\/a>{{\/if}}{{\/if}}<\/div>    <\/div>    {{\/with}}<\/script><div class=\"wpfd-content wpfd-content-preview wpfd-content-category-normal wpfd-content-without-download-selected wpfd-content-multi\" data-category=\"191\"             style=\"display: none; background-color: rgba(255, 255, 255, 0);\"><input type=\"hidden\" id=\"current_category_191\" value=\"191\" \/>                    <input type=\"hidden\" id=\"current_category_slug_191\" value=\"esb-plus-traverse\" \/>                    <input type=\"hidden\" id=\"current_ordering_191\" value=\"title\" \/>                    <input type=\"hidden\" id=\"current_ordering_direction_191\" value=\"desc\" \/>                    <input type=\"hidden\" id=\"page_limit_191\" value=\"20\" \/><input type=\"hidden\" id=\"wpfd_display_empty_category_message\" value=\"0\" \/><input type=\"hidden\" id=\"wpfd_empty_category_message_val\" value=\"This file category has no files to display\" \/><input type=\"hidden\" id=\"wpfd_display_empty_folder\" value=\"0\" \/><input type=\"hidden\" id=\"wpfd_is_empty_subcategories\" value=\"1\" \/><input type=\"hidden\" id=\"wpfd_is_empty_files\" value=\"1\" \/><input type=\"hidden\" id=\"wpfd_root_category_id\" class=\"wpfd_root_category_id\" value=\"191\" \/><input type=\"hidden\" id=\"wpfd_root_category_theme\" class=\"wpfd_root_category_theme\" value=\"preview\" \/><input type=\"hidden\" id=\"wpfd_root_category_clone_theme_type\" class=\"wpfd_root_category_clone_theme_type\" value=\"none\" \/><input type=\"hidden\" id=\"wpfd_root_category_type\" class=\"wpfd_root_category_type\" value=\"191\" \/><input type=\"hidden\" id=\"wpfd_category_notify_file_changes\" class=\"wpfd_category_notify_file_changes\" value=\"0\" \/><input type=\"hidden\" id=\"wpfd_global_notify_file_changes\" class=\"wpfd_global_notify_file_changes\" value=\"0\" \/><input type=\"hidden\" id=\"wpfd_download_selected\" class=\"wpfd_download_selected\" value=\"0\" \/><input type=\"hidden\" id=\"wpfd_user_login\" class=\"wpfd_user_login\" value=\"0\" \/><div class=\"wpfd-content-header-section\"><\/div><script type=\"text\/x-handlebars-template\" class=\"wpfd-template-categories\">    <div class=\"wpfd-categories \">{{#if category}}{{#with category}}<h2>{{name}}<\/h2>{{#if parent}}<a class=\"catlink backcategory\" href=\"#\" data-idcat=\"{{parent}}\">                        <i class=\"zmdi zmdi-chevron-left\"><\/i><span>Retour<\/span><\/a>{{\/if}}{{\/with}}{{\/if}}{{#if categories}}{{#each categories}}<a class=\"wpfdcategory catlink preview_category\" style=\"margin : 10px 10px 50px 10px;\" href=\"#\" data-idcat=\"{{termID}}\" title=\"{{name}}\">                                <span>{{name}}<\/span><i class=\"zmdi zmdi-folder wpfd-folder\" style=\"color: {{color}}\"><\/i>                            <\/a>{{\/each}}{{\/if}}<div class=\"wpfdcategory_placeholder\" style=\"margin : 0 10px 0 10px;\"><\/div><div class=\"wpfdcategory_placeholder\" style=\"margin : 0 10px 0 10px;\"><\/div><div class=\"wpfdcategory_placeholder\" style=\"margin : 0 10px 0 10px;\"><\/div><\/div><\/script><script type=\"text\/x-handlebars-template\" class=\"wpfd-template-files\">    {{#if files}}    <div class=\"wpfd_list\">        {{#each files}}        <div class=\"file {{new_file_marker_class}}\" style=\"margin : 10px 10px 50px 10px;\"><div class=\"wpfd-file-top\">{{{new_marker_icon}}}<\/div><a class=\"wpfd-file-link\" href=\"#\" data-category_id=\"{{catid}}\" data-id=\"{{ID}}\" data-edit=\"{{edited}}\"><div class=\"dropblock\"><div class=\"ext ext-{{ext}} wpfd-icon-set-png\"><span class=\"txt\">{{ext}}<\/span><\/div><\/div><div class=\"dropblock-footer-section\" title=\"{{{crop_title}}}\"><div class=\"footer-content\"><div class=\"ext ext-{{ext}} wpfd-icon-set-png\"><span class=\"txt\"><\/div><div class=\"droptitle\">{{{crop_title}}}<\/div><\/div><\/div><\/a><\/div>        {{\/each}}        <div class=\"wpfd-file-placeholder\" style=\"margin: 10px 10px 10px 10px\"><\/div><div class=\"wpfd-file-placeholder\" style=\"margin: 10px 10px 10px 10px\"><\/div><div class=\"wpfd-file-placeholder\" style=\"margin: 10px 10px 10px 10px\"><\/div>    <\/div>    {{\/if}}<\/script><div class=\"wpfd-container folder-tree-left\">    <div class=\"wpfd-foldertree wpfd-foldertree-preview foldertree-hide\"><\/div>    <div class=\"wpfd-open-tree\"><\/div>    <div class=\"wpfd-col wpfd-container-preview  with_foldertree\">            <div class=\"wpfd-categories \"><h2 class=\"wpfd-category-theme-title\">esb-Plus Traverse<\/h2><a class=\"wpfdcategory catlink\" style=\"margin : 10px 10px 50px 10px;\" href=\"#\"                                   data-idcat=\"192\"                                   title=\"Certificats\">                                    <span>Certificats<\/span>                                    <i class=\"zmdi zmdi-folder wpfd-folder\" style=\"color: \"><\/i>                                <\/a><div class=\"wpfdcategory_placeholder\" style=\"margin : 0 10px 0 10px;\"><\/div><div class=\"wpfdcategory_placeholder\" style=\"margin : 0 10px 0 10px;\"><\/div><div class=\"wpfdcategory_placeholder\" style=\"margin : 0 10px 0 10px;\"><\/div><input type=\"hidden\" id=\"wpfd_subcategories_hover_color\" class=\"wpfd_subcategories_hover_color\" value=\"#02a65e\" \/><\/div>                        <\/div><\/div><\/div><\/div>\n<\/div><\/div>\n\n\n\n<div class=\"wp-block-uagb-container uagb-block-85d3c695 alignfull uagb-is-root-container\"><div class=\"uagb-container-inner-blocks-wrap\">\n<div class=\"wp-block-uagb-container uagb-block-7d639363\">\n<div class=\"wp-block-uagb-image uagb-block-8fd8017f wp-block-uagb-image--layout-default wp-block-uagb-image--effect-static wp-block-uagb-image--align-none\"><figure class=\"wp-block-uagb-image__figure\"><a class=\"\" href=\"https:\/\/vhi.de\/\" target=\"_blank\" rel=\"noreferrer noopener\"><img decoding=\"async\" srcset=\"https:\/\/www.elka-holzwerke.de\/wp-content\/uploads\/2024\/10\/siegel-allgemein25-1.webp ,https:\/\/www.elka-holzwerke.de\/wp-content\/uploads\/2024\/10\/siegel-allgemein25-1.webp 780w, https:\/\/www.elka-holzwerke.de\/wp-content\/uploads\/2024\/10\/siegel-allgemein25-1.webp 360w\" sizes=\"auto, (max-width: 480px) 150px\" src=\"https:\/\/www.elka-holzwerke.de\/wp-content\/uploads\/2024\/10\/siegel-allgemein25-1.webp\" alt=\"\" class=\"uag-image-934\" width=\"200\" height=\"200\" title=\"siegel-allgemein25\" loading=\"lazy\" role=\"img\"\/><\/a><\/figure><\/div>\n<\/div>\n\n\n\n<div class=\"wp-block-uagb-container uagb-block-2feed18f\">\n<div class=\"wp-block-uagb-image uagb-block-a47871b0 wp-block-uagb-image--layout-default wp-block-uagb-image--effect-static wp-block-uagb-image--align-none\"><figure class=\"wp-block-uagb-image__figure\"><a class=\"\" href=\"https:\/\/qg-holzwerkstoffe.de\/\" target=\"\" rel=\"noopener\"><img decoding=\"async\" srcset=\"https:\/\/www.elka-holzwerke.de\/wp-content\/uploads\/2024\/10\/siegel-allgemein17.webp ,https:\/\/www.elka-holzwerke.de\/wp-content\/uploads\/2024\/10\/siegel-allgemein17.webp 780w, https:\/\/www.elka-holzwerke.de\/wp-content\/uploads\/2024\/10\/siegel-allgemein17.webp 360w\" sizes=\"auto, (max-width: 480px) 150px\" src=\"https:\/\/www.elka-holzwerke.de\/wp-content\/uploads\/2024\/10\/siegel-allgemein17.webp\" alt=\"\" class=\"uag-image-932\" width=\"200\" height=\"200\" title=\"siegel-allgemein17\" loading=\"lazy\" role=\"img\"\/><\/a><\/figure><\/div>\n<\/div>\n\n\n\n<div class=\"wp-block-uagb-container uagb-block-f17ddc6b\">\n<div class=\"wp-block-uagb-image uagb-block-695af2d9 wp-block-uagb-image--layout-default wp-block-uagb-image--effect-static wp-block-uagb-image--align-none\"><figure class=\"wp-block-uagb-image__figure\"><a class=\"\" href=\"https:\/\/www.elka-holzwerke.de\/fr\/a-propos-de-elka\/environnement-et-developpement-durable\/\" target=\"\" rel=\"noopener\"><img decoding=\"async\" srcset=\"https:\/\/www.elka-holzwerke.de\/wp-content\/uploads\/2024\/10\/holz_rettet_klima_200x.webp ,https:\/\/www.elka-holzwerke.de\/wp-content\/uploads\/2024\/10\/holz_rettet_klima_200x.webp 780w, https:\/\/www.elka-holzwerke.de\/wp-content\/uploads\/2024\/10\/holz_rettet_klima_200x.webp 360w\" sizes=\"auto, (max-width: 480px) 150px\" src=\"https:\/\/www.elka-holzwerke.de\/wp-content\/uploads\/2024\/10\/holz_rettet_klima_200x.webp\" alt=\"\" class=\"uag-image-928\" width=\"200\" height=\"200\" title=\"holz_rettet_klima_200x\" loading=\"lazy\" role=\"img\"\/><\/a><\/figure><\/div>\n<\/div>\n\n\n\n<div class=\"wp-block-uagb-container uagb-block-1485c5e4\">\n<div class=\"wp-block-uagb-image uagb-block-6dcaa09d wp-block-uagb-image--layout-default wp-block-uagb-image--effect-static wp-block-uagb-image--align-none\"><figure class=\"wp-block-uagb-image__figure\"><a class=\"\" href=\"https:\/\/www.dgnb-navigator.de\/produktdatenbank\/produkt\/08b61750-6b09-4fd6-b014-bfa0d35ec8ca?cHash=61f8f894c607fda40be7629e6f54afdc\" target=\"_blank\" rel=\"noreferrer noopener\"><img decoding=\"async\" srcset=\"https:\/\/www.elka-holzwerke.de\/wp-content\/uploads\/2024\/10\/siegel-allgemein22.webp ,https:\/\/www.elka-holzwerke.de\/wp-content\/uploads\/2024\/10\/siegel-allgemein22.webp 780w, https:\/\/www.elka-holzwerke.de\/wp-content\/uploads\/2024\/10\/siegel-allgemein22.webp 360w\" sizes=\"auto, (max-width: 480px) 150px\" src=\"https:\/\/www.elka-holzwerke.de\/wp-content\/uploads\/2024\/10\/siegel-allgemein22.webp\" alt=\"\" class=\"uag-image-933\" width=\"200\" height=\"200\" title=\"siegel-allgemein22\" loading=\"lazy\" role=\"img\"\/><\/a><\/figure><\/div>\n<\/div>\n<\/div><\/div>\n\n\n\n<div class=\"wp-block-uagb-container uagb-block-73a8d4f0 alignfull uagb-is-root-container\"><div class=\"uagb-container-inner-blocks-wrap\">\n<div class=\"wp-block-uagb-container uagb-block-b3f5dca7\"><\/div>\n\n\n\n<div class=\"wp-block-uagb-container uagb-block-6d719d51\">\n<div class=\"wp-block-uagb-image uagb-block-1fffd449 wp-block-uagb-image--layout-default wp-block-uagb-image--effect-static wp-block-uagb-image--align-none\"><figure class=\"wp-block-uagb-image__figure\"><img decoding=\"async\" srcset=\"https:\/\/www.elka-holzwerke.de\/wp-content\/uploads\/2024\/10\/fichtenholz-voc-min.webp ,https:\/\/www.elka-holzwerke.de\/wp-content\/uploads\/2024\/10\/fichtenholz-voc-min.webp 780w, https:\/\/www.elka-holzwerke.de\/wp-content\/uploads\/2024\/10\/fichtenholz-voc-min.webp 360w\" sizes=\"auto, (max-width: 480px) 150px\" src=\"https:\/\/www.elka-holzwerke.de\/wp-content\/uploads\/2024\/10\/fichtenholz-voc-min.webp\" alt=\"\" class=\"uag-image-927\" width=\"200\" height=\"200\" title=\"fichtenholz-voc-min\" loading=\"lazy\" role=\"img\"\/><\/figure><\/div>\n<\/div>\n\n\n\n<div class=\"wp-block-uagb-container uagb-block-42b312a4\">\n<div class=\"wp-block-uagb-image uagb-block-c860eb46 wp-block-uagb-image--layout-default wp-block-uagb-image--effect-static wp-block-uagb-image--align-none\"><figure class=\"wp-block-uagb-image__figure\"><img decoding=\"async\" srcset=\"https:\/\/www.elka-holzwerke.de\/wp-content\/uploads\/2024\/10\/made_in_germany-min.webp ,https:\/\/www.elka-holzwerke.de\/wp-content\/uploads\/2024\/10\/made_in_germany-min.webp 780w, https:\/\/www.elka-holzwerke.de\/wp-content\/uploads\/2024\/10\/made_in_germany-min.webp 360w\" sizes=\"auto, (max-width: 480px) 150px\" src=\"https:\/\/www.elka-holzwerke.de\/wp-content\/uploads\/2024\/10\/made_in_germany-min.webp\" alt=\"\" class=\"uag-image-931\" width=\"200\" height=\"200\" title=\"made_in_germany-min\" loading=\"lazy\" role=\"img\"\/><\/figure><\/div>\n<\/div>\n\n\n\n<div class=\"wp-block-uagb-container uagb-block-a8affe09\"><\/div>\n<\/div><\/div>\n\n\n\n<div class=\"wp-block-uagb-container uagb-block-32606905 alignfull uagb-is-root-container\"><div class=\"uagb-container-inner-blocks-wrap\">\n<div class=\"wp-block-uagb-container uagb-block-c3675df0\">\n<h3 class=\"wp-block-heading has-text-align-center\" style=\"margin-top:0;margin-bottom:0;padding-top:0;padding-bottom:0\"><strong>Vous avez des questions sur<\/strong><br><strong>notre gamme de&nbsp;esb&nbsp; ?<\/strong><\/h3>\n\n\n\n<p class=\"has-text-align-center\">Notre conseiller se fera un plaisir de vous aider<br>T\u00e9l\u00e9phonez<br><br><a href=\"tel:+496533956444\"><strong>+49(0)6533 \/ 956 444<\/strong><\/a><br><br>Ou envoyez votre demande par e-mail \u00e0 <br><strong><a href=\"mailto:vertrieb@elka-holzwerke.de\"><\/a><a href=\"mailto:vertrieb@elka-holzwerke.de\"><\/a><a href=\"mailto:vertrieb@elka-holzwerke.de\">vertrieb@elka-holzwerke.de<\/a><\/strong><\/p>\n<\/div>\n\n\n\n<div class=\"wp-block-uagb-container uagb-block-6d204365\">\n<div class=\"wp-block-uagb-image aligncenter uagb-block-493c0e73 wp-block-uagb-image--layout-default wp-block-uagb-image--effect-static wp-block-uagb-image--align-center\"><figure class=\"wp-block-uagb-image__figure\"><img decoding=\"async\" srcset=\"https:\/\/www.elka-holzwerke.de\/wp-content\/uploads\/2025\/11\/martin_ingo.webp ,https:\/\/www.elka-holzwerke.de\/wp-content\/uploads\/2025\/11\/martin_ingo.webp 780w, https:\/\/www.elka-holzwerke.de\/wp-content\/uploads\/2025\/11\/martin_ingo.webp 360w\" sizes=\"auto, (max-width: 480px) 150px\" src=\"https:\/\/www.elka-holzwerke.de\/wp-content\/uploads\/2025\/11\/martin_ingo.webp\" alt=\"\" class=\"uag-image-3837\" width=\"414\" height=\"283\" title=\"martin_ingo\" loading=\"lazy\" role=\"img\"\/><\/figure><\/div>\n<\/div>\n<\/div><\/div>\n\n\n\n<p><\/p>\n","protected":false},"excerpt":{"rendered":"<p>esb-Plus Traverse Unique, la traverse esb-Plus pour la construction de cloisons s\u00e8ches Les traverses esb-Plus sont le choix id\u00e9al en [&hellip;]<\/p>\n","protected":false},"author":1,"featured_media":0,"parent":3158,"menu_order":18,"comment_status":"closed","ping_status":"closed","template":"","meta":{"_acf_changed":false,"_uag_custom_page_level_css":"","site-sidebar-layout":"default","site-content-layout":"","ast-site-content-layout":"","site-content-style":"default","site-sidebar-style":"default","ast-global-header-display":"","ast-banner-title-visibility":"","ast-main-header-display":"","ast-hfb-above-header-display":"","ast-hfb-below-header-display":"","ast-hfb-mobile-header-display":"","site-post-title":"disabled","ast-breadcrumbs-content":"","ast-featured-img":"","footer-sml-layout":"","ast-disable-related-posts":"","theme-transparent-header-meta":"","adv-header-id-meta":"","stick-header-meta":"","header-above-stick-meta":"","header-main-stick-meta":"","header-below-stick-meta":"","astra-migrate-meta-layouts":"default","ast-page-background-enabled":"default","ast-page-background-meta":{"desktop":{"background-color":"var(--ast-global-color-4)","background-image":"","background-repeat":"repeat","background-position":"center center","background-size":"auto","background-attachment":"scroll","background-type":"","background-media":"","overlay-type":"","overlay-color":"","overlay-opacity":"","overlay-gradient":""},"tablet":{"background-color":"","background-image":"","background-repeat":"repeat","background-position":"center center","background-size":"auto","background-attachment":"scroll","background-type":"","background-media":"","overlay-type":"","overlay-color":"","overlay-opacity":"","overlay-gradient":""},"mobile":{"background-color":"","background-image":"","background-repeat":"repeat","background-position":"center center","background-size":"auto","background-attachment":"scroll","background-type":"","background-media":"","overlay-type":"","overlay-color":"","overlay-opacity":"","overlay-gradient":""}},"ast-content-background-meta":{"desktop":{"background-color":"var(--ast-global-color-5)","background-image":"","background-repeat":"repeat","background-position":"center center","background-size":"auto","background-attachment":"scroll","background-type":"","background-media":"","overlay-type":"","overlay-color":"","overlay-opacity":"","overlay-gradient":""},"tablet":{"background-color":"var(--ast-global-color-5)","background-image":"","background-repeat":"repeat","background-position":"center center","background-size":"auto","background-attachment":"scroll","background-type":"","background-media":"","overlay-type":"","overlay-color":"","overlay-opacity":"","overlay-gradient":""},"mobile":{"background-color":"var(--ast-global-color-5)","background-image":"","background-repeat":"repeat","background-position":"center center","background-size":"auto","background-attachment":"scroll","background-type":"","background-media":"","overlay-type":"","overlay-color":"","overlay-opacity":"","overlay-gradient":""}},"footnotes":""},"class_list":["post-3142","page","type-page","status-publish","hentry"],"acf":[],"uagb_featured_image_src":{"full":false,"thumbnail":false,"medium":false,"medium_large":false,"large":false,"1536x1536":false,"2048x2048":false,"gform-image-choice-sm":false,"gform-image-choice-md":false,"gform-image-choice-lg":false},"uagb_author_info":{"display_name":"pixelarbeiter","author_link":"https:\/\/www.elka-holzwerke.de\/fr\/author\/pixelarbeiter\/"},"uagb_comment_info":0,"uagb_excerpt":"esb-Plus Traverse Unique, la traverse esb-Plus pour la construction de cloisons s\u00e8ches Les traverses esb-Plus sont le choix id\u00e9al en [&hellip;]","_links":{"self":[{"href":"https:\/\/www.elka-holzwerke.de\/fr\/wp-json\/wp\/v2\/pages\/3142","targetHints":{"allow":["GET"]}}],"collection":[{"href":"https:\/\/www.elka-holzwerke.de\/fr\/wp-json\/wp\/v2\/pages"}],"about":[{"href":"https:\/\/www.elka-holzwerke.de\/fr\/wp-json\/wp\/v2\/types\/page"}],"author":[{"embeddable":true,"href":"https:\/\/www.elka-holzwerke.de\/fr\/wp-json\/wp\/v2\/users\/1"}],"replies":[{"embeddable":true,"href":"https:\/\/www.elka-holzwerke.de\/fr\/wp-json\/wp\/v2\/comments?post=3142"}],"version-history":[{"count":4,"href":"https:\/\/www.elka-holzwerke.de\/fr\/wp-json\/wp\/v2\/pages\/3142\/revisions"}],"predecessor-version":[{"id":4195,"href":"https:\/\/www.elka-holzwerke.de\/fr\/wp-json\/wp\/v2\/pages\/3142\/revisions\/4195"}],"up":[{"embeddable":true,"href":"https:\/\/www.elka-holzwerke.de\/fr\/wp-json\/wp\/v2\/pages\/3158"}],"wp:attachment":[{"href":"https:\/\/www.elka-holzwerke.de\/fr\/wp-json\/wp\/v2\/media?parent=3142"}],"curies":[{"name":"wp","href":"https:\/\/api.w.org\/{rel}","templated":true}]}}