{"id":3151,"date":"2024-09-29T11:59:16","date_gmt":"2024-09-29T09:59:16","guid":{"rendered":"https:\/\/www.elka-holzwerke.de\/produits-de-marque\/panneaux-de-particules-bruts\/"},"modified":"2025-12-28T15:59:33","modified_gmt":"2025-12-28T14:59:33","slug":"panneaux-de-particules","status":"publish","type":"page","link":"https:\/\/www.elka-holzwerke.de\/fr\/produits-de-marque\/panneaux-de-particules\/","title":{"rendered":"Panneaux de particules bruts"},"content":{"rendered":"\n<div class=\"wp-block-uagb-container headercontainer uagb-block-061fac08 alignfull uagb-is-root-container\"><div class=\"uagb-container-inner-blocks-wrap\">\n<h2 class=\"wp-block-heading claim\">Qualit\u00e9, Service &amp; Fiabilit\u00e9<\/h2>\n\n\n\n<h3 class=\"wp-block-heading headline\">Agglom\u00e9r\u00e9<\/h3>\n<\/div><\/div>\n\n\n\n<div class=\"wp-block-uagb-container uagb-block-6789f2f7 alignfull uagb-is-root-container\"><div class=\"uagb-container-inner-blocks-wrap\">\n<h2 class=\"wp-block-heading has-text-align-center\" style=\"margin-top:var(--wp--preset--spacing--50);margin-bottom:var(--wp--preset--spacing--50);padding-top:0;padding-bottom:0;font-size:2.5rem\">Le bon choix pour chaque application : Panneau de particules elka<\/h2>\n<\/div><\/div>\n\n\n\n<div class=\"wp-block-uagb-container uagb-block-081bb31a alignfull uagb-is-root-container\"><div class=\"uagb-container-inner-blocks-wrap\">\n<div class=\"wp-block-uagb-container uagb-block-c4a74f3b\">\n<div class=\"wp-block-uagb-image uagb-block-56805a16 wp-block-uagb-image--layout-default wp-block-uagb-image--effect-static wp-block-uagb-image--align-none\"><figure class=\"wp-block-uagb-image__figure\"><img decoding=\"async\"  sizes=\"auto, (max-width: 480px) 150px\" src=\"https:\/\/www.elka-holzwerke.de\/wp-content\/uploads\/2024\/10\/bild_2022-02-28_144332.webp\" alt=\"\" width=\"300\" height=\"319\" title=\"\" loading=\"lazy\" role=\"img\"\/><\/figure><\/div>\n<\/div>\n\n\n\n<div class=\"wp-block-uagb-container uagb-block-1eedb54d\">\n<h3 class=\"wp-block-heading\" style=\"padding-top:0;padding-bottom:0\">Qualit\u00e9, service et fiabilit\u00e9 font partie de notre travail quotidien. C&rsquo;est avec fiert\u00e9 que nous nous d\u00e9crivons nous-m\u00eames comme les sp\u00e9cialistes des panneaux de particules brutes.<\/h3>\n\n\n\n<p style=\"padding-top:0;padding-bottom:0\">En plus des panneaux de particules standard, nous produisons de nombreuses qualit\u00e9s sp\u00e9ciales en<\/p>\n\n\n\n<ul class=\"wp-block-list\">\n<li>P0 (panneaux l\u00e9gers de particules \u00e0 500 kg\/m\u00b3, p. ex. pour les pour meubles)<\/li>\n\n\n\n<li>P1 (p. ex. plaques d\u2019emballage)<\/li>\n\n\n\n<li>P2\/P4 (panneaux de particules, p. ex. pour l\u2019industrie du meuble et les portes)<\/li>\n\n\n\n<li>P5 (panneaux de particules, p. ex. pour la construction modulaire et l\u2019industrie de la construction)<\/li>\n\n\n\n<li>P5 esb dans toutes les variantes<\/li>\n\n\n\n<li>P6 (panneaux de particules haute densit\u00e9 pour applications sp\u00e9ciales, p. ex. pour la construction d\u2019\u00e9tag\u00e8res et de planchers sur\u00e9lev\u00e9s)<\/li>\n<\/ul>\n<\/div>\n<\/div><\/div>\n\n\n\n<div class=\"wp-block-uagb-container uagb-block-bb5e2dd6 alignfull uagb-is-root-container\"><div class=\"uagb-container-inner-blocks-wrap\">\n<div class=\"wp-block-uagb-container uagb-block-1d482797\">\n<div class=\"wp-block-uagb-image uagb-block-d4cb6e2a wp-block-uagb-image--layout-default wp-block-uagb-image--effect-static wp-block-uagb-image--align-none\"><figure class=\"wp-block-uagb-image__figure\"><img decoding=\"async\"  sizes=\"auto, (max-width: 480px) 150px\" src=\"https:\/\/www.elka-holzwerke.de\/wp-content\/uploads\/2024\/10\/span-icon-.webp\" alt=\"\" width=\"200\" height=\"200\" title=\"\" loading=\"lazy\" role=\"img\"\/><\/figure><\/div>\n\n\n\n<h4 class=\"wp-block-heading has-text-align-center\">La qualit\u00e9 commence par la mati\u00e8re premi\u00e8re<\/h4>\n\n\n\n<ul class=\"wp-block-list\">\n<li>Utilisation exclusive de bois frais r\u00e9colt\u00e9 de mani\u00e8re durable<\/li>\n\n\n\n<li>Votre avantage : pas de corps \u00e9trangers, faible teneur en sable \u2013 dur\u00e9e de vie plus longue<\/li>\n\n\n\n<li>Moins d&rsquo;\u00e9missions<\/li>\n<\/ul>\n<\/div>\n\n\n\n<div class=\"wp-block-uagb-container uagb-block-b283ce44\">\n<div class=\"wp-block-uagb-image uagb-block-5c066789 wp-block-uagb-image--layout-default wp-block-uagb-image--effect-static wp-block-uagb-image--align-none\"><figure class=\"wp-block-uagb-image__figure\"><img decoding=\"async\"  sizes=\"auto, (max-width: 480px) 150px\" src=\"https:\/\/www.elka-holzwerke.de\/wp-content\/uploads\/2024\/10\/span-icon-2.webp\" alt=\"\" width=\"200\" height=\"200\" title=\"\" loading=\"lazy\" role=\"img\"\/><\/figure><\/div>\n\n\n\n<h4 class=\"wp-block-heading has-text-align-center\">Des caract\u00e9ristiques de produit convaincantes<\/h4>\n\n\n\n<ul class=\"wp-block-list\">\n<li>La surface brillante et lisse des panneaux de particules bruts elka est parfaite pour le placage et le rev\u00eatement.<\/li>\n\n\n\n<li>Pour une installation rapide du panneau, \u00e9ventuellement avec fraisage \u00e0 rainure et languette \u00ab NF easy \u00bb<\/li>\n<\/ul>\n<\/div>\n\n\n\n<div class=\"wp-block-uagb-container uagb-block-edb0a201\">\n<div class=\"wp-block-uagb-image uagb-block-f1bab8fa wp-block-uagb-image--layout-default wp-block-uagb-image--effect-static wp-block-uagb-image--align-none\"><figure class=\"wp-block-uagb-image__figure\"><img decoding=\"async\"  sizes=\"auto, (max-width: 480px) 150px\" src=\"https:\/\/www.elka-holzwerke.de\/wp-content\/uploads\/2024\/10\/span-icon-3.webp\" alt=\"\" width=\"200\" height=\"200\" title=\"\" loading=\"lazy\" role=\"img\"\/><\/figure><\/div>\n\n\n\n<h4 class=\"wp-block-heading has-text-align-center\">&nbsp;&nbsp;Votre r\u00e9ussite est ce qui <br>nous anime<\/h4>\n\n\n\n<ul class=\"wp-block-list\">\n<li>Nous r\u00e9pondons \u00e0 vos souhaits et optimisons la recette des panneaux de particules bruts selon vos exigences<\/li>\n\n\n\n<li>Avec notre centre de d\u00e9coupe nous pouvons r\u00e9pondre sp\u00e9cifiquement \u00e0 vos exigences de format<\/li>\n\n\n\n<li>Les livraisons combin\u00e9es avec des panneaux en bois naturel, des panneaux esb et du bois sci\u00e9 sont une \u00e9vidence !<\/li>\n<\/ul>\n<\/div>\n<\/div><\/div>\n\n\n\n<div class=\"wp-block-uagb-container uagb-block-33cc0486 alignfull uagb-is-root-container\"><div class=\"uagb-container-inner-blocks-wrap\">\n<div class=\"wp-block-uagb-container uagb-block-7f9f49fe\">\n<h4 class=\"wp-block-heading\">Excellent profil de rainure et languette <img loading=\"lazy\" decoding=\"async\" width=\"150\" height=\"67\" class=\"wp-image-849\" style=\"width: 150px;\" src=\"https:\/\/www.elka-holzwerke.de\/wp-content\/uploads\/2024\/10\/nf-easy-logo.webp\" alt=\"\"><\/h4>\n\n\n\n<p>Nous garantissons un haut degr\u00e9 de pr\u00e9cision gr\u00e2ce \u00e0 notre profil \u00e0 rainure et languette elka partiellement conique.<\/p>\n\n\n\n<div class=\"wp-block-uagb-image uagb-block-74985025 wp-block-uagb-image--layout-default wp-block-uagb-image--effect-static wp-block-uagb-image--align-none\"><figure class=\"wp-block-uagb-image__figure\"><img decoding=\"async\"  sizes=\"auto, (max-width: 480px) 150px\" src=\"https:\/\/www.elka-holzwerke.de\/wp-content\/uploads\/2024\/10\/nf-easy.webp\" alt=\"\" width=\"700\" height=\"88\" title=\"\" loading=\"lazy\" role=\"img\"\/><\/figure><\/div>\n<\/div>\n\n\n\n<div class=\"wp-block-uagb-container uagb-block-83f70cc6\">\n<figure class=\"wp-block-image size-full\"><img loading=\"lazy\" decoding=\"async\" width=\"600\" height=\"450\" src=\"https:\/\/www.elka-holzwerke.de\/wp-content\/uploads\/2024\/10\/span-foto3.webp\" alt=\"\" class=\"wp-image-850\" srcset=\"https:\/\/www.elka-holzwerke.de\/wp-content\/uploads\/2024\/10\/span-foto3.webp 600w, https:\/\/www.elka-holzwerke.de\/wp-content\/uploads\/2024\/10\/span-foto3-300x225.webp 300w\" sizes=\"auto, (max-width: 600px) 100vw, 600px\" \/><\/figure>\n<\/div>\n<\/div><\/div>\n\n\n\n<div class=\"wp-block-uagb-container uagb-block-6384e11e alignfull uagb-is-root-container\"><div class=\"uagb-container-inner-blocks-wrap\">\n<div class=\"wp-block-uagb-container uagb-block-f922348b\">\n<p>Nos panneaux de particules sont fabriqu\u00e9s exclusivement \u00e0 partir de bois frais. Le bois frais provient directement de notre propre scierie et des scieries r\u00e9gionales. Le bois forestier provient du Hunsr\u00fcck, \u00e0 une courte distance. Du fait de l\u2019utilisation durable et r\u00e9gionale de la mati\u00e8re premi\u00e8re bois, nous pouvons \u00e9galement vous proposer des panneaux de particules certifi\u00e9s PEFC et FSC.<br><br>En raison de l\u2019utilisation de bois frais, nos panneaux de particules ont une faible proportion de sable, pas de corps \u00e9trangers et sont donc tr\u00e8s bien adapt\u00e9s \u00e0 un traitement ult\u00e9rieur (coupe, fraisage, per\u00e7age, etc.). La dur\u00e9e de vie de vos outils s&rsquo;en trouve rallong\u00e9e&nbsp;!<br><br><strong>En collaboration avec nos clients, nous optimisons nos panneaux d&rsquo;agglom\u00e9r\u00e9 en fonction de l&rsquo;usage pr\u00e9vu (des ajustements de format, de formulation et de poids sont possibles).<\/strong><br><br>Nous optimisons l&rsquo;activit\u00e9 quotidienne de nos clients, que ce soit avec des panneaux de particules \u00e0 languette et rainure, avec des productions individuelles ou des coupes sur mesure, ou encore des livraisons ponctuelles, m\u00eame en quantit\u00e9s partielles, directement sur les chantiers de construction ou \u00e0 d\u2019autres adresses de livraison.<\/p>\n<\/div>\n\n\n\n<div class=\"wp-block-uagb-container uagb-block-b6a7eed2\">\n<div class=\"wp-block-uagb-image uagb-block-42278766 wp-block-uagb-image--layout-default wp-block-uagb-image--effect-static wp-block-uagb-image--align-none\"><figure class=\"wp-block-uagb-image__figure\"><img decoding=\"async\" srcset=\"https:\/\/www.elka-holzwerke.de\/wp-content\/uploads\/2025\/11\/elka-spanplatte_web-1.webp ,https:\/\/www.elka-holzwerke.de\/wp-content\/uploads\/2025\/11\/elka-spanplatte_web-1.webp 780w, https:\/\/www.elka-holzwerke.de\/wp-content\/uploads\/2025\/11\/elka-spanplatte_web-1.webp 360w\" sizes=\"auto, (max-width: 480px) 150px\" src=\"https:\/\/www.elka-holzwerke.de\/wp-content\/uploads\/2025\/11\/elka-spanplatte_web-1.webp\" alt=\"\" class=\"uag-image-3889\" width=\"300\" height=\"400\" title=\"elka-spanplatte_web\" loading=\"lazy\" role=\"img\"\/><\/figure><\/div>\n<\/div>\n<\/div><\/div>\n\n\n\n<div class=\"wp-block-uagb-container uagb-block-cb3a987e alignfull uagb-is-root-container\"><div class=\"uagb-container-inner-blocks-wrap\">\n<h2 class=\"wp-block-heading\">T\u00e9l\u00e9chargements sur le th\u00e8me des panneaux d&rsquo;agglom\u00e9r\u00e9<\/h2>\n\n\n\n<div class=\"wp-block-wpfd-wpfd-category\"><script type=\"text\/x-handlebars-template\" id=\"wpfd-template-preview-box\">    {{#with file}}    <div class=\"dropblock wpfd-content\">        <a href=\"javascript:void(0)\" class=\"wpfd-close\"><\/a>        <div class=\"filecontent\">            <div class=\"ext ext-{{ext}} wpfd-icon-set-png\"{{#if thumbnail_url}} style=\"background: url({{thumbnail_url}}) no-repeat\"{{\/if}}><span class=\"txt\">{{ext}}<\/span><\/div><h3><a href=\"{{linkdownload}}\"   class=\"wpfd_downloadlink\" title=\"{{post_title}}\" target=\"{{#if remote_file}}_blank{{\/if}}\"><span class=\"f_title\">{{{crop_title}}}<\/span>{{{new_marker_icon}}}<\/a><\/h3>            <div class=\"wpfd-extra\">                <div class=\"file-size\"><span>Taille :<\/span> {{bytesToSize size}}<\/div><div class=\"file-hits\"><span>Succ\u00e8s :<\/span> {{hits}}<\/div><div class=\"file-dated\"><span>Date d&#039;ajout:<\/span> {{created}}<\/div><div class=\"file-custom-fields\">{{#each custom_fields}}<div class=\"file-custom-field file-{{this.type}}\" data-field-type=\"{{this.type}}\" data-field-label=\"{{this.label}}\" data-field-val=\"{{this.value}}\"><span>{{this.label}} :<\/span> {{this.value}}<\/div>{{\/each}}<\/div>            <\/div>        <\/div>        <div class=\"extra-downloadlink\"><a class=\"downloadlink wpfd_downloadlink\"  href=\"{{linkdownload}}\"  style=\"background-color:rgba(2, 166, 94, 1);color:#ffffff;\" target=\"{{#if remote_file}}_blank{{\/if}}\">T\u00e9l\u00e9charger<i class=\"zmdi zmdi-cloud-download wpfd-download\"><\/i><\/a>{{#if openpdflink}}<a class=\"openlink wpfdlightbox wpfd_previewlink\" href=\"{{openpdflink}}\"  target=\"\">Aper\u00e7u                            <i class=\"zmdi zmdi-filter-center-focus wpfd-preview\"><\/i>                        <\/a>{{else}}{{#if viewerlink}}<a                            href=\"{{viewerlink}}\"                                                        class=\"openlink wpfdlightbox wpfd_previewlink\"                            target=\"\"                            data-id=\"{{ID}}\"                            data-catid=\"{{catid}}\"                            data-file-type=\"{{ext}}\">Aper\u00e7u<i class=\"zmdi zmdi-filter-center-focus wpfd-preview\"><\/i>                        <\/a>{{\/if}}{{\/if}}<\/div>    <\/div>    {{\/with}}<\/script><div class=\"wpfd-content wpfd-content-preview wpfd-content-category-normal wpfd-content-without-download-selected wpfd-content-multi\" data-category=\"173\"             style=\"display: none; background-color: rgba(255, 255, 255, 0);\"><input type=\"hidden\" id=\"current_category_173\" value=\"173\" \/>                    <input type=\"hidden\" id=\"current_category_slug_173\" value=\"panneau-de-particules\" \/>                    <input type=\"hidden\" id=\"current_ordering_173\" value=\"title\" \/>                    <input type=\"hidden\" id=\"current_ordering_direction_173\" value=\"desc\" \/>                    <input type=\"hidden\" id=\"page_limit_173\" value=\"20\" \/><input type=\"hidden\" id=\"wpfd_display_empty_category_message\" value=\"0\" \/><input type=\"hidden\" id=\"wpfd_empty_category_message_val\" value=\"This file category has no files to display\" \/><input type=\"hidden\" id=\"wpfd_display_empty_folder\" value=\"0\" \/><input type=\"hidden\" id=\"wpfd_is_empty_subcategories\" value=\"1\" \/><input type=\"hidden\" id=\"wpfd_is_empty_files\" value=\"1\" \/><input type=\"hidden\" id=\"wpfd_root_category_id\" class=\"wpfd_root_category_id\" value=\"173\" \/><input type=\"hidden\" id=\"wpfd_root_category_theme\" class=\"wpfd_root_category_theme\" value=\"preview\" \/><input type=\"hidden\" id=\"wpfd_root_category_clone_theme_type\" class=\"wpfd_root_category_clone_theme_type\" value=\"none\" \/><input type=\"hidden\" id=\"wpfd_root_category_type\" class=\"wpfd_root_category_type\" value=\"173\" \/><input type=\"hidden\" id=\"wpfd_category_notify_file_changes\" class=\"wpfd_category_notify_file_changes\" value=\"0\" \/><input type=\"hidden\" id=\"wpfd_global_notify_file_changes\" class=\"wpfd_global_notify_file_changes\" value=\"0\" \/><input type=\"hidden\" id=\"wpfd_download_selected\" class=\"wpfd_download_selected\" value=\"0\" \/><input type=\"hidden\" id=\"wpfd_user_login\" class=\"wpfd_user_login\" value=\"0\" \/><div class=\"wpfd-content-header-section\"><\/div><script type=\"text\/x-handlebars-template\" class=\"wpfd-template-categories\">    <div class=\"wpfd-categories \">{{#if category}}{{#with category}}<h2>{{name}}<\/h2>{{#if parent}}<a class=\"catlink backcategory\" href=\"#\" data-idcat=\"{{parent}}\">                        <i class=\"zmdi zmdi-chevron-left\"><\/i><span>Retour<\/span><\/a>{{\/if}}{{\/with}}{{\/if}}{{#if categories}}{{#each categories}}<a class=\"wpfdcategory catlink preview_category\" style=\"margin : 10px 10px 50px 10px;\" href=\"#\" data-idcat=\"{{termID}}\" title=\"{{name}}\">                                <span>{{name}}<\/span><i class=\"zmdi zmdi-folder wpfd-folder\" style=\"color: {{color}}\"><\/i>                            <\/a>{{\/each}}{{\/if}}<div class=\"wpfdcategory_placeholder\" style=\"margin : 0 10px 0 10px;\"><\/div><div class=\"wpfdcategory_placeholder\" style=\"margin : 0 10px 0 10px;\"><\/div><div class=\"wpfdcategory_placeholder\" style=\"margin : 0 10px 0 10px;\"><\/div><\/div><\/script><script type=\"text\/x-handlebars-template\" class=\"wpfd-template-files\">    {{#if files}}    <div class=\"wpfd_list\">        {{#each files}}        <div class=\"file {{new_file_marker_class}}\" style=\"margin : 10px 10px 50px 10px;\"><div class=\"wpfd-file-top\">{{{new_marker_icon}}}<\/div><a class=\"wpfd-file-link\" href=\"#\" data-category_id=\"{{catid}}\" data-id=\"{{ID}}\" data-edit=\"{{edited}}\"><div class=\"dropblock\"><div class=\"ext ext-{{ext}} wpfd-icon-set-png\"><span class=\"txt\">{{ext}}<\/span><\/div><\/div><div class=\"dropblock-footer-section\" title=\"{{{crop_title}}}\"><div class=\"footer-content\"><div class=\"ext ext-{{ext}} wpfd-icon-set-png\"><span class=\"txt\"><\/div><div class=\"droptitle\">{{{crop_title}}}<\/div><\/div><\/div><\/a><\/div>        {{\/each}}        <div class=\"wpfd-file-placeholder\" style=\"margin: 10px 10px 10px 10px\"><\/div><div class=\"wpfd-file-placeholder\" style=\"margin: 10px 10px 10px 10px\"><\/div><div class=\"wpfd-file-placeholder\" style=\"margin: 10px 10px 10px 10px\"><\/div>    <\/div>    {{\/if}}<\/script><div class=\"wpfd-container folder-tree-left\">    <div class=\"wpfd-foldertree wpfd-foldertree-preview foldertree-hide\"><\/div>    <div class=\"wpfd-open-tree\"><\/div>    <div class=\"wpfd-col wpfd-container-preview  with_foldertree\">            <div class=\"wpfd-categories \"><h2 class=\"wpfd-category-theme-title\">Panneau de particules<\/h2><a class=\"wpfdcategory catlink\" style=\"margin : 10px 10px 50px 10px;\" href=\"#\"                                   data-idcat=\"174\"                                   title=\"D\u00e9claration de performance\">                                    <span>D\u00e9claration de performance<\/span>                                    <i class=\"zmdi zmdi-folder wpfd-folder\" style=\"color: \"><\/i>                                <\/a><a class=\"wpfdcategory catlink\" style=\"margin : 10px 10px 50px 10px;\" href=\"#\"                                   data-idcat=\"175\"                                   title=\"certificats\">                                    <span>certificats<\/span>                                    <i class=\"zmdi zmdi-folder wpfd-folder\" style=\"color: \"><\/i>                                <\/a><div class=\"wpfdcategory_placeholder\" style=\"margin : 0 10px 0 10px;\"><\/div><div class=\"wpfdcategory_placeholder\" style=\"margin : 0 10px 0 10px;\"><\/div><div class=\"wpfdcategory_placeholder\" style=\"margin : 0 10px 0 10px;\"><\/div><input type=\"hidden\" id=\"wpfd_subcategories_hover_color\" class=\"wpfd_subcategories_hover_color\" value=\"#02a65e\" \/><\/div>                        <\/div><\/div><\/div><\/div>\n<\/div><\/div>\n\n\n\n<div class=\"wp-block-uagb-container uagb-block-cdbc6ae8 alignfull uagb-is-root-container\"><div class=\"uagb-container-inner-blocks-wrap\">\n<div class=\"wp-block-uagb-container uagb-block-e12c312a\">\n<div class=\"wp-block-uagb-image uagb-block-5289fadd wp-block-uagb-image--layout-default wp-block-uagb-image--effect-static wp-block-uagb-image--align-none\"><figure class=\"wp-block-uagb-image__figure\"><a class=\"\" href=\"https:\/\/www.elka-holzwerke.de\/fr\/notre-entreprise\/\" target=\"\" rel=\"noopener\"><img decoding=\"async\"  sizes=\"auto, (max-width: 480px) 150px\" src=\"https:\/\/www.elka-holzwerke.de\/wp-content\/uploads\/2024\/10\/siegel-allgemein2.webp\" alt=\"\" width=\"247\" height=\"247\" title=\"\" loading=\"lazy\" role=\"img\"\/><\/a><\/figure><\/div>\n<\/div>\n\n\n\n<div class=\"wp-block-uagb-container uagb-block-4ed495ff\">\n<div class=\"wp-block-uagb-image aligncenter uagb-block-3e70b6fe wp-block-uagb-image--layout-default wp-block-uagb-image--effect-static wp-block-uagb-image--align-center\"><figure class=\"wp-block-uagb-image__figure\"><img decoding=\"async\"  sizes=\"auto, (max-width: 480px) 150px\" src=\"https:\/\/www.elka-holzwerke.de\/wp-content\/uploads\/2024\/10\/siegel-allgemein16.webp\" alt=\"\" width=\"221\" height=\"221\" title=\"\" loading=\"lazy\" role=\"img\"\/><\/figure><\/div>\n<\/div>\n\n\n\n<div class=\"wp-block-uagb-container uagb-block-05956f01\">\n<div class=\"wp-block-uagb-image uagb-block-1bd05c8a wp-block-uagb-image--layout-default wp-block-uagb-image--effect-static wp-block-uagb-image--align-none\"><figure class=\"wp-block-uagb-image__figure\"><a class=\"\" href=\"https:\/\/www.elka-holzwerke.de\/fr\/notre-entreprise\/environnement-et-developpement-durable\/declarations-environnementales-de-produits\/\" target=\"\" rel=\"noopener\"><img decoding=\"async\"  sizes=\"auto, (max-width: 480px) 150px\" src=\"https:\/\/www.elka-holzwerke.de\/wp-content\/uploads\/2024\/10\/siegel-allgemein25.webp\" alt=\"\" width=\"200\" height=\"200\" title=\"\" loading=\"lazy\" role=\"img\"\/><\/a><\/figure><\/div>\n<\/div>\n<\/div><\/div>\n\n\n\n<div class=\"wp-block-uagb-container uagb-block-32606905 alignfull uagb-is-root-container\"><div class=\"uagb-container-inner-blocks-wrap\">\n<div class=\"wp-block-uagb-container uagb-block-c3675df0\">\n<h3 class=\"wp-block-heading has-text-align-center\" style=\"margin-top:0;margin-bottom:0;padding-top:0;padding-bottom:0\"><strong>Vous avez des questions sur<\/strong><br><strong>notre gamme de&nbsp;panneaux de particules&nbsp; ?<\/strong><\/h3>\n\n\n\n<p class=\"has-text-align-center\">Notre conseiller se fera un plaisir de vous aider<br>T\u00e9l\u00e9phonez<br><br><a href=\"tel:+496533956444\"><strong>+49(0)6533 \/ 956 444<\/strong><\/a><br><br>Ou envoyez votre demande par e-mail \u00e0 <br><strong><a href=\"mailto:vertrieb@elka-holzwerke.de\"><\/a><a href=\"mailto:vertrieb@elka-holzwerke.de\"><\/a><a href=\"mailto:vertrieb@elka-holzwerke.de\">vertrieb@elka-holzwerke.de<\/a><\/strong><\/p>\n<\/div>\n\n\n\n<div class=\"wp-block-uagb-container uagb-block-6d204365\">\n<div class=\"wp-block-uagb-image aligncenter uagb-block-493c0e73 wp-block-uagb-image--layout-default wp-block-uagb-image--effect-static wp-block-uagb-image--align-center\"><figure class=\"wp-block-uagb-image__figure\"><img decoding=\"async\" srcset=\"https:\/\/www.elka-holzwerke.de\/wp-content\/uploads\/2025\/11\/martin_ingo.webp ,https:\/\/www.elka-holzwerke.de\/wp-content\/uploads\/2025\/11\/martin_ingo.webp 780w, https:\/\/www.elka-holzwerke.de\/wp-content\/uploads\/2025\/11\/martin_ingo.webp 360w\" sizes=\"auto, (max-width: 480px) 150px\" src=\"https:\/\/www.elka-holzwerke.de\/wp-content\/uploads\/2025\/11\/martin_ingo.webp\" alt=\"\" class=\"uag-image-3837\" width=\"414\" height=\"283\" title=\"martin_ingo\" loading=\"lazy\" role=\"img\"\/><\/figure><\/div>\n<\/div>\n<\/div><\/div>\n\n\n\n<p><\/p>\n","protected":false},"excerpt":{"rendered":"<p>Qualit\u00e9, Service &amp; Fiabilit\u00e9 Agglom\u00e9r\u00e9 Le bon choix pour chaque application : Panneau de particules elka Qualit\u00e9, service et fiabilit\u00e9 [&hellip;]<\/p>\n","protected":false},"author":1,"featured_media":0,"parent":3111,"menu_order":13,"comment_status":"closed","ping_status":"closed","template":"","meta":{"_acf_changed":false,"_uag_custom_page_level_css":"","site-sidebar-layout":"default","site-content-layout":"","ast-site-content-layout":"","site-content-style":"default","site-sidebar-style":"default","ast-global-header-display":"","ast-banner-title-visibility":"","ast-main-header-display":"","ast-hfb-above-header-display":"","ast-hfb-below-header-display":"","ast-hfb-mobile-header-display":"","site-post-title":"disabled","ast-breadcrumbs-content":"","ast-featured-img":"","footer-sml-layout":"","ast-disable-related-posts":"","theme-transparent-header-meta":"","adv-header-id-meta":"","stick-header-meta":"","header-above-stick-meta":"","header-main-stick-meta":"","header-below-stick-meta":"","astra-migrate-meta-layouts":"default","ast-page-background-enabled":"default","ast-page-background-meta":{"desktop":{"background-color":"var(--ast-global-color-4)","background-image":"","background-repeat":"repeat","background-position":"center center","background-size":"auto","background-attachment":"scroll","background-type":"","background-media":"","overlay-type":"","overlay-color":"","overlay-opacity":"","overlay-gradient":""},"tablet":{"background-color":"","background-image":"","background-repeat":"repeat","background-position":"center center","background-size":"auto","background-attachment":"scroll","background-type":"","background-media":"","overlay-type":"","overlay-color":"","overlay-opacity":"","overlay-gradient":""},"mobile":{"background-color":"","background-image":"","background-repeat":"repeat","background-position":"center center","background-size":"auto","background-attachment":"scroll","background-type":"","background-media":"","overlay-type":"","overlay-color":"","overlay-opacity":"","overlay-gradient":""}},"ast-content-background-meta":{"desktop":{"background-color":"var(--ast-global-color-5)","background-image":"","background-repeat":"repeat","background-position":"center center","background-size":"auto","background-attachment":"scroll","background-type":"","background-media":"","overlay-type":"","overlay-color":"","overlay-opacity":"","overlay-gradient":""},"tablet":{"background-color":"var(--ast-global-color-5)","background-image":"","background-repeat":"repeat","background-position":"center center","background-size":"auto","background-attachment":"scroll","background-type":"","background-media":"","overlay-type":"","overlay-color":"","overlay-opacity":"","overlay-gradient":""},"mobile":{"background-color":"var(--ast-global-color-5)","background-image":"","background-repeat":"repeat","background-position":"center center","background-size":"auto","background-attachment":"scroll","background-type":"","background-media":"","overlay-type":"","overlay-color":"","overlay-opacity":"","overlay-gradient":""}},"footnotes":""},"class_list":["post-3151","page","type-page","status-publish","hentry"],"acf":[],"uagb_featured_image_src":{"full":false,"thumbnail":false,"medium":false,"medium_large":false,"large":false,"1536x1536":false,"2048x2048":false,"gform-image-choice-sm":false,"gform-image-choice-md":false,"gform-image-choice-lg":false},"uagb_author_info":{"display_name":"pixelarbeiter","author_link":"https:\/\/www.elka-holzwerke.de\/fr\/author\/pixelarbeiter\/"},"uagb_comment_info":0,"uagb_excerpt":"Qualit\u00e9, Service &amp; Fiabilit\u00e9 Agglom\u00e9r\u00e9 Le bon choix pour chaque application : Panneau de particules elka Qualit\u00e9, service et fiabilit\u00e9 [&hellip;]","_links":{"self":[{"href":"https:\/\/www.elka-holzwerke.de\/fr\/wp-json\/wp\/v2\/pages\/3151","targetHints":{"allow":["GET"]}}],"collection":[{"href":"https:\/\/www.elka-holzwerke.de\/fr\/wp-json\/wp\/v2\/pages"}],"about":[{"href":"https:\/\/www.elka-holzwerke.de\/fr\/wp-json\/wp\/v2\/types\/page"}],"author":[{"embeddable":true,"href":"https:\/\/www.elka-holzwerke.de\/fr\/wp-json\/wp\/v2\/users\/1"}],"replies":[{"embeddable":true,"href":"https:\/\/www.elka-holzwerke.de\/fr\/wp-json\/wp\/v2\/comments?post=3151"}],"version-history":[{"count":10,"href":"https:\/\/www.elka-holzwerke.de\/fr\/wp-json\/wp\/v2\/pages\/3151\/revisions"}],"predecessor-version":[{"id":4314,"href":"https:\/\/www.elka-holzwerke.de\/fr\/wp-json\/wp\/v2\/pages\/3151\/revisions\/4314"}],"up":[{"embeddable":true,"href":"https:\/\/www.elka-holzwerke.de\/fr\/wp-json\/wp\/v2\/pages\/3111"}],"wp:attachment":[{"href":"https:\/\/www.elka-holzwerke.de\/fr\/wp-json\/wp\/v2\/media?parent=3151"}],"curies":[{"name":"wp","href":"https:\/\/api.w.org\/{rel}","templated":true}]}}