{"id":3187,"date":"2024-09-13T22:36:27","date_gmt":"2024-09-13T20:36:27","guid":{"rendered":"https:\/\/www.elka-holzwerke.de\/achat-de-bois\/"},"modified":"2025-11-17T20:51:42","modified_gmt":"2025-11-17T19:51:42","slug":"achat-de-bois","status":"publish","type":"page","link":"https:\/\/www.elka-holzwerke.de\/fr\/notre-entreprise\/achat-de-bois\/","title":{"rendered":"Achat de bois"},"content":{"rendered":"\n<div class=\"wp-block-uagb-container headercontainer uagb-block-061fac08 alignfull uagb-is-root-container\"><div class=\"uagb-container-inner-blocks-wrap\">\n<h2 class=\"wp-block-heading claim\">La certitude de l&rsquo;origine<\/h2>\n\n\n\n<h3 class=\"wp-block-heading headline\">Achat de bois<\/h3>\n<\/div><\/div>\n\n\n\n<div class=\"wp-block-uagb-container uagb-block-6789f2f7 alignfull uagb-is-root-container\"><div class=\"uagb-container-inner-blocks-wrap\">\n<h2 class=\"wp-block-heading has-text-align-center\" style=\"margin-top:var(--wp--preset--spacing--50);margin-bottom:var(--wp--preset--spacing--50);padding-top:0;padding-bottom:0;font-size:2.5rem\">PEFC\u2122 et FSC\u00ae<\/h2>\n<\/div><\/div>\n\n\n\n<div class=\"wp-block-uagb-container uagb-block-060ccc16 alignfull uagb-is-root-container\"><div class=\"uagb-container-inner-blocks-wrap\">\n<div class=\"wp-block-uagb-container uagb-block-93e32ebb\">\n<p>Les certifications PEFC\u2122 et FSC\u00ae garantissent une exploitation foresti\u00e8re durable et font d\u00e9j\u00e0 l\u2019objet d\u2019une attention particuli\u00e8re lors de l\u2019achat de bois. Seul du bois issu d\u2019une exploitation foresti\u00e8re durable et contr\u00f4l\u00e9e est achet\u00e9. Pour des raisons \u00e9cologiques, mais aussi \u00e9conomiques, la zone commerciale se trouve dans un rayon d\u2019environ 150 km. Elka s\u2019appuie sur ses nombreuses ann\u00e9es de coop\u00e9ration de confiance avec ses fournisseurs et transporteurs. Nous garantissons ainsi l&rsquo;approvisionnement continu de notre usine de Morbach.<\/p>\n\n\n\n<figure class=\"wp-block-gallery has-nested-images columns-default is-cropped wp-block-gallery-2 is-layout-flex wp-block-gallery-is-layout-flex\">\n<figure class=\"wp-block-image size-large\"><img loading=\"lazy\" decoding=\"async\" width=\"400\" height=\"533\" data-id=\"26\" src=\"https:\/\/www.elka-holzwerke.de\/wp-content\/uploads\/2024\/09\/pefcschatten.webp\" alt=\"\" class=\"wp-image-26\" style=\"box-shadow:none\" srcset=\"https:\/\/www.elka-holzwerke.de\/wp-content\/uploads\/2024\/09\/pefcschatten.webp 400w, https:\/\/www.elka-holzwerke.de\/wp-content\/uploads\/2024\/09\/pefcschatten-225x300.webp 225w\" sizes=\"auto, (max-width: 400px) 100vw, 400px\" \/><\/figure>\n\n\n\n<figure class=\"wp-block-image size-large\"><img loading=\"lazy\" decoding=\"async\" width=\"400\" height=\"533\" data-id=\"27\" src=\"https:\/\/www.elka-holzwerke.de\/wp-content\/uploads\/2024\/09\/fscschatten.webp\" alt=\"\" class=\"wp-image-27\" style=\"box-shadow:none\" srcset=\"https:\/\/www.elka-holzwerke.de\/wp-content\/uploads\/2024\/09\/fscschatten.webp 400w, https:\/\/www.elka-holzwerke.de\/wp-content\/uploads\/2024\/09\/fscschatten-225x300.webp 225w\" sizes=\"auto, (max-width: 400px) 100vw, 400px\" \/><\/figure>\n<\/figure>\n<\/div>\n\n\n\n<div class=\"wp-block-uagb-container uagb-block-10ea061d\">\n<figure class=\"wp-block-image aligncenter size-full\"><img loading=\"lazy\" decoding=\"async\" width=\"800\" height=\"600\" src=\"https:\/\/www.elka-holzwerke.de\/wp-content\/uploads\/2024\/09\/holzladen-im-wald-800x600-1.webp\" alt=\"\" class=\"wp-image-23\" srcset=\"https:\/\/www.elka-holzwerke.de\/wp-content\/uploads\/2024\/09\/holzladen-im-wald-800x600-1.webp 800w, https:\/\/www.elka-holzwerke.de\/wp-content\/uploads\/2024\/09\/holzladen-im-wald-800x600-1-300x225.webp 300w, https:\/\/www.elka-holzwerke.de\/wp-content\/uploads\/2024\/09\/holzladen-im-wald-800x600-1-768x576.webp 768w\" sizes=\"auto, (max-width: 800px) 100vw, 800px\" \/><figcaption class=\"wp-element-caption\">Enl\u00e8vement des rondins par l\u2019un de nos propres chauffeurs de camion<\/figcaption><\/figure>\n<\/div>\n<\/div><\/div>\n\n\n\n<h3 class=\"wp-block-heading has-text-align-center\">Vous avez d&rsquo;autres questions ?<\/h3>\n\n\n\n<h5 class=\"wp-block-heading has-text-align-center\">N&rsquo;h\u00e9sitez pas \u00e0 nous appeler :<\/h5>\n\n\n\n<h5 class=\"wp-block-heading has-text-align-center\"><strong>T\u00e9l\u00e9phone\u00a0<a href=\"tel:+496533956444\">+49(0)6533 \/ 956 444<\/a><\/strong><\/h5>\n\n\n\n<div style=\"height:100px\" aria-hidden=\"true\" class=\"wp-block-spacer\"><\/div>\n","protected":false},"excerpt":{"rendered":"<p>La certitude de l&rsquo;origine Achat de bois PEFC\u2122 et FSC\u00ae Les certifications PEFC\u2122 et FSC\u00ae garantissent une exploitation foresti\u00e8re durable [&hellip;]<\/p>\n","protected":false},"author":1,"featured_media":0,"parent":3213,"menu_order":0,"comment_status":"closed","ping_status":"closed","template":"","meta":{"_acf_changed":false,"_uag_custom_page_level_css":"","site-sidebar-layout":"default","site-content-layout":"","ast-site-content-layout":"","site-content-style":"default","site-sidebar-style":"default","ast-global-header-display":"","ast-banner-title-visibility":"","ast-main-header-display":"","ast-hfb-above-header-display":"","ast-hfb-below-header-display":"","ast-hfb-mobile-header-display":"","site-post-title":"disabled","ast-breadcrumbs-content":"","ast-featured-img":"","footer-sml-layout":"","ast-disable-related-posts":"","theme-transparent-header-meta":"","adv-header-id-meta":"","stick-header-meta":"","header-above-stick-meta":"","header-main-stick-meta":"","header-below-stick-meta":"","astra-migrate-meta-layouts":"default","ast-page-background-enabled":"default","ast-page-background-meta":{"desktop":{"background-color":"var(--ast-global-color-4)","background-image":"","background-repeat":"repeat","background-position":"center center","background-size":"auto","background-attachment":"scroll","background-type":"","background-media":"","overlay-type":"","overlay-color":"","overlay-opacity":"","overlay-gradient":""},"tablet":{"background-color":"","background-image":"","background-repeat":"repeat","background-position":"center center","background-size":"auto","background-attachment":"scroll","background-type":"","background-media":"","overlay-type":"","overlay-color":"","overlay-opacity":"","overlay-gradient":""},"mobile":{"background-color":"","background-image":"","background-repeat":"repeat","background-position":"center center","background-size":"auto","background-attachment":"scroll","background-type":"","background-media":"","overlay-type":"","overlay-color":"","overlay-opacity":"","overlay-gradient":""}},"ast-content-background-meta":{"desktop":{"background-color":"var(--ast-global-color-5)","background-image":"","background-repeat":"repeat","background-position":"center center","background-size":"auto","background-attachment":"scroll","background-type":"","background-media":"","overlay-type":"","overlay-color":"","overlay-opacity":"","overlay-gradient":""},"tablet":{"background-color":"var(--ast-global-color-5)","background-image":"","background-repeat":"repeat","background-position":"center center","background-size":"auto","background-attachment":"scroll","background-type":"","background-media":"","overlay-type":"","overlay-color":"","overlay-opacity":"","overlay-gradient":""},"mobile":{"background-color":"var(--ast-global-color-5)","background-image":"","background-repeat":"repeat","background-position":"center center","background-size":"auto","background-attachment":"scroll","background-type":"","background-media":"","overlay-type":"","overlay-color":"","overlay-opacity":"","overlay-gradient":""}},"footnotes":""},"class_list":["post-3187","page","type-page","status-publish","hentry"],"acf":[],"uagb_featured_image_src":{"full":false,"thumbnail":false,"medium":false,"medium_large":false,"large":false,"1536x1536":false,"2048x2048":false,"gform-image-choice-sm":false,"gform-image-choice-md":false,"gform-image-choice-lg":false},"uagb_author_info":{"display_name":"pixelarbeiter","author_link":"https:\/\/www.elka-holzwerke.de\/fr\/author\/pixelarbeiter\/"},"uagb_comment_info":0,"uagb_excerpt":"La certitude de l&rsquo;origine Achat de bois PEFC\u2122 et FSC\u00ae Les certifications PEFC\u2122 et FSC\u00ae garantissent une exploitation foresti\u00e8re durable [&hellip;]","_links":{"self":[{"href":"https:\/\/www.elka-holzwerke.de\/fr\/wp-json\/wp\/v2\/pages\/3187","targetHints":{"allow":["GET"]}}],"collection":[{"href":"https:\/\/www.elka-holzwerke.de\/fr\/wp-json\/wp\/v2\/pages"}],"about":[{"href":"https:\/\/www.elka-holzwerke.de\/fr\/wp-json\/wp\/v2\/types\/page"}],"author":[{"embeddable":true,"href":"https:\/\/www.elka-holzwerke.de\/fr\/wp-json\/wp\/v2\/users\/1"}],"replies":[{"embeddable":true,"href":"https:\/\/www.elka-holzwerke.de\/fr\/wp-json\/wp\/v2\/comments?post=3187"}],"version-history":[{"count":3,"href":"https:\/\/www.elka-holzwerke.de\/fr\/wp-json\/wp\/v2\/pages\/3187\/revisions"}],"predecessor-version":[{"id":3789,"href":"https:\/\/www.elka-holzwerke.de\/fr\/wp-json\/wp\/v2\/pages\/3187\/revisions\/3789"}],"up":[{"embeddable":true,"href":"https:\/\/www.elka-holzwerke.de\/fr\/wp-json\/wp\/v2\/pages\/3213"}],"wp:attachment":[{"href":"https:\/\/www.elka-holzwerke.de\/fr\/wp-json\/wp\/v2\/media?parent=3187"}],"curies":[{"name":"wp","href":"https:\/\/api.w.org\/{rel}","templated":true}]}}