{"id":3209,"date":"2024-09-29T11:59:16","date_gmt":"2024-09-29T09:59:16","guid":{"rendered":"https:\/\/www.elka-holzwerke.de\/environnement-et-developpement-durable\/materiaux-derives-du-bois-a-faible-emission\/"},"modified":"2025-12-28T16:03:24","modified_gmt":"2025-12-28T15:03:24","slug":"materiaux-a-base-de-bois-a-faibles-emissions","status":"publish","type":"page","link":"https:\/\/www.elka-holzwerke.de\/fr\/notre-entreprise\/environnement-et-durabilite\/materiaux-a-base-de-bois-a-faibles-emissions\/","title":{"rendered":"Mat\u00e9riaux d\u00e9riv\u00e9s du bois \u00e0 faible \u00e9mission"},"content":{"rendered":"\n<div class=\"wp-block-uagb-container headercontainer uagb-block-061fac08 alignfull uagb-is-root-container\"><div class=\"uagb-container-inner-blocks-wrap\">\n<h2 class=\"wp-block-heading claim\">Prot\u00e9gez la chose la plus pr\u00e9cieuse que vous ayez<\/h2>\n\n\n\n<h3 class=\"wp-block-heading headline\">La sant\u00e9 de l&rsquo;habitat<\/h3>\n<\/div><\/div>\n\n\n\n<div class=\"wp-block-uagb-container uagb-block-6789f2f7 alignfull uagb-is-root-container\"><div class=\"uagb-container-inner-blocks-wrap\">\n<h2 class=\"wp-block-heading has-text-align-center\" style=\"margin-top:var(--wp--preset--spacing--50);margin-bottom:var(--wp--preset--spacing--50);padding-top:0;padding-bottom:0;font-size:2.5rem\">La durabilit\u00e9 devient un nouveau mode de vie<\/h2>\n<\/div><\/div>\n\n\n\n<div class=\"wp-block-uagb-container uagb-block-f5b19e76 alignfull uagb-is-root-container\"><div class=\"uagb-container-inner-blocks-wrap\">\n<div class=\"wp-block-uagb-container uagb-block-ca1eea58\">\n<div class=\"wp-block-uagb-image uagb-block-f3514f7c wp-block-uagb-image--layout-default wp-block-uagb-image--effect-static wp-block-uagb-image--align-none\"><figure class=\"wp-block-uagb-image__figure\"><img decoding=\"async\"  sizes=\"auto, (max-width: 480px) 150px\" src=\"https:\/\/www.elka-holzwerke.de\/wp-content\/uploads\/2024\/10\/referenz_rensch_haus.webp\" alt=\"\" width=\"800\" height=\"600\" title=\"\" loading=\"lazy\" role=\"img\"\/><figcaption class=\"uagb-image-caption\"><em>Le mod\u00e8le de maison \u00ab\u00a0Victoria\u00a0\u00bb de RENSCH-HAUS, construit comme maison \u00e0 \u00e9nergie positive 40 Plus, a convaincu le jury du \u00ab\u00a0German Model House Award\u00a0\u00bb en 2020 et a remport\u00e9 l\u2019or dans la cat\u00e9gorie Premium House (esb PLUS \u2013 R\u00e9f\u00e9rence).<br>Source\u00a0: Avec l\u2019aimable autorisation de Rensch-Haus GmbH<\/em><\/figcaption><\/figure><\/div>\n<\/div>\n\n\n\n<div class=\"wp-block-uagb-container uagb-block-684ad684\">\n<p>Le comportement d\u2019achat durable joue un r\u00f4le de plus en plus important pour les consommateurs. 81% ont d\u00e9clar\u00e9 pr\u00eater attention \u00e0 la durabilit\u00e9 lors de leurs achats (2019). C\u2019est le r\u00e9sultat d\u2019une \u00e9tude du cabinet d\u2019audit KPMG et de l\u2019IFH de Cologne&nbsp;: \u00ab&nbsp;La durabilit\u00e9 fait partie de notre r\u00e9alit\u00e9 quotidienne et changera fondamentalement l\u2019\u00e9conomie et la soci\u00e9t\u00e9. Car les gens ont compris qu\u2019il n\u2019y a pas de ressources illimit\u00e9es dans ce monde&#8230; explique Stephan Fetsch, associ\u00e9 chez KPMG et responsable des biens de consommation.<\/p>\n\n\n\n<h4 class=\"wp-block-heading\">Pionni\u00e8re en termes de durabilit\u00e9 et de sant\u00e9<\/h4>\n\n\n\n<p>Reconnue comme une pionni\u00e8re en mati\u00e8re \u00e9cologique, elka-Holzwerke, avec ses produits de marque respectueux de l\u2019environnement et \u00e9conomes en \u00e9nergie, offre depuis des d\u00e9cennies un niveau de qualit\u00e9 sup\u00e9rieur \u00e0 la moyenne. Les lignes de produits de haute qualit\u00e9 et \u00e0 faibles \u00e9missions sont les panneaux en bois frais d\u2019\u00e9pic\u00e9a esb Standard &amp; esb PLUS, ces derniers ayant des valeurs de formald\u00e9hyde inf\u00e9rieures \u00e0 0,03 ppm, ainsi que les panneaux de bois naturel vita. Ils garantissent une recyclabilit\u00e9, un d\u00e9montage et une r\u00e9utilisation sans probl\u00e8me. Toute la gamme de produits se distingue \u00e9galement par sa colle MUF sp\u00e9ciale sans isocyanates et facile \u00e0 traiter.<\/p>\n<\/div>\n<\/div><\/div>\n\n\n\n<div class=\"wp-block-uagb-container uagb-block-29170a4f alignfull uagb-is-root-container\"><div class=\"uagb-container-inner-blocks-wrap\">\n<h2 class=\"wp-block-heading has-text-align-center\" style=\"margin-top:var(--wp--preset--spacing--50);margin-bottom:var(--wp--preset--spacing--50);padding-top:0;padding-bottom:0;font-size:2.5rem\">Produits elka : Recommand\u00e9s par des instituts de renom<\/h2>\n<\/div><\/div>\n\n\n\n<div class=\"wp-block-uagb-container uagb-block-ea490103 alignfull uagb-is-root-container\"><div class=\"uagb-container-inner-blocks-wrap\">\n<div class=\"wp-block-uagb-container uagb-block-6b49e580\">\n<h3 class=\"wp-block-heading\">Ange bleu<\/h3>\n\n\n\n<p>Vous voulez habiter, acheter, construire, r\u00e9nover ou \u00e9quiper un bureau dans le respect de l\u2019environnement\u00a0? C&rsquo;est ce que permet l\u2019Ange Bleu\u00a0: Plus de 12 000 produits et services respectueux de l\u2019environnement pour environ 1 500 entreprises ont le label l\u2019Ange Bleu. Si vous utilisez des produits ou des services portant le label \u00e9cologique l&rsquo;Ange Bleu, vous pouvez \u00eatre s\u00fbr que vous faites quelque chose de bien non seulement pour vous-m\u00eame, mais aussi pour l&rsquo;environnement et l&rsquo;avenir. Car l\u2019Ange Bleu est le label environnemental du gouvernement f\u00e9d\u00e9ral pour la protection des personnes et de l\u2019environnement. Sophistiqu\u00e9, ind\u00e9pendant, il a fait ses preuves depuis plus de 35 ans dans l&rsquo;orientation vers des produits respectueux de l\u2019environnement.<\/p>\n\n\n\n<p>Produits r\u00e9compens\u00e9s par l&rsquo;Ange Bleu :<br><a href=\"https:\/\/www.blauer-engel.de\/de\/produkte\/esb-plus-p5-spanplatte-dickenbereich-9-30-mm\" target=\"_blank\" rel=\"noreferrer noopener\"><strong>esb PLUS P5 panneau de particules<\/strong><\/a><strong> | <\/strong><a href=\"https:\/\/www.blauer-engel.de\/de\/produkte\/elka-vita-massivholzplatte-3-schicht-fichte-qualitaet-ab-b-und-b-c-dickenbereich-15-50-mm\" target=\"_blank\" rel=\"noreferrer noopener\"><strong>elka VITA Panneau en bois naturel<\/strong><\/a><\/p>\n<\/div>\n\n\n\n<div class=\"wp-block-uagb-container uagb-block-7ffe0438\">\n<div class=\"wp-block-uagb-image uagb-block-2886e157 wp-block-uagb-image--layout-default wp-block-uagb-image--effect-static wp-block-uagb-image--align-none\"><figure class=\"wp-block-uagb-image__figure\"><img decoding=\"async\" srcset=\"https:\/\/www.elka-holzwerke.de\/wp-content\/uploads\/2025\/11\/blauer_engel_schatten.webp ,https:\/\/www.elka-holzwerke.de\/wp-content\/uploads\/2025\/11\/blauer_engel_schatten.webp 780w, https:\/\/www.elka-holzwerke.de\/wp-content\/uploads\/2025\/11\/blauer_engel_schatten.webp 360w\" sizes=\"auto, (max-width: 480px) 150px\" src=\"https:\/\/www.elka-holzwerke.de\/wp-content\/uploads\/2025\/11\/blauer_engel_schatten.webp\" alt=\"\" class=\"uag-image-3806\" width=\"342\" height=\"343\" title=\"blauer_engel_schatten\" loading=\"lazy\" role=\"img\"\/><\/figure><\/div>\n<\/div>\n<\/div><\/div>\n\n\n\n<div class=\"wp-block-uagb-container uagb-block-02b4311d alignfull uagb-is-root-container\"><div class=\"uagb-container-inner-blocks-wrap\">\n<div class=\"wp-block-uagb-container uagb-block-f4336e2e\">\n<div class=\"wp-block-uagb-image uagb-block-e4d7426d wp-block-uagb-image--layout-default wp-block-uagb-image--effect-static wp-block-uagb-image--align-none\"><figure class=\"wp-block-uagb-image__figure\"><img decoding=\"async\"  sizes=\"auto, (max-width: 480px) 150px\" src=\"https:\/\/www.elka-holzwerke.de\/wp-content\/uploads\/2024\/10\/sentinel-haus-schatten.webp\" alt=\"\" width=\"216\" height=\"215\" title=\"\" loading=\"lazy\" role=\"img\"\/><\/figure><\/div>\n<\/div>\n\n\n\n<div class=\"wp-block-uagb-container uagb-block-57076fde\">\n<h3 class=\"wp-block-heading\">Institut Sentinel Haus<\/h3>\n\n\n\n<p>La plate-forme en ligne de l\u2019Institut Sentinel Haus est le seul outil ax\u00e9 sur la pratique pour planifier, cr\u00e9er et rendre abordables des projets plus sains et durables.<\/p>\n\n\n\n<ul class=\"wp-block-list\">\n<li>Au service de tous ceux qui s\u2019occupent d\u2019un mode de vie sain et soutient les m\u00e9nages priv\u00e9s dans la recherche de mat\u00e9riaux de vie sains \/ sp\u00e9cialistes certifi\u00e9s<\/li>\n\n\n\n<li>Relie les acteurs \u00e0 un r\u00e9seau toujours \u00e0 jour<\/li>\n\n\n\n<li>Fournit \u00e0 tous les participants l\u2019information dont ils ont besoin<\/li>\n\n\n\n<li>Ind\u00e9pendante du fabricant, neutre, transparente et ouverte<\/li>\n\n\n\n<li>Tirer son exp\u00e9rience des objets de construction existants<\/li>\n\n\n\n<li>Relie les informations \u00e0 diff\u00e9rents niveaux\u00a0: Maison, mat\u00e9riaux de construction, fabricants, transformateurs, entrepreneurs g\u00e9n\u00e9raux, constructeurs, architectes<\/li>\n\n\n\n<li>Simplifie et acc\u00e9l\u00e8re les processus de planification et de construction\u00a0: trouver des fournisseurs et des partenaires comp\u00e9tents, soutenir le processus d\u2019appel d\u2019offres [vers le portail Sentinel].<\/li>\n<\/ul>\n\n\n\n<p>Produits r\u00e9compens\u00e9s par Sentinel Haus :<br><strong><strong><a href=\"https:\/\/www.elka-holzwerke.de\/fr\/produits-de-marque\/esb-elka-strong-board\/esb-plus\">Panneau d&rsquo;agglom\u00e9r\u00e9 esb PLUS P5<\/a>\u00a0|\u00a0<a href=\"https:\/\/www.elka-holzwerke.de\/fr\/produits-de-marque\/panneaux-en-3-plis-vita\">Panneau de bois naturel elka VITA<\/a><\/strong><\/strong><\/p>\n<\/div>\n<\/div><\/div>\n\n\n\n<div class=\"wp-block-uagb-container uagb-block-9f098c6c alignfull uagb-is-root-container\"><div class=\"uagb-container-inner-blocks-wrap\">\n<div class=\"wp-block-uagb-container uagb-block-c4ef00b5\">\n<h3 class=\"wp-block-heading\">DGNB Navigator<\/h3>\n\n\n\n<p style=\"margin-top:0;margin-bottom:0\"><strong>Navigateur DGNB<\/strong><\/p>\n\n\n\n<p style=\"margin-top:0;margin-bottom:0\">Les produits de construction contribuent de mani\u00e8re significative \u00e0 la durabilit\u00e9 d\u2019un b\u00e2timent. Ils contribuent de mani\u00e8re significative \u00e0 la performance globale d\u2019un b\u00e2timent par leur impact sur l\u2019environnement, comme les \u00e9missions de polluants ou la consommation d\u2019\u00e9nergie pendant la production et l\u2019exploitation, leurs co\u00fbts tout au long du cycle de vie, lesquels sont fortement influenc\u00e9s, par exemple, par les co\u00fbts d\u2019inspection et d\u2019entretien ou les efforts de nettoyage, et leur impact sur le confort de l\u2019utilisateur. Avec le navigateur DGNB, nous avons d\u00e9velopp\u00e9 un outil unique qui soutient toutes les personnes impliqu\u00e9es dans le processus de s\u00e9lection des produits \u2013 des fabricants aux architectes, en passant par les planificateurs, les investisseurs et les artisans jusqu\u2019aux auditeurs \u2013 et garantit la transparence n\u00e9cessaire des informations [vers le navigateur].<br><br>Produits r\u00e9pertori\u00e9s dans le navigateur DGNB\u00a0:<\/p>\n\n\n\n<p style=\"margin-top:0;margin-bottom:0\"><a href=\"https:\/\/dgnb-navigator.de\/Product\/Summary\/08b61750-6b09-4fd6-b014-bfa0d35ec8ca\" target=\"_blank\" rel=\"noreferrer noopener\"><strong>Panneau d&rsquo;agglom\u00e9r\u00e9 esb P5<\/strong><\/a><strong>&nbsp; |&nbsp;&nbsp;<a href=\"https:\/\/dgnb-navigator.de\/Product\/Summary\/d479b550-f4de-427a-a53c-0ccfc27d640b\" target=\"_blank\" rel=\"noreferrer noopener\">Panneaux d&rsquo;agglom\u00e9r\u00e9 esb PLUS P5<\/a>&nbsp;&nbsp;<\/strong><strong>|&nbsp;&nbsp;<\/strong><a href=\"https:\/\/dgnb-navigator.de\/Product\/Summary\/65b1fa1d-d546-4766-9e51-50890d8e1d66\" target=\"_blank\" rel=\"noreferrer noopener\"><strong>Panneau de bois naturel elka VITA<\/strong><\/a><\/p>\n<\/div>\n\n\n\n<div class=\"wp-block-uagb-container uagb-block-320038e2\">\n<div class=\"wp-block-uagb-image uagb-block-feca134b wp-block-uagb-image--layout-default wp-block-uagb-image--effect-static wp-block-uagb-image--align-none\"><figure class=\"wp-block-uagb-image__figure\"><img decoding=\"async\"  sizes=\"auto, (max-width: 480px) 150px\" src=\"https:\/\/www.elka-holzwerke.de\/wp-content\/uploads\/2024\/10\/dgnb-schatten.webp\" alt=\"\" width=\"348\" height=\"130\" title=\"\" loading=\"lazy\" role=\"img\"\/><\/figure><\/div>\n<\/div>\n<\/div><\/div>\n\n\n\n<div class=\"wp-block-uagb-container uagb-block-de40fd61 alignfull uagb-is-root-container\"><div class=\"uagb-container-inner-blocks-wrap\">\n<h2 class=\"wp-block-heading has-text-align-center\" style=\"margin-top:var(--wp--preset--spacing--50);margin-bottom:var(--wp--preset--spacing--50);padding-top:0;padding-bottom:0;font-size:2.5rem\">D\u00e9couvrez nos produits de marque<\/h2>\n\n\n\n<div class=\"wp-block-uagb-container uagb-block-b1939231 alignfull uagb-is-root-container\"><div class=\"uagb-container-inner-blocks-wrap\">\n<div class=\"wp-block-uagb-container uagb-block-64fafc61\">\n<figure class=\"wp-block-image size-full\"><img loading=\"lazy\" decoding=\"async\" width=\"300\" height=\"225\" src=\"https:\/\/www.elka-holzwerke.de\/wp-content\/uploads\/2024\/09\/kachel-schnittholz.webp\" alt=\"\" class=\"wp-image-189\" style=\"box-shadow:none\"\/><\/figure>\n\n\n\n<h4 class=\"wp-block-heading has-text-align-center\" style=\"font-size:1.5rem\">elka bois de sciage<\/h4>\n\n\n\n<div class=\"wp-block-buttons is-content-justification-center is-layout-flex wp-container-core-buttons-is-layout-a89b3969 wp-block-buttons-is-layout-flex\">\n<div class=\"wp-block-button\"><a class=\"wp-block-button__link wp-element-button\" href=\"https:\/\/www.elka-holzwerke.de\/fr\/produits-de-marque\/bois-de-sciage\/\" style=\"border-radius:0px\">Plus d&rsquo;informations<\/a><\/div>\n<\/div>\n<\/div>\n\n\n\n<div class=\"wp-block-uagb-container uagb-block-53e6ef8b\">\n<figure class=\"wp-block-image size-full\"><img loading=\"lazy\" decoding=\"async\" width=\"300\" height=\"225\" src=\"https:\/\/www.elka-holzwerke.de\/wp-content\/uploads\/2024\/09\/kachel-span.webp\" alt=\"\" class=\"wp-image-192\" style=\"box-shadow:none\"\/><\/figure>\n\n\n\n<h4 class=\"wp-block-heading has-text-align-center\" style=\"font-size:1.5rem\">Panneau de particules<\/h4>\n\n\n\n<div class=\"wp-block-buttons is-content-justification-center is-layout-flex wp-container-core-buttons-is-layout-a89b3969 wp-block-buttons-is-layout-flex\">\n<div class=\"wp-block-button\"><a class=\"wp-block-button__link wp-element-button\" href=\"https:\/\/www.elka-holzwerke.de\/fr\/produits-de-marque\/panneaux-de-particules-bruts\/\" style=\"border-radius:0px\">Plus d&rsquo;informations<\/a><\/div>\n<\/div>\n<\/div>\n\n\n\n<div class=\"wp-block-uagb-container uagb-block-889ffc0f\">\n<figure class=\"wp-block-image size-full\"><img loading=\"lazy\" decoding=\"async\" width=\"300\" height=\"225\" src=\"https:\/\/www.elka-holzwerke.de\/wp-content\/uploads\/2024\/09\/kachel-esb.webp\" alt=\"\" class=\"wp-image-190\" style=\"box-shadow:none\"\/><\/figure>\n\n\n\n<h4 class=\"wp-block-heading has-text-align-center\" style=\"font-size:1.5rem\">esb (elka strong board)&nbsp;<\/h4>\n\n\n\n<div class=\"wp-block-buttons is-content-justification-center is-layout-flex wp-container-core-buttons-is-layout-a89b3969 wp-block-buttons-is-layout-flex\">\n<div class=\"wp-block-button\"><a class=\"wp-block-button__link wp-element-button\" href=\"https:\/\/www.elka-holzwerke.de\/fr\/produits-de-marque\/esb\/\" style=\"border-radius:0px\">Plus d&rsquo;informations<\/a><\/div>\n<\/div>\n<\/div>\n\n\n\n<div class=\"wp-block-uagb-container uagb-block-51cad37b\">\n<figure class=\"wp-block-image size-full\"><img loading=\"lazy\" decoding=\"async\" width=\"300\" height=\"225\" src=\"https:\/\/www.elka-holzwerke.de\/wp-content\/uploads\/2024\/09\/kachel-vita.webp\" alt=\"\" class=\"wp-image-191\" style=\"box-shadow:none\"\/><\/figure>\n\n\n\n<h4 class=\"wp-block-heading has-text-align-center\" style=\"font-size:1.5rem\">Panneaux en bois naturel<\/h4>\n\n\n\n<div class=\"wp-block-buttons is-content-justification-center is-layout-flex wp-container-core-buttons-is-layout-a89b3969 wp-block-buttons-is-layout-flex\">\n<div class=\"wp-block-button\"><a class=\"wp-block-button__link wp-element-button\" href=\"https:\/\/www.elka-holzwerke.de\/fr\/produits-de-marque\/panneau-en-bois-naturel-vita\/\" style=\"border-radius:0px\">Plus d&rsquo;informations<\/a><\/div>\n<\/div>\n<\/div>\n<\/div><\/div>\n<\/div><\/div>\n","protected":false},"excerpt":{"rendered":"<p>Prot\u00e9gez la chose la plus pr\u00e9cieuse que vous ayez La sant\u00e9 de l&rsquo;habitat La durabilit\u00e9 devient un nouveau mode de [&hellip;]<\/p>\n","protected":false},"author":1,"featured_media":0,"parent":3103,"menu_order":7,"comment_status":"closed","ping_status":"closed","template":"","meta":{"_acf_changed":false,"_uag_custom_page_level_css":"","site-sidebar-layout":"default","site-content-layout":"","ast-site-content-layout":"","site-content-style":"default","site-sidebar-style":"default","ast-global-header-display":"","ast-banner-title-visibility":"","ast-main-header-display":"","ast-hfb-above-header-display":"","ast-hfb-below-header-display":"","ast-hfb-mobile-header-display":"","site-post-title":"disabled","ast-breadcrumbs-content":"","ast-featured-img":"","footer-sml-layout":"","ast-disable-related-posts":"","theme-transparent-header-meta":"","adv-header-id-meta":"","stick-header-meta":"","header-above-stick-meta":"","header-main-stick-meta":"","header-below-stick-meta":"","astra-migrate-meta-layouts":"default","ast-page-background-enabled":"default","ast-page-background-meta":{"desktop":{"background-color":"var(--ast-global-color-4)","background-image":"","background-repeat":"repeat","background-position":"center center","background-size":"auto","background-attachment":"scroll","background-type":"","background-media":"","overlay-type":"","overlay-color":"","overlay-opacity":"","overlay-gradient":""},"tablet":{"background-color":"","background-image":"","background-repeat":"repeat","background-position":"center center","background-size":"auto","background-attachment":"scroll","background-type":"","background-media":"","overlay-type":"","overlay-color":"","overlay-opacity":"","overlay-gradient":""},"mobile":{"background-color":"","background-image":"","background-repeat":"repeat","background-position":"center center","background-size":"auto","background-attachment":"scroll","background-type":"","background-media":"","overlay-type":"","overlay-color":"","overlay-opacity":"","overlay-gradient":""}},"ast-content-background-meta":{"desktop":{"background-color":"var(--ast-global-color-5)","background-image":"","background-repeat":"repeat","background-position":"center center","background-size":"auto","background-attachment":"scroll","background-type":"","background-media":"","overlay-type":"","overlay-color":"","overlay-opacity":"","overlay-gradient":""},"tablet":{"background-color":"var(--ast-global-color-5)","background-image":"","background-repeat":"repeat","background-position":"center center","background-size":"auto","background-attachment":"scroll","background-type":"","background-media":"","overlay-type":"","overlay-color":"","overlay-opacity":"","overlay-gradient":""},"mobile":{"background-color":"var(--ast-global-color-5)","background-image":"","background-repeat":"repeat","background-position":"center center","background-size":"auto","background-attachment":"scroll","background-type":"","background-media":"","overlay-type":"","overlay-color":"","overlay-opacity":"","overlay-gradient":""}},"footnotes":""},"class_list":["post-3209","page","type-page","status-publish","hentry"],"acf":[],"uagb_featured_image_src":{"full":false,"thumbnail":false,"medium":false,"medium_large":false,"large":false,"1536x1536":false,"2048x2048":false,"gform-image-choice-sm":false,"gform-image-choice-md":false,"gform-image-choice-lg":false},"uagb_author_info":{"display_name":"pixelarbeiter","author_link":"https:\/\/www.elka-holzwerke.de\/fr\/author\/pixelarbeiter\/"},"uagb_comment_info":0,"uagb_excerpt":"Prot\u00e9gez la chose la plus pr\u00e9cieuse que vous ayez La sant\u00e9 de l&rsquo;habitat La durabilit\u00e9 devient un nouveau mode de [&hellip;]","_links":{"self":[{"href":"https:\/\/www.elka-holzwerke.de\/fr\/wp-json\/wp\/v2\/pages\/3209","targetHints":{"allow":["GET"]}}],"collection":[{"href":"https:\/\/www.elka-holzwerke.de\/fr\/wp-json\/wp\/v2\/pages"}],"about":[{"href":"https:\/\/www.elka-holzwerke.de\/fr\/wp-json\/wp\/v2\/types\/page"}],"author":[{"embeddable":true,"href":"https:\/\/www.elka-holzwerke.de\/fr\/wp-json\/wp\/v2\/users\/1"}],"replies":[{"embeddable":true,"href":"https:\/\/www.elka-holzwerke.de\/fr\/wp-json\/wp\/v2\/comments?post=3209"}],"version-history":[{"count":4,"href":"https:\/\/www.elka-holzwerke.de\/fr\/wp-json\/wp\/v2\/pages\/3209\/revisions"}],"predecessor-version":[{"id":3811,"href":"https:\/\/www.elka-holzwerke.de\/fr\/wp-json\/wp\/v2\/pages\/3209\/revisions\/3811"}],"up":[{"embeddable":true,"href":"https:\/\/www.elka-holzwerke.de\/fr\/wp-json\/wp\/v2\/pages\/3103"}],"wp:attachment":[{"href":"https:\/\/www.elka-holzwerke.de\/fr\/wp-json\/wp\/v2\/media?parent=3209"}],"curies":[{"name":"wp","href":"https:\/\/api.w.org\/{rel}","templated":true}]}}