{"id":3213,"date":"2024-09-03T20:54:31","date_gmt":"2024-09-03T18:54:31","guid":{"rendered":"https:\/\/www.elka-holzwerke.de\/a-propos-de-elka\/"},"modified":"2025-12-28T14:31:43","modified_gmt":"2025-12-28T13:31:43","slug":"notre-entreprise","status":"publish","type":"page","link":"https:\/\/www.elka-holzwerke.de\/fr\/notre-entreprise\/","title":{"rendered":"\u00c0 propos d&rsquo;elka"},"content":{"rendered":"\n<div class=\"wp-block-uagb-container headercontainer uagb-block-061fac08 alignfull uagb-is-root-container\"><div class=\"uagb-container-inner-blocks-wrap\">\n<h2 class=\"wp-block-heading claim\">Sciages et mat\u00e9riaux en bois<\/h2>\n\n\n\n<h3 class=\"wp-block-heading headline\">\u00e0 la perfection<\/h3>\n<\/div><\/div>\n\n\n\n<h2 class=\"wp-block-heading has-text-align-center\">Innovations dans le domaine du bois \u00b7 une pure tradition<\/h2>\n\n\n\n<div class=\"wp-block-uagb-container uagb-block-b15fdc05 alignfull uagb-is-root-container\"><div class=\"uagb-container-inner-blocks-wrap\">\n<div class=\"wp-block-uagb-container uagb-block-1e750a69\">\n<div class=\"wp-block-uagb-counter uagb-block-33db38b2 wp-block-uagb-counter--number\"><div class=\"wp-block-uagb-counter__number\"><span class=\"uagb-counter-block-number\" data-duration=\"1.5\" data-to-value=\"1906\" data-from-value=\"0\" data-delimiter=\"\"><\/span><\/div><div class=\"wp-block-uagb-counter__title\">ann\u00e9e de fondation<\/div><\/div>\n<\/div>\n\n\n\n<div class=\"wp-block-uagb-container uagb-block-34c59c7d\">\n<div class=\"wp-block-uagb-counter uagb-block-bd3c8119 wp-block-uagb-counter--number\"><div class=\"wp-block-uagb-counter__number\"><span class=\"uagb-counter-block-number\" data-duration=\"1.5\" data-to-value=\"220\" data-from-value=\"0\" data-delimiter=\"\"><\/span><\/div><div class=\"wp-block-uagb-counter__title\">employ\u00e9s<\/div><\/div>\n<\/div>\n\n\n\n<div class=\"wp-block-uagb-container uagb-block-7d304418\">\n<div class=\"wp-block-uagb-counter uagb-block-a0b615f7 wp-block-uagb-counter--number\"><div class=\"wp-block-uagb-counter__number\"><span class=\"uagb-counter-block-number\" data-duration=\"1.5\" data-to-value=\"13\" data-from-value=\"0\" data-delimiter=\"\"><\/span><\/div><div class=\"wp-block-uagb-counter__title\">nationalit\u00e9s travaillent chez elka<\/div><\/div>\n<\/div>\n\n\n\n<div class=\"wp-block-uagb-container uagb-block-8f41f232\">\n<div class=\"wp-block-uagb-counter uagb-block-b252cbb9 wp-block-uagb-counter--number\"><div class=\"wp-block-uagb-counter__number\"><span class=\"uagb-counter-block-number\" data-duration=\"1.5\" data-to-value=\"25\" data-from-value=\"0\" data-delimiter=\"\"><\/span><\/div><div class=\"wp-block-uagb-counter__title\">hectares de terrain<\/div><\/div>\n<\/div>\n<\/div><\/div>\n\n\n\n<div class=\"wp-block-uagb-container uagb-block-810e75cd alignfull uagb-is-root-container\"><div class=\"uagb-container-inner-blocks-wrap\">\n<h1 class=\"wp-block-heading has-text-align-center\">Toute la cha\u00eene de valorisation en un seul endroit<\/h1>\n\n\n\n<div class=\"wp-block-columns is-layout-flex wp-container-core-columns-is-layout-28f84493 wp-block-columns-is-layout-flex\">\n<div class=\"wp-block-column is-layout-flow wp-block-column-is-layout-flow\">\n<figure data-wp-context=\"{&quot;imageId&quot;:&quot;69eb26ede08bb&quot;}\" data-wp-interactive=\"core\/image\" data-wp-key=\"69eb26ede08bb\" class=\"wp-block-image size-full wp-lightbox-container\"><img loading=\"lazy\" decoding=\"async\" width=\"800\" height=\"560\" data-wp-class--hide=\"state.isContentHidden\" data-wp-class--show=\"state.isContentVisible\" data-wp-init=\"callbacks.setButtonStyles\" data-wp-on--click=\"actions.showLightbox\" data-wp-on--load=\"callbacks.setButtonStyles\" data-wp-on-window--resize=\"callbacks.setButtonStyles\" src=\"https:\/\/www.elka-holzwerke.de\/wp-content\/uploads\/2025\/11\/elka-werke-fr.webp\" alt=\"\" class=\"wp-image-3777\" srcset=\"https:\/\/www.elka-holzwerke.de\/wp-content\/uploads\/2025\/11\/elka-werke-fr.webp 800w, https:\/\/www.elka-holzwerke.de\/wp-content\/uploads\/2025\/11\/elka-werke-fr-300x210.webp 300w, https:\/\/www.elka-holzwerke.de\/wp-content\/uploads\/2025\/11\/elka-werke-fr-768x538.webp 768w\" sizes=\"auto, (max-width: 800px) 100vw, 800px\" \/><button\n\t\t\tclass=\"lightbox-trigger\"\n\t\t\ttype=\"button\"\n\t\t\taria-haspopup=\"dialog\"\n\t\t\taria-label=\"Agrandir\"\n\t\t\tdata-wp-init=\"callbacks.initTriggerButton\"\n\t\t\tdata-wp-on--click=\"actions.showLightbox\"\n\t\t\tdata-wp-style--right=\"state.imageButtonRight\"\n\t\t\tdata-wp-style--top=\"state.imageButtonTop\"\n\t\t>\n\t\t\t<svg xmlns=\"http:\/\/www.w3.org\/2000\/svg\" width=\"12\" height=\"12\" fill=\"none\" viewBox=\"0 0 12 12\">\n\t\t\t\t<path fill=\"#fff\" d=\"M2 0a2 2 0 0 0-2 2v2h1.5V2a.5.5 0 0 1 .5-.5h2V0H2Zm2 10.5H2a.5.5 0 0 1-.5-.5V8H0v2a2 2 0 0 0 2 2h2v-1.5ZM8 12v-1.5h2a.5.5 0 0 0 .5-.5V8H12v2a2 2 0 0 1-2 2H8Zm2-12a2 2 0 0 1 2 2v2h-1.5V2a.5.5 0 0 0-.5-.5H8V0h2Z\" \/>\n\t\t\t<\/svg>\n\t\t<\/button><\/figure>\n<\/div>\n\n\n\n<div class=\"wp-block-column is-layout-flow wp-block-column-is-layout-flow\">\n<p>elka-Holzwerke GmbH est une entreprise de taille moyenne pr\u00e9sentant plus de 118 ans d&rsquo;exp\u00e9rience dans la transformation du bois. En tant qu\u2019entreprise familiale, nous produisons des mat\u00e9riaux \u00e0 base de bois et du bois de sciage depuis quatre g\u00e9n\u00e9rations avec 220 employ\u00e9s sur notre site de Morbach dans le Hunsr\u00fcck. Dans une cha\u00eene de cr\u00e9ation unique et exemplaire, les rondins utilis\u00e9s sont transform\u00e9s en produits utiles pour l\u2019industrie de la construction.<\/p>\n\n\n\n<p>La technologie de production moderne, la gestion de la qualit\u00e9 dans toutes les gammes de produits et nos employ\u00e9s hautement qualifi\u00e9s garantissent un haut niveau de qualit\u00e9 de tous les produits de la marque elka.<\/p>\n\n\n\n<p>En \u00e9troite collaboration avec le commerce du bois et nos clients, nous travaillons en permanence sur de nouveaux d\u00e9veloppements de produits. Le panneau en bois frais esb (elka strong board) a \u00e9t\u00e9 introduit avec succ\u00e8s sur le march\u00e9 gr\u00e2ce \u00e0 ses excellentes propri\u00e9t\u00e9s techniques ainsi qu\u2019\u00e0 la vaste gamme de mat\u00e9riaux l\u00e9gers \u00e0 base de bois.<\/p>\n\n\n\n<p>Les clients nationaux et \u00e9trangers, ainsi que les principales coop\u00e9ratives d\u2019achat du commerce du bois, appr\u00e9cient la vari\u00e9t\u00e9 et le service rapide d&rsquo;elka. Les achats group\u00e9s et la logistique orient\u00e9e client, associ\u00e9s au strict respect des d\u00e9lais de livraison, permettent aux clients d\u2019elka d\u2019\u00e9conomiser du temps et de l\u2019argent.<\/p>\n<\/div>\n<\/div>\n<\/div><\/div>\n\n\n\n<div class=\"wp-block-columns is-layout-flex wp-container-core-columns-is-layout-28f84493 wp-block-columns-is-layout-flex\">\n<div class=\"wp-block-column is-layout-flow wp-block-column-is-layout-flow\">\n<h1 class=\"wp-block-heading\">Nous misons sur la durabilit\u00e9<\/h1>\n\n\n\n<p>Pour toute notre gamme, nous ne traitons que les bois locaux d\u2019\u00e9pic\u00e9a et de sapin de Douglas. Tout au long de notre production, nous suivons des principes \u00e9cologiques. Nous nous approvisionnons en bois brut aupr\u00e8s de fournisseurs qui s\u2019engagent \u00e0 respecter les principes de durabilit\u00e9 de la certification foresti\u00e8re paneurop\u00e9enne (PEFC). En avril 2021, la gamme innovante de produits esb d\u2019elka a \u00e9t\u00e9 la premi\u00e8re sur le march\u00e9 allemand \u00e0 \u00eatre certifi\u00e9e climatiquement neutre. Depuis ao\u00fbt 2021, l\u2019ensemble de l\u2019entreprise est certifi\u00e9e climatiquement neutre et les \u00e9missions de CO2 actuellement in\u00e9vitables ont \u00e9t\u00e9 compens\u00e9es par un financement cibl\u00e9 de projets respectueux du climat.<\/p>\n\n\n\n<p><a href=\"https:\/\/www.elka-holzwerke.de\/ueber-elka\/umwelt-und-nachhaltigkeit\/klimaneutrales-unternehmen\">Plus d\u2019informations sur le th\u00e8me de la durabilit\u00e9<\/a><\/p>\n<\/div>\n\n\n\n<div class=\"wp-block-column is-layout-flow wp-block-column-is-layout-flow\">\n<figure class=\"wp-block-image size-full\"><img loading=\"lazy\" decoding=\"async\" width=\"525\" height=\"350\" src=\"https:\/\/www.elka-holzwerke.de\/wp-content\/uploads\/2025\/02\/klimaneurales_unternehmen.webp\" alt=\"\" class=\"wp-image-2432\" srcset=\"https:\/\/www.elka-holzwerke.de\/wp-content\/uploads\/2025\/02\/klimaneurales_unternehmen.webp 525w, https:\/\/www.elka-holzwerke.de\/wp-content\/uploads\/2025\/02\/klimaneurales_unternehmen-300x200.webp 300w\" sizes=\"auto, (max-width: 525px) 100vw, 525px\" \/><\/figure>\n<\/div>\n<\/div>\n\n\n\n<div class=\"wp-block-uagb-container uagb-block-8d733d14 alignfull uagb-is-root-container\"><div class=\"uagb-container-inner-blocks-wrap\">\n<div class=\"wp-block-uagb-container uagb-block-35482ea6\">\n<div><div class=\"ootb-openstreetmap--map\" data-provider=\"openstreetmap\" data-maptype=\"marker\" data-showmarkers=\"true\" data-shapestyle=\"%7B%22fillColor%22%3A%22%23008EFF%22%2C%22color%22%3A%22%23008EFF%22%2C%22weight%22%3A3%7D\" data-shapetext=\"\" data-markers=\"%5B%7B%22lat%22%3A%2249.80262434074661%22%2C%22lng%22%3A%227.130255699157716%22%2C%22text%22%3A%22%3Cp%3EHochwaldstra%C3%9Fe%2C%20Morbach%2C%20Landkreis%20Bernkastel-Wittlich%2C%20Rheinland-Pfalz%2C%2054497%2C%20Deutschland%3C%2Fp%3E%22%2C%22textRaw%22%3A%22Hochwaldstra%C3%9Fe%2C%20Morbach%2C%20Landkreis%20Bernkastel-Wittlich%2C%20Rheinland-Pfalz%2C%2054497%2C%20Deutschland%22%2C%22id%22%3A1740479633982%7D%5D\" data-bounds=\"[49.80262434074661,7.130255699157716]\" data-zoom=\"10\" data-minzoom=\"6\" data-maxzoom=\"14\" data-dragging=\"true\" data-touchzoom=\"true\" data-doubleclickzoom=\"true\" data-scrollwheelzoom=\"true\" data-marker=\"%7B%22iconUrl%22%3A%22https%3A%2F%2Fwww.elka-holzwerke.de%2Fwp-content%2Fplugins%2Footb-openstreetmap%2Fassets%2Fvendor%2Fleaflet%2Fimages%2Fmarker-icon.png%22%2C%22iconAnchor%22%3A%5B12%2C41%5D%2C%22popupAnchor%22%3A%5B0%2C-41%5D%7D\" style=\"height:400px\"><\/div><\/div>\n<\/div>\n\n\n\n<div class=\"wp-block-uagb-container uagb-block-8852a074\">\n<h1 class=\"wp-block-heading\" style=\"margin-top:0;margin-bottom:0\">Morbach, au c\u0153ur de l\u2019Europe<\/h1>\n\n\n\n<p style=\"margin-top:0;margin-bottom:0\">Les clients nationaux et \u00e9trangers, ainsi que les principales coop\u00e9ratives d\u2019achat du commerce du bois, appr\u00e9cient la vari\u00e9t\u00e9 et le service rapide d&rsquo;elka. Les achats group\u00e9s et la logistique orient\u00e9e client, associ\u00e9s au strict respect des d\u00e9lais de livraison, permettent aux clients d\u2019elka d\u2019\u00e9conomiser du temps et de l\u2019argent.<\/p>\n\n\n\n<p>Notre propre flotte de v\u00e9hicules se compose de grumiers pour l&rsquo;approvisionnement des rondins et de camions citernes pour les mati\u00e8res premi\u00e8res liquides n\u00e9cessaires telles que la colle.<\/p>\n\n\n\n<p style=\"margin-top:0;margin-bottom:0\">Nos v\u00e9hicules \u00e9quip\u00e9s de semi-remorques distinctifs assurent la livraison en temps opportun des marchandises. Pr\u00eatez attention \u00e0 notre flotte verte et jaune.<\/p>\n\n\n\n<h3 class=\"wp-block-heading\" style=\"margin-top:0;margin-bottom:0\">Courtes distances vers le BENELUX et la France<\/h3>\n<\/div>\n<\/div><\/div>\n\n\n\n<h2 class=\"wp-block-heading has-text-align-center\">D\u00e9couvrez nos produits de marque<\/h2>\n\n\n\n<div class=\"wp-block-uagb-container uagb-block-b1939231 alignfull uagb-is-root-container\"><div class=\"uagb-container-inner-blocks-wrap\">\n<div class=\"wp-block-uagb-container uagb-block-64fafc61\">\n<figure class=\"wp-block-image size-full\"><img loading=\"lazy\" decoding=\"async\" width=\"300\" height=\"225\" src=\"https:\/\/www.elka-holzwerke.de\/wp-content\/uploads\/2024\/09\/kachel-schnittholz.webp\" alt=\"\" class=\"wp-image-189\" style=\"box-shadow:none\"\/><\/figure>\n\n\n\n<h4 class=\"wp-block-heading has-text-align-center\" style=\"font-size:1.5rem\">elka bois de sciage<\/h4>\n\n\n\n<div class=\"wp-block-buttons is-content-justification-center is-layout-flex wp-container-core-buttons-is-layout-a89b3969 wp-block-buttons-is-layout-flex\">\n<div class=\"wp-block-button\"><a class=\"wp-block-button__link wp-element-button\" href=\"https:\/\/www.elka-holzwerke.de\/fr\/produits-de-marque\/bois-de-sciage\/\" style=\"border-radius:0px\">Plus d&rsquo;informations<\/a><\/div>\n<\/div>\n<\/div>\n\n\n\n<div class=\"wp-block-uagb-container uagb-block-53e6ef8b\">\n<figure class=\"wp-block-image size-full\"><img loading=\"lazy\" decoding=\"async\" width=\"300\" height=\"225\" src=\"https:\/\/www.elka-holzwerke.de\/wp-content\/uploads\/2024\/09\/kachel-span.webp\" alt=\"\" class=\"wp-image-192\" style=\"box-shadow:none\"\/><\/figure>\n\n\n\n<h4 class=\"wp-block-heading has-text-align-center\" style=\"font-size:1.5rem\">Panneau de particules<\/h4>\n\n\n\n<div class=\"wp-block-buttons is-content-justification-center is-layout-flex wp-container-core-buttons-is-layout-a89b3969 wp-block-buttons-is-layout-flex\">\n<div class=\"wp-block-button\"><a class=\"wp-block-button__link wp-element-button\" href=\"https:\/\/www.elka-holzwerke.de\/fr\/produits-de-marque\/panneaux-de-particules-bruts\/\" style=\"border-radius:0px\">Plus d&rsquo;informations<\/a><\/div>\n<\/div>\n<\/div>\n\n\n\n<div class=\"wp-block-uagb-container uagb-block-889ffc0f\">\n<figure class=\"wp-block-image size-full\"><img loading=\"lazy\" decoding=\"async\" width=\"300\" height=\"225\" src=\"https:\/\/www.elka-holzwerke.de\/wp-content\/uploads\/2024\/09\/kachel-esb.webp\" alt=\"\" class=\"wp-image-190\" style=\"box-shadow:none\"\/><\/figure>\n\n\n\n<h4 class=\"wp-block-heading has-text-align-center\" style=\"font-size:1.5rem\">esb (elka strong board)\u00a0<\/h4>\n\n\n\n<div class=\"wp-block-buttons is-content-justification-center is-layout-flex wp-container-core-buttons-is-layout-a89b3969 wp-block-buttons-is-layout-flex\">\n<div class=\"wp-block-button\"><a class=\"wp-block-button__link wp-element-button\" href=\"https:\/\/www.elka-holzwerke.de\/fr\/produits-de-marque\/esb\/\" style=\"border-radius:0px\">Plus d&rsquo;informations<\/a><\/div>\n<\/div>\n<\/div>\n\n\n\n<div class=\"wp-block-uagb-container uagb-block-51cad37b\">\n<figure class=\"wp-block-image size-full\"><img loading=\"lazy\" decoding=\"async\" width=\"300\" height=\"225\" src=\"https:\/\/www.elka-holzwerke.de\/wp-content\/uploads\/2024\/09\/kachel-vita.webp\" alt=\"\" class=\"wp-image-191\" style=\"box-shadow:none\"\/><\/figure>\n\n\n\n<h4 class=\"wp-block-heading has-text-align-center\" style=\"font-size:1.5rem\">Panneaux en bois naturel<\/h4>\n\n\n\n<div class=\"wp-block-buttons is-content-justification-center is-layout-flex wp-container-core-buttons-is-layout-a89b3969 wp-block-buttons-is-layout-flex\">\n<div class=\"wp-block-button\"><a class=\"wp-block-button__link wp-element-button\" href=\"https:\/\/www.elka-holzwerke.de\/fr\/produits-de-marque\/panneau-en-bois-naturel-vita\/\" style=\"border-radius:0px\">Plus d&rsquo;informations<\/a><\/div>\n<\/div>\n<\/div>\n<\/div><\/div>\n\n\n\n<p><\/p>\n","protected":false},"excerpt":{"rendered":"<p>Sciages et mat\u00e9riaux en bois \u00e0 la perfection Innovations dans le domaine du bois \u00b7 une pure tradition Toute la [&hellip;]<\/p>\n","protected":false},"author":1,"featured_media":0,"parent":0,"menu_order":0,"comment_status":"closed","ping_status":"closed","template":"","meta":{"_acf_changed":false,"_uag_custom_page_level_css":"","site-sidebar-layout":"default","site-content-layout":"","ast-site-content-layout":"","site-content-style":"default","site-sidebar-style":"default","ast-global-header-display":"","ast-banner-title-visibility":"","ast-main-header-display":"","ast-hfb-above-header-display":"","ast-hfb-below-header-display":"","ast-hfb-mobile-header-display":"","site-post-title":"disabled","ast-breadcrumbs-content":"","ast-featured-img":"","footer-sml-layout":"","ast-disable-related-posts":"","theme-transparent-header-meta":"","adv-header-id-meta":"","stick-header-meta":"","header-above-stick-meta":"","header-main-stick-meta":"","header-below-stick-meta":"","astra-migrate-meta-layouts":"default","ast-page-background-enabled":"default","ast-page-background-meta":{"desktop":{"background-color":"var(--ast-global-color-4)","background-image":"","background-repeat":"repeat","background-position":"center center","background-size":"auto","background-attachment":"scroll","background-type":"","background-media":"","overlay-type":"","overlay-color":"","overlay-opacity":"","overlay-gradient":""},"tablet":{"background-color":"","background-image":"","background-repeat":"repeat","background-position":"center center","background-size":"auto","background-attachment":"scroll","background-type":"","background-media":"","overlay-type":"","overlay-color":"","overlay-opacity":"","overlay-gradient":""},"mobile":{"background-color":"","background-image":"","background-repeat":"repeat","background-position":"center center","background-size":"auto","background-attachment":"scroll","background-type":"","background-media":"","overlay-type":"","overlay-color":"","overlay-opacity":"","overlay-gradient":""}},"ast-content-background-meta":{"desktop":{"background-color":"var(--ast-global-color-5)","background-image":"","background-repeat":"repeat","background-position":"center center","background-size":"auto","background-attachment":"scroll","background-type":"","background-media":"","overlay-type":"","overlay-color":"","overlay-opacity":"","overlay-gradient":""},"tablet":{"background-color":"var(--ast-global-color-5)","background-image":"","background-repeat":"repeat","background-position":"center center","background-size":"auto","background-attachment":"scroll","background-type":"","background-media":"","overlay-type":"","overlay-color":"","overlay-opacity":"","overlay-gradient":""},"mobile":{"background-color":"var(--ast-global-color-5)","background-image":"","background-repeat":"repeat","background-position":"center center","background-size":"auto","background-attachment":"scroll","background-type":"","background-media":"","overlay-type":"","overlay-color":"","overlay-opacity":"","overlay-gradient":""}},"footnotes":""},"class_list":["post-3213","page","type-page","status-publish","hentry"],"acf":[],"uagb_featured_image_src":{"full":false,"thumbnail":false,"medium":false,"medium_large":false,"large":false,"1536x1536":false,"2048x2048":false,"gform-image-choice-sm":false,"gform-image-choice-md":false,"gform-image-choice-lg":false},"uagb_author_info":{"display_name":"pixelarbeiter","author_link":"https:\/\/www.elka-holzwerke.de\/fr\/author\/pixelarbeiter\/"},"uagb_comment_info":0,"uagb_excerpt":"Sciages et mat\u00e9riaux en bois \u00e0 la perfection Innovations dans le domaine du bois \u00b7 une pure tradition Toute la [&hellip;]","_links":{"self":[{"href":"https:\/\/www.elka-holzwerke.de\/fr\/wp-json\/wp\/v2\/pages\/3213","targetHints":{"allow":["GET"]}}],"collection":[{"href":"https:\/\/www.elka-holzwerke.de\/fr\/wp-json\/wp\/v2\/pages"}],"about":[{"href":"https:\/\/www.elka-holzwerke.de\/fr\/wp-json\/wp\/v2\/types\/page"}],"author":[{"embeddable":true,"href":"https:\/\/www.elka-holzwerke.de\/fr\/wp-json\/wp\/v2\/users\/1"}],"replies":[{"embeddable":true,"href":"https:\/\/www.elka-holzwerke.de\/fr\/wp-json\/wp\/v2\/comments?post=3213"}],"version-history":[{"count":5,"href":"https:\/\/www.elka-holzwerke.de\/fr\/wp-json\/wp\/v2\/pages\/3213\/revisions"}],"predecessor-version":[{"id":3783,"href":"https:\/\/www.elka-holzwerke.de\/fr\/wp-json\/wp\/v2\/pages\/3213\/revisions\/3783"}],"wp:attachment":[{"href":"https:\/\/www.elka-holzwerke.de\/fr\/wp-json\/wp\/v2\/media?parent=3213"}],"curies":[{"name":"wp","href":"https:\/\/api.w.org\/{rel}","templated":true}]}}