{"id":3827,"date":"2024-09-29T11:59:16","date_gmt":"2024-09-29T09:59:16","guid":{"rendered":"https:\/\/www.elka-holzwerke.de\/architectes\/"},"modified":"2025-11-17T22:00:16","modified_gmt":"2025-11-17T21:00:16","slug":"architectes-et-planificateurs","status":"publish","type":"page","link":"https:\/\/www.elka-holzwerke.de\/fr\/architectes-et-planificateurs\/","title":{"rendered":"Architectes et planificateurs"},"content":{"rendered":"\n<div class=\"wp-block-uagb-container headercontainer uagb-block-061fac08 alignfull uagb-is-root-container\"><div class=\"uagb-container-inner-blocks-wrap\">\n<h2 class=\"wp-block-heading claim\">Elka Service pour les planificateurs et<\/h2>\n\n\n\n<h3 class=\"wp-block-heading headline\">architectes<\/h3>\n<\/div><\/div>\n\n\n\n<h2 class=\"wp-block-heading has-text-align-center\">Minimisez l\u2019empreinte CO2 de vos projets de construction<br>d\u00e8s la phase de planification&#8230;<\/h2>\n\n\n\n<div class=\"wp-block-uagb-container uagb-block-6694018f alignfull uagb-is-root-container\"><div class=\"uagb-container-inner-blocks-wrap\">\n<div class=\"wp-block-uagb-container uagb-block-2615bd2d\">\n<p>La r\u00e9duction de CO2 commence par le choix des mat\u00e9riaux utilis\u00e9s dans la construction. Les mat\u00e9riaux de construction renouvelables et neutres en CO2 contribuent \u00e0 la conservation des ressources fossiles et min\u00e9rales. La soci\u00e9t\u00e9 Elka-Holzwerke de Morbach en Rh\u00e9nanie-Palatinat s\u2019engage depuis de nombreuses ann\u00e9es sur les th\u00e8mes de l&rsquo;habitat, la r\u00e9duction des \u00e9missions et la durabilit\u00e9 et, avec le panneau esb PLUS, a d\u00e9velopp\u00e9 le mat\u00e9riau de construction adapt\u00e9 \u00e0 votre futur projet. C\u2019est actuellement le seul panneau \u00e0 base de bois certifi\u00e9 neutre en CO2.<br><br>Mais la perception du mat\u00e9riau de construction dans la pi\u00e8ce et le facteur de bien-\u00eatre associ\u00e9 sont presque plus importants que le respect de l&rsquo;environnement. Une bonne qualit\u00e9 de l\u2019air int\u00e9rieur est indispensable. Apr\u00e8s tout, l\u2019homme moderne passe environ 90% de son temps \u00e0 l\u2019int\u00e9rieur. Les r\u00e9glementations nationales en mati\u00e8re de construction font r\u00e9f\u00e9rence au MVV TB (dispositions techniques relatives aux clauses de construction) qui est en vigueur depuis janvier 2019 et dont les limites d&rsquo;\u00e9mission sont nettement plus strictes. Avec leurs \u00e9missions extr\u00eamement faibles, les panneaux innovants \u00e0 base de bois esb PLUS r\u00e9pondent \u00e0 toutes les exigences de la nouvelle r\u00e9glementation et sont donc \u00e9galement en phase avec la tendance en mati\u00e8re de protection de la sant\u00e9. Cela a \u00e9t\u00e9 confirm\u00e9 par le rapport G-160-18-0004 de l\u2019Institut allemand des techniques de construction (DIBt) pour esb PLUS le 19.6.2019.     <\/p>\n<\/div>\n\n\n\n<div class=\"wp-block-uagb-container uagb-block-9989f9c1\">\n<figure class=\"wp-block-image size-full\"><img loading=\"lazy\" decoding=\"async\" width=\"800\" height=\"533\" src=\"https:\/\/www.elka-holzwerke.de\/wp-content\/uploads\/2024\/10\/architekten_meeting.webp\" alt=\"\" class=\"wp-image-276\" srcset=\"https:\/\/www.elka-holzwerke.de\/wp-content\/uploads\/2024\/10\/architekten_meeting.webp 800w, https:\/\/www.elka-holzwerke.de\/wp-content\/uploads\/2024\/10\/architekten_meeting-300x200.webp 300w, https:\/\/www.elka-holzwerke.de\/wp-content\/uploads\/2024\/10\/architekten_meeting-768x512.webp 768w\" sizes=\"auto, (max-width: 800px) 100vw, 800px\" \/><\/figure>\n<\/div>\n<\/div><\/div>\n\n\n\n<div class=\"wp-block-uagb-container uagb-block-1fcc8e97 alignfull uagb-is-root-container\"><div class=\"uagb-container-inner-blocks-wrap\">\n<div class=\"wp-block-uagb-container uagb-block-3b168e30\">\n<figure class=\"wp-block-image size-full\"><img loading=\"lazy\" decoding=\"async\" width=\"800\" height=\"533\" src=\"https:\/\/www.elka-holzwerke.de\/wp-content\/uploads\/2024\/10\/holzhaus_unsplash.webp\" alt=\"\" class=\"wp-image-277\" srcset=\"https:\/\/www.elka-holzwerke.de\/wp-content\/uploads\/2024\/10\/holzhaus_unsplash.webp 800w, https:\/\/www.elka-holzwerke.de\/wp-content\/uploads\/2024\/10\/holzhaus_unsplash-300x200.webp 300w, https:\/\/www.elka-holzwerke.de\/wp-content\/uploads\/2024\/10\/holzhaus_unsplash-768x512.webp 768w\" sizes=\"auto, (max-width: 800px) 100vw, 800px\" \/><\/figure>\n<\/div>\n\n\n\n<div class=\"wp-block-uagb-container uagb-block-9d666b12\">\n<p><br>Des labels environnementaux tels que \u00ab l&rsquo;Ange Bleu \u00bb et les certificats de l\u2019Institut Sentinel Haus ou du Conseil allemand du b\u00e2timent durable (DGNB), ainsi que le sceau \u00ab Qualit\u00e9 premium \u00bb, garantissent une haute qualit\u00e9. Le panneau esb PLUS a \u00e9galement re\u00e7u le IONIC AWARD en 2017 et le Prix mat\u00e9riel de l&rsquo;\u00e9cologie en 2018.<br><br>Afin d\u2019\u00e9viter les probl\u00e8mes contractuels et juridiques, une s\u00e9lection minutieuse des mat\u00e9riaux de construction lors de la planification et la pr\u00e9paration des sp\u00e9cifications est n\u00e9cessaire pour la protection de la sant\u00e9. L\u2019installation de panneaux esb PLUS garantit la s\u00e9curit\u00e9 juridique en respectant ou en tombant en dessous de toutes les valeurs limites requises \u2013 une bonne conscience pour toutes les parties concern\u00e9es. <\/p>\n<\/div>\n<\/div><\/div>\n\n\n\n<h2 class=\"wp-block-heading\">Ou nos donn\u00e9es BIM pour la planification tridimensionnelle<\/h2>\n\n\n\n<iframe onload=\"iFrameHeight(this)\" id=\"blockrandom-129\" name=\"\" src=\"https:\/\/www.heinze.de\/bim-zu\/?context=3014\" width=\"100%\" height=\"1320\" loading=\"lazy\" title=\"BIM Daten Architektenseite\" class=\"mod-wrapper wrapper\">\n    Pas d&rsquo;iframe<\/iframe>\n\n\n\n<p><\/p>\n","protected":false},"excerpt":{"rendered":"<p>Elka Service pour les planificateurs et architectes Minimisez l\u2019empreinte CO2 de vos projets de constructiond\u00e8s la phase de planification&#8230; La [&hellip;]<\/p>\n","protected":false},"author":1,"featured_media":0,"parent":0,"menu_order":41,"comment_status":"closed","ping_status":"closed","template":"","meta":{"_acf_changed":false,"_uag_custom_page_level_css":"","site-sidebar-layout":"default","site-content-layout":"","ast-site-content-layout":"default","site-content-style":"default","site-sidebar-style":"default","ast-global-header-display":"","ast-banner-title-visibility":"","ast-main-header-display":"","ast-hfb-above-header-display":"","ast-hfb-below-header-display":"","ast-hfb-mobile-header-display":"","site-post-title":"disabled","ast-breadcrumbs-content":"","ast-featured-img":"","footer-sml-layout":"","ast-disable-related-posts":"","theme-transparent-header-meta":"","adv-header-id-meta":"","stick-header-meta":"","header-above-stick-meta":"","header-main-stick-meta":"","header-below-stick-meta":"","astra-migrate-meta-layouts":"default","ast-page-background-enabled":"default","ast-page-background-meta":{"desktop":{"background-color":"var(--ast-global-color-4)","background-image":"","background-repeat":"repeat","background-position":"center center","background-size":"auto","background-attachment":"scroll","background-type":"","background-media":"","overlay-type":"","overlay-color":"","overlay-opacity":"","overlay-gradient":""},"tablet":{"background-color":"","background-image":"","background-repeat":"repeat","background-position":"center center","background-size":"auto","background-attachment":"scroll","background-type":"","background-media":"","overlay-type":"","overlay-color":"","overlay-opacity":"","overlay-gradient":""},"mobile":{"background-color":"","background-image":"","background-repeat":"repeat","background-position":"center center","background-size":"auto","background-attachment":"scroll","background-type":"","background-media":"","overlay-type":"","overlay-color":"","overlay-opacity":"","overlay-gradient":""}},"ast-content-background-meta":{"desktop":{"background-color":"var(--ast-global-color-5)","background-image":"","background-repeat":"repeat","background-position":"center center","background-size":"auto","background-attachment":"scroll","background-type":"","background-media":"","overlay-type":"","overlay-color":"","overlay-opacity":"","overlay-gradient":""},"tablet":{"background-color":"var(--ast-global-color-5)","background-image":"","background-repeat":"repeat","background-position":"center center","background-size":"auto","background-attachment":"scroll","background-type":"","background-media":"","overlay-type":"","overlay-color":"","overlay-opacity":"","overlay-gradient":""},"mobile":{"background-color":"var(--ast-global-color-5)","background-image":"","background-repeat":"repeat","background-position":"center center","background-size":"auto","background-attachment":"scroll","background-type":"","background-media":"","overlay-type":"","overlay-color":"","overlay-opacity":"","overlay-gradient":""}},"footnotes":""},"class_list":["post-3827","page","type-page","status-publish","hentry"],"acf":[],"uagb_featured_image_src":{"full":false,"thumbnail":false,"medium":false,"medium_large":false,"large":false,"1536x1536":false,"2048x2048":false,"gform-image-choice-sm":false,"gform-image-choice-md":false,"gform-image-choice-lg":false},"uagb_author_info":{"display_name":"pixelarbeiter","author_link":"https:\/\/www.elka-holzwerke.de\/fr\/author\/pixelarbeiter\/"},"uagb_comment_info":0,"uagb_excerpt":"Elka Service pour les planificateurs et architectes Minimisez l\u2019empreinte CO2 de vos projets de constructiond\u00e8s la phase de planification&#8230; La [&hellip;]","_links":{"self":[{"href":"https:\/\/www.elka-holzwerke.de\/fr\/wp-json\/wp\/v2\/pages\/3827","targetHints":{"allow":["GET"]}}],"collection":[{"href":"https:\/\/www.elka-holzwerke.de\/fr\/wp-json\/wp\/v2\/pages"}],"about":[{"href":"https:\/\/www.elka-holzwerke.de\/fr\/wp-json\/wp\/v2\/types\/page"}],"author":[{"embeddable":true,"href":"https:\/\/www.elka-holzwerke.de\/fr\/wp-json\/wp\/v2\/users\/1"}],"replies":[{"embeddable":true,"href":"https:\/\/www.elka-holzwerke.de\/fr\/wp-json\/wp\/v2\/comments?post=3827"}],"version-history":[{"count":4,"href":"https:\/\/www.elka-holzwerke.de\/fr\/wp-json\/wp\/v2\/pages\/3827\/revisions"}],"predecessor-version":[{"id":3863,"href":"https:\/\/www.elka-holzwerke.de\/fr\/wp-json\/wp\/v2\/pages\/3827\/revisions\/3863"}],"wp:attachment":[{"href":"https:\/\/www.elka-holzwerke.de\/fr\/wp-json\/wp\/v2\/media?parent=3827"}],"curies":[{"name":"wp","href":"https:\/\/api.w.org\/{rel}","templated":true}]}}