{"id":3831,"date":"2024-09-29T11:59:16","date_gmt":"2024-09-29T09:59:16","guid":{"rendered":"https:\/\/www.elka-holzwerke.de\/produits-de-marque\/esb\/distributeur-esb\/"},"modified":"2025-11-17T21:55:47","modified_gmt":"2025-11-17T20:55:47","slug":"distributeur-esb","status":"publish","type":"page","link":"https:\/\/www.elka-holzwerke.de\/fr\/produits-de-marque\/esb-elka-strong-board\/distributeur-esb\/","title":{"rendered":"distributeur esb"},"content":{"rendered":"\n<div class=\"wp-block-uagb-container headercontainer uagb-block-061fac08 alignfull uagb-is-root-container\"><div class=\"uagb-container-inner-blocks-wrap\">\n<h2 class=\"wp-block-heading claim\">esb von elka est disponible uniquement chez les revendeurs sp\u00e9cialis\u00e9s s\u00e9lectionn\u00e9s<\/h2>\n\n\n\n<h3 class=\"wp-block-heading headline\">recherche de revendeurs<\/h3>\n<\/div><\/div>\n\n\n\n<div class=\"wp-block-uagb-container uagb-block-6789f2f7 alignfull uagb-is-root-container\"><div class=\"uagb-container-inner-blocks-wrap\">\n<h2 class=\"wp-block-heading has-text-align-center\" style=\"margin-top:var(--wp--preset--spacing--50);margin-bottom:var(--wp--preset--spacing--50);padding-top:0;padding-bottom:0;font-size:2.5rem\">Veuillez contacter par e-mail \u00e0\u00a0<a href=\"mailto:vertrieb@elka-holzwerke.de\"><strong>vertrieb@elka-holzwerke.de<\/strong><\/a>\u00a0ou par t\u00e9l\u00e9phone au\u00a0<a href=\"tel:+496533956331\"><strong>+49 6533 956331<\/strong><\/a><\/h2>\n<\/div><\/div>\n\n\n\n<div class=\"wp-block-uagb-container uagb-block-7da5a74b alignfull uagb-is-root-container\"><div class=\"uagb-container-inner-blocks-wrap\">\n<h2 class=\"wp-block-heading has-text-align-center\">La famille de produits esb &#8211; Naturellement durable !<\/h2>\n<\/div><\/div>\n\n\n\n<div class=\"wp-block-uagb-container uagb-block-2b06f84a alignfull uagb-is-root-container\"><div class=\"uagb-container-inner-blocks-wrap\">\n<div class=\"wp-block-uagb-container uagb-block-64d56617\">\n<div class=\"wp-block-uagb-image uagb-block-a68f56aa wp-block-uagb-image--layout-default wp-block-uagb-image--effect-static wp-block-uagb-image--align-none\"><figure class=\"wp-block-uagb-image__figure\"><img decoding=\"async\"  sizes=\"auto, (max-width: 480px) 150px\" src=\"https:\/\/www.elka-holzwerke.de\/wp-content\/uploads\/2024\/10\/kachel_esb_standard-1.webp\" alt=\"\" width=\"300\" height=\"400\" title=\"\" loading=\"lazy\" role=\"img\"\/><\/figure><\/div>\n\n\n\n<h4 class=\"wp-block-heading has-text-align-center\"><a href=\"https:\/\/www.elka-holzwerke.de\/fr\/produits-de-marque\/esb-elka-strong-board\/esb-standard-fr\/\">esb Standard<\/a><\/h4>\n\n\n\n<p class=\"has-text-align-center\">L&rsquo;esb Standard est notre panneau de base dot\u00e9 d&rsquo;une teneur en formald\u00e9hyde de E1E05 et d&rsquo;excellentes propri\u00e9t\u00e9s techniques.<\/p>\n\n\n\n<div class=\"wp-block-buttons is-content-justification-center is-layout-flex wp-container-core-buttons-is-layout-a89b3969 wp-block-buttons-is-layout-flex\">\n<div class=\"wp-block-button\"><a class=\"wp-block-button__link wp-element-button\" href=\"https:\/\/www.elka-holzwerke.de\/fr\/produits-de-marque\/esb-elka-strong-board\/esb-standard-fr\/\">Plus d\u2019informations<\/a><\/div>\n<\/div>\n<\/div>\n\n\n\n<div class=\"wp-block-uagb-container uagb-block-d1189e92\">\n<div class=\"wp-block-uagb-image uagb-block-a9c1c4ee wp-block-uagb-image--layout-default wp-block-uagb-image--effect-static wp-block-uagb-image--align-none\"><figure class=\"wp-block-uagb-image__figure\"><img decoding=\"async\"  sizes=\"auto, (max-width: 480px) 150px\" src=\"https:\/\/www.elka-holzwerke.de\/wp-content\/uploads\/2025\/02\/kachel_esb_plus.webp\" alt=\"\" width=\"300\" height=\"400\" title=\"\" loading=\"lazy\" role=\"img\"\/><\/figure><\/div>\n\n\n\n<h4 class=\"wp-block-heading has-text-align-center\"><a href=\"https:\/\/www.elka-holzwerke.de\/fr\/produits-de-marque\/esb-elka-strong-board\/esb-plus\/\">esb Plus<\/a><\/h4>\n\n\n\n<p class=\"has-text-align-center\">L\u2019esb Plus est particuli\u00e8rement adapt\u00e9e \u00e0 la construction structurelle en bois et \u00e0 la construction de maisons pr\u00e9fabriqu\u00e9es avec une teneur en formald\u00e9hyde \u2264 0,03 ppm et de faibles \u00e9missions de COV.<\/p>\n\n\n\n<div class=\"wp-block-buttons is-content-justification-center is-layout-flex wp-container-core-buttons-is-layout-a89b3969 wp-block-buttons-is-layout-flex\">\n<div class=\"wp-block-button\"><a class=\"wp-block-button__link wp-element-button\" href=\"https:\/\/www.elka-holzwerke.de\/fr\/produits-de-marque\/esb-elka-strong-board\/esb-plus\/\">Plus d\u2019informations<\/a><\/div>\n<\/div>\n<\/div>\n\n\n\n<div class=\"wp-block-uagb-container uagb-block-630c4181\">\n<div class=\"wp-block-uagb-image uagb-block-4c63d221 wp-block-uagb-image--layout-default wp-block-uagb-image--effect-static wp-block-uagb-image--align-none\"><figure class=\"wp-block-uagb-image__figure\"><img decoding=\"async\"  sizes=\"auto, (max-width: 480px) 150px\" src=\"https:\/\/www.elka-holzwerke.de\/wp-content\/uploads\/2025\/02\/kachel_esb_traverse.webp\" alt=\"\" width=\"300\" height=\"400\" title=\"\" loading=\"lazy\" role=\"img\"\/><\/figure><\/div>\n\n\n\n<h4 class=\"wp-block-heading has-text-align-center\"><a href=\"https:\/\/www.elka-holzwerke.de\/fr\/produits-de-marque\/esb-elka-strong-board\/esb-traverse\/\"><a href=\"https:\/\/www.elka-holzwerke.de\/fr\/produits-de-marque\/esb-elka-strong-board\/esb-traverse\">esb Traverse<\/a><\/a><\/h4>\n\n\n\n<p class=\"has-text-align-center\">Pi\u00e8ces int\u00e9gr\u00e9es pour fixer des charges plus \u00e9lev\u00e9es aux murs dans les cloisons s\u00e8ches, par exemple avec des profil\u00e9s CW pour la plaque standard esb.<\/p>\n\n\n\n<div class=\"wp-block-buttons is-content-justification-center is-layout-flex wp-container-core-buttons-is-layout-a89b3969 wp-block-buttons-is-layout-flex\">\n<div class=\"wp-block-button\"><a class=\"wp-block-button__link wp-element-button\" href=\"https:\/\/www.elka-holzwerke.de\/fr\/produits-de-marque\/esb-elka-strong-board\/esb-traverse\/\">Plus d\u2019informations<\/a><\/div>\n<\/div>\n<\/div>\n\n\n\n<div class=\"wp-block-uagb-container uagb-block-6f9b35d8\">\n<div class=\"wp-block-uagb-image uagb-block-eb76c791 wp-block-uagb-image--layout-default wp-block-uagb-image--effect-static wp-block-uagb-image--align-none\"><figure class=\"wp-block-uagb-image__figure\"><img decoding=\"async\"  sizes=\"auto, (max-width: 480px) 150px\" src=\"https:\/\/www.elka-holzwerke.de\/wp-content\/uploads\/2025\/02\/elka_esbreno_09.webp\" alt=\"\" width=\"205\" height=\"400\" title=\"\" loading=\"lazy\" role=\"img\"\/><\/figure><\/div>\n\n\n\n<h4 class=\"wp-block-heading has-text-align-center\"><a href=\"https:\/\/www.elka-holzwerke.de\/fr\/produits-de-marque\/esb-elka-strong-board\/esbreno-fr\/\">#esbReno<\/a><\/h4>\n\n\n\n<p class=\"has-text-align-center\">Notre nouveau #esbReno est parfaitement adapt\u00e9 \u00e0 la r\u00e9novation des combles gr\u00e2ce \u00e0 sa taille. Les escaliers \u00e9troits et les petites lucarnes ne posent plus aucun probl\u00e8me d\u00e9sormais.<\/p>\n\n\n\n<div class=\"wp-block-buttons is-content-justification-center is-layout-flex wp-container-core-buttons-is-layout-a89b3969 wp-block-buttons-is-layout-flex\">\n<div class=\"wp-block-button\"><a class=\"wp-block-button__link wp-element-button\" href=\"https:\/\/www.elka-holzwerke.de\/fr\/produits-de-marque\/esb-elka-strong-board\/esbreno-fr\/\">Plus d\u2019informations<\/a><\/div>\n<\/div>\n<\/div>\n<\/div><\/div>\n\n\n\n<div class=\"wp-block-uagb-container uagb-block-32606905 alignfull uagb-is-root-container\"><div class=\"uagb-container-inner-blocks-wrap\">\n<div class=\"wp-block-uagb-container uagb-block-c3675df0\">\n<h3 class=\"wp-block-heading has-text-align-center\" style=\"margin-top:0;margin-bottom:0;padding-top:0;padding-bottom:0\"><strong>Vous avez des questions sur<\/strong><br><strong>notre gamme de\u00a0esb\u00a0 ?<\/strong><\/h3>\n\n\n\n<p class=\"has-text-align-center\">Notre conseiller se fera un plaisir de vous aider<br>T\u00e9l\u00e9phonez<br><br><a href=\"tel:+496533956444\"><strong>+49(0)6533 \/ 956 444<\/strong><\/a><br><br>Ou envoyez votre demande par e-mail \u00e0 <br><strong><a href=\"mailto:vertrieb@elka-holzwerke.de\"><\/a><a href=\"mailto:vertrieb@elka-holzwerke.de\"><\/a><a href=\"mailto:vertrieb@elka-holzwerke.de\">vertrieb@elka-holzwerke.de<\/a><\/strong><\/p>\n<\/div>\n\n\n\n<div class=\"wp-block-uagb-container uagb-block-6d204365\">\n<div class=\"wp-block-uagb-image aligncenter uagb-block-493c0e73 wp-block-uagb-image--layout-default wp-block-uagb-image--effect-static wp-block-uagb-image--align-center\"><figure class=\"wp-block-uagb-image__figure\"><img decoding=\"async\" srcset=\"https:\/\/www.elka-holzwerke.de\/wp-content\/uploads\/2025\/11\/martin_ingo.webp ,https:\/\/www.elka-holzwerke.de\/wp-content\/uploads\/2025\/11\/martin_ingo.webp 780w, https:\/\/www.elka-holzwerke.de\/wp-content\/uploads\/2025\/11\/martin_ingo.webp 360w\" sizes=\"auto, (max-width: 480px) 150px\" src=\"https:\/\/www.elka-holzwerke.de\/wp-content\/uploads\/2025\/11\/martin_ingo.webp\" alt=\"\" class=\"uag-image-3837\" width=\"414\" height=\"283\" title=\"martin_ingo\" loading=\"lazy\" role=\"img\"\/><\/figure><\/div>\n<\/div>\n<\/div><\/div>\n","protected":false},"excerpt":{"rendered":"<p>esb von elka est disponible uniquement chez les revendeurs sp\u00e9cialis\u00e9s s\u00e9lectionn\u00e9s recherche de revendeurs Veuillez contacter par e-mail \u00e0\u00a0vertrieb@elka-holzwerke.de\u00a0ou par [&hellip;]<\/p>\n","protected":false},"author":1,"featured_media":0,"parent":3158,"menu_order":19,"comment_status":"closed","ping_status":"closed","template":"","meta":{"_acf_changed":false,"_uag_custom_page_level_css":"","site-sidebar-layout":"default","site-content-layout":"","ast-site-content-layout":"","site-content-style":"default","site-sidebar-style":"default","ast-global-header-display":"","ast-banner-title-visibility":"","ast-main-header-display":"","ast-hfb-above-header-display":"","ast-hfb-below-header-display":"","ast-hfb-mobile-header-display":"","site-post-title":"disabled","ast-breadcrumbs-content":"","ast-featured-img":"","footer-sml-layout":"","ast-disable-related-posts":"","theme-transparent-header-meta":"","adv-header-id-meta":"","stick-header-meta":"","header-above-stick-meta":"","header-main-stick-meta":"","header-below-stick-meta":"","astra-migrate-meta-layouts":"default","ast-page-background-enabled":"default","ast-page-background-meta":{"desktop":{"background-color":"var(--ast-global-color-4)","background-image":"","background-repeat":"repeat","background-position":"center center","background-size":"auto","background-attachment":"scroll","background-type":"","background-media":"","overlay-type":"","overlay-color":"","overlay-opacity":"","overlay-gradient":""},"tablet":{"background-color":"","background-image":"","background-repeat":"repeat","background-position":"center center","background-size":"auto","background-attachment":"scroll","background-type":"","background-media":"","overlay-type":"","overlay-color":"","overlay-opacity":"","overlay-gradient":""},"mobile":{"background-color":"","background-image":"","background-repeat":"repeat","background-position":"center center","background-size":"auto","background-attachment":"scroll","background-type":"","background-media":"","overlay-type":"","overlay-color":"","overlay-opacity":"","overlay-gradient":""}},"ast-content-background-meta":{"desktop":{"background-color":"var(--ast-global-color-5)","background-image":"","background-repeat":"repeat","background-position":"center center","background-size":"auto","background-attachment":"scroll","background-type":"","background-media":"","overlay-type":"","overlay-color":"","overlay-opacity":"","overlay-gradient":""},"tablet":{"background-color":"var(--ast-global-color-5)","background-image":"","background-repeat":"repeat","background-position":"center center","background-size":"auto","background-attachment":"scroll","background-type":"","background-media":"","overlay-type":"","overlay-color":"","overlay-opacity":"","overlay-gradient":""},"mobile":{"background-color":"var(--ast-global-color-5)","background-image":"","background-repeat":"repeat","background-position":"center center","background-size":"auto","background-attachment":"scroll","background-type":"","background-media":"","overlay-type":"","overlay-color":"","overlay-opacity":"","overlay-gradient":""}},"footnotes":""},"class_list":["post-3831","page","type-page","status-publish","hentry"],"acf":[],"uagb_featured_image_src":{"full":false,"thumbnail":false,"medium":false,"medium_large":false,"large":false,"1536x1536":false,"2048x2048":false,"gform-image-choice-sm":false,"gform-image-choice-md":false,"gform-image-choice-lg":false},"uagb_author_info":{"display_name":"pixelarbeiter","author_link":"https:\/\/www.elka-holzwerke.de\/fr\/author\/pixelarbeiter\/"},"uagb_comment_info":0,"uagb_excerpt":"esb von elka est disponible uniquement chez les revendeurs sp\u00e9cialis\u00e9s s\u00e9lectionn\u00e9s recherche de revendeurs Veuillez contacter par e-mail \u00e0\u00a0vertrieb@elka-holzwerke.de\u00a0ou par [&hellip;]","_links":{"self":[{"href":"https:\/\/www.elka-holzwerke.de\/fr\/wp-json\/wp\/v2\/pages\/3831","targetHints":{"allow":["GET"]}}],"collection":[{"href":"https:\/\/www.elka-holzwerke.de\/fr\/wp-json\/wp\/v2\/pages"}],"about":[{"href":"https:\/\/www.elka-holzwerke.de\/fr\/wp-json\/wp\/v2\/types\/page"}],"author":[{"embeddable":true,"href":"https:\/\/www.elka-holzwerke.de\/fr\/wp-json\/wp\/v2\/users\/1"}],"replies":[{"embeddable":true,"href":"https:\/\/www.elka-holzwerke.de\/fr\/wp-json\/wp\/v2\/comments?post=3831"}],"version-history":[{"count":6,"href":"https:\/\/www.elka-holzwerke.de\/fr\/wp-json\/wp\/v2\/pages\/3831\/revisions"}],"predecessor-version":[{"id":3859,"href":"https:\/\/www.elka-holzwerke.de\/fr\/wp-json\/wp\/v2\/pages\/3831\/revisions\/3859"}],"up":[{"embeddable":true,"href":"https:\/\/www.elka-holzwerke.de\/fr\/wp-json\/wp\/v2\/pages\/3158"}],"wp:attachment":[{"href":"https:\/\/www.elka-holzwerke.de\/fr\/wp-json\/wp\/v2\/media?parent=3831"}],"curies":[{"name":"wp","href":"https:\/\/api.w.org\/{rel}","templated":true}]}}