{"id":3835,"date":"2024-09-29T11:59:16","date_gmt":"2024-09-29T09:59:16","guid":{"rendered":"https:\/\/www.elka-holzwerke.de\/produits-de-marque\/esb\/nos-partenaires\/"},"modified":"2025-11-17T21:56:47","modified_gmt":"2025-11-17T20:56:47","slug":"nos-partenaires","status":"publish","type":"page","link":"https:\/\/www.elka-holzwerke.de\/fr\/produits-de-marque\/esb-elka-strong-board\/nos-partenaires\/","title":{"rendered":"Nos partenaires"},"content":{"rendered":"\n<div class=\"wp-block-uagb-container headercontainer uagb-block-061fac08 alignfull uagb-is-root-container\"><div class=\"uagb-container-inner-blocks-wrap\">\n<h2 class=\"wp-block-heading claim\">Lors de la construction, il ne faut rien laisser au hasard<\/h2>\n\n\n\n<h3 class=\"wp-block-heading headline\">Nos partenaires<\/h3>\n<\/div><\/div>\n\n\n\n<div class=\"wp-block-uagb-container uagb-block-d6a90384 alignfull uagb-is-root-container\"><div class=\"uagb-container-inner-blocks-wrap\">\n<div class=\"wp-block-uagb-container uagb-block-d1b6fd88\">\n<figure class=\"wp-block-image size-full\"><img loading=\"lazy\" decoding=\"async\" width=\"846\" height=\"477\" src=\"https:\/\/www.elka-holzwerke.de\/wp-content\/uploads\/2024\/10\/elka-partner-argillatherm.webp\" alt=\"\" class=\"wp-image-387\" srcset=\"https:\/\/www.elka-holzwerke.de\/wp-content\/uploads\/2024\/10\/elka-partner-argillatherm.webp 846w, https:\/\/www.elka-holzwerke.de\/wp-content\/uploads\/2024\/10\/elka-partner-argillatherm-300x169.webp 300w, https:\/\/www.elka-holzwerke.de\/wp-content\/uploads\/2024\/10\/elka-partner-argillatherm-768x433.webp 768w\" sizes=\"auto, (max-width: 846px) 100vw, 846px\" \/><\/figure>\n<\/div>\n\n\n\n<div class=\"wp-block-uagb-container uagb-block-c2af466e\">\n<div class=\"wp-block-uagb-image aligncenter uagb-block-1dcc1534 wp-block-uagb-image--layout-default wp-block-uagb-image--effect-static wp-block-uagb-image--align-center\"><figure class=\"wp-block-uagb-image__figure\"><img decoding=\"async\"  sizes=\"auto, (max-width: 480px) 150px\" src=\"https:\/\/www.elka-holzwerke.de\/wp-content\/uploads\/2024\/10\/argillatherm-logo.webp\" alt=\"\" width=\"323\" height=\"150\" title=\"\" loading=\"lazy\" role=\"img\"\/><\/figure><\/div>\n\n\n\n<h3 class=\"wp-block-heading has-text-align-center\">ArgillaTherm GmbH<\/h3>\n\n\n\n<p class=\"has-text-align-center\">Wagenstieg 9<br>D-37077 G\u00f6ttingen<\/p>\n\n\n\n<p class=\"has-text-align-center\"><a target=\"_blank\" rel=\"noreferrer noopener\" href=\"http:\/\/www.argillatherm.de\/\">www.argillatherm.de<\/a><\/p>\n<\/div>\n<\/div><\/div>\n\n\n\n<hr class=\"wp-block-separator has-text-color has-alpha-channel-opacity has-background is-style-wide\" style=\"margin-top:0;margin-bottom:0;background-color:#cccccc;color:#cccccc\"\/>\n\n\n\n<div class=\"wp-block-uagb-container uagb-block-c8b77305 alignfull uagb-is-root-container\"><div class=\"uagb-container-inner-blocks-wrap\">\n<div class=\"wp-block-uagb-container uagb-block-d1b6fd88\">\n<figure class=\"wp-block-image size-full\"><img loading=\"lazy\" decoding=\"async\" width=\"846\" height=\"477\" src=\"https:\/\/www.elka-holzwerke.de\/wp-content\/uploads\/2024\/10\/elka-partner-cemwood.webp\" alt=\"\" class=\"wp-image-389\" srcset=\"https:\/\/www.elka-holzwerke.de\/wp-content\/uploads\/2024\/10\/elka-partner-cemwood.webp 846w, https:\/\/www.elka-holzwerke.de\/wp-content\/uploads\/2024\/10\/elka-partner-cemwood-300x169.webp 300w, https:\/\/www.elka-holzwerke.de\/wp-content\/uploads\/2024\/10\/elka-partner-cemwood-768x433.webp 768w\" sizes=\"auto, (max-width: 846px) 100vw, 846px\" \/><\/figure>\n<\/div>\n\n\n\n<div class=\"wp-block-uagb-container uagb-block-c2af466e\">\n<div class=\"wp-block-uagb-image aligncenter uagb-block-1dcc1534 wp-block-uagb-image--layout-default wp-block-uagb-image--effect-static wp-block-uagb-image--align-center\"><figure class=\"wp-block-uagb-image__figure\"><img decoding=\"async\" srcset=\"https:\/\/www.elka-holzwerke.de\/wp-content\/uploads\/2024\/10\/cemwood-logo.webp ,https:\/\/www.elka-holzwerke.de\/wp-content\/uploads\/2024\/10\/cemwood-logo.webp 780w, https:\/\/www.elka-holzwerke.de\/wp-content\/uploads\/2024\/10\/cemwood-logo.webp 360w\" sizes=\"auto, (max-width: 480px) 150px\" src=\"https:\/\/www.elka-holzwerke.de\/wp-content\/uploads\/2024\/10\/cemwood-logo.webp\" alt=\"\" class=\"uag-image-390\" width=\"521\" height=\"242\" title=\"cemwood-logo\" loading=\"lazy\" role=\"img\"\/><\/figure><\/div>\n\n\n\n<h3 class=\"wp-block-heading has-text-align-center\">CEMWOOD GmbH<\/h3>\n\n\n\n<p class=\"has-text-align-center\">Glindenberger Weg 13<br>D-39126 Magdeburg<\/p>\n\n\n\n<p class=\"has-text-align-center\"><a target=\"_blank\" rel=\"noreferrer noopener\" href=\"http:\/\/www.cemwood.de\/\">www.cemwood.de<\/a><\/p>\n<\/div>\n<\/div><\/div>\n\n\n\n<hr class=\"wp-block-separator has-text-color has-alpha-channel-opacity has-background is-style-wide\" style=\"margin-top:0;margin-bottom:0;background-color:#cccccc;color:#cccccc\"\/>\n\n\n\n<div class=\"wp-block-uagb-container uagb-block-c8b77305 alignfull uagb-is-root-container\"><div class=\"uagb-container-inner-blocks-wrap\">\n<div class=\"wp-block-uagb-container uagb-block-d1b6fd88\">\n<figure class=\"wp-block-image size-full\"><img loading=\"lazy\" decoding=\"async\" width=\"846\" height=\"477\" src=\"https:\/\/www.elka-holzwerke.de\/wp-content\/uploads\/2024\/10\/elka-partner-claytec.webp\" alt=\"\" class=\"wp-image-391\" srcset=\"https:\/\/www.elka-holzwerke.de\/wp-content\/uploads\/2024\/10\/elka-partner-claytec.webp 846w, https:\/\/www.elka-holzwerke.de\/wp-content\/uploads\/2024\/10\/elka-partner-claytec-300x169.webp 300w, https:\/\/www.elka-holzwerke.de\/wp-content\/uploads\/2024\/10\/elka-partner-claytec-768x433.webp 768w\" sizes=\"auto, (max-width: 846px) 100vw, 846px\" \/><\/figure>\n<\/div>\n\n\n\n<div class=\"wp-block-uagb-container uagb-block-c2af466e\">\n<div class=\"wp-block-uagb-image aligncenter uagb-block-1dcc1534 wp-block-uagb-image--layout-default wp-block-uagb-image--effect-static wp-block-uagb-image--align-center\"><figure class=\"wp-block-uagb-image__figure\"><img decoding=\"async\" srcset=\"https:\/\/www.elka-holzwerke.de\/wp-content\/uploads\/2024\/10\/claytec-logo.webp ,https:\/\/www.elka-holzwerke.de\/wp-content\/uploads\/2024\/10\/claytec-logo.webp 780w, https:\/\/www.elka-holzwerke.de\/wp-content\/uploads\/2024\/10\/claytec-logo.webp 360w\" sizes=\"auto, (max-width: 480px) 150px\" src=\"https:\/\/www.elka-holzwerke.de\/wp-content\/uploads\/2024\/10\/claytec-logo.webp\" alt=\"\" class=\"uag-image-392\" width=\"521\" height=\"242\" title=\"claytec-logo\" loading=\"lazy\" role=\"img\"\/><\/figure><\/div>\n\n\n\n<h3 class=\"wp-block-heading has-text-align-center\">ClayTec GmbH &amp; Co. KG<\/h3>\n\n\n\n<p class=\"has-text-align-center\">Nettetaler Stra\u00dfe 113-117<br>D-41751 Viersen-Boisheim<\/p>\n\n\n\n<p class=\"has-text-align-center\"><a target=\"_blank\" rel=\"noreferrer noopener\" href=\"http:\/\/www.claytec.de\/\">www.claytec.de<\/a><\/p>\n<\/div>\n<\/div><\/div>\n\n\n\n<hr class=\"wp-block-separator has-text-color has-alpha-channel-opacity has-background is-style-wide\" style=\"margin-top:0;margin-bottom:0;background-color:#cccccc;color:#cccccc\"\/>\n\n\n\n<div class=\"wp-block-uagb-container uagb-block-c8b77305 alignfull uagb-is-root-container\"><div class=\"uagb-container-inner-blocks-wrap\">\n<div class=\"wp-block-uagb-container uagb-block-d1b6fd88\">\n<div class=\"wp-block-uagb-image aligncenter uagb-block-a35be347 wp-block-uagb-image--layout-default wp-block-uagb-image--effect-static wp-block-uagb-image--align-center\"><figure class=\"wp-block-uagb-image__figure\"><img decoding=\"async\"  sizes=\"auto, (max-width: 480px) 150px\" src=\"https:\/\/www.elka-holzwerke.de\/wp-content\/uploads\/2024\/10\/elka-partner-gutex.webp\" alt=\"\" width=\"846\" height=\"477\" title=\"\" loading=\"lazy\" role=\"img\"\/><\/figure><\/div>\n<\/div>\n\n\n\n<div class=\"wp-block-uagb-container uagb-block-c2af466e\">\n<div class=\"wp-block-uagb-image aligncenter uagb-block-1dcc1534 wp-block-uagb-image--layout-default wp-block-uagb-image--effect-static wp-block-uagb-image--align-center\"><figure class=\"wp-block-uagb-image__figure\"><img decoding=\"async\" srcset=\"https:\/\/www.elka-holzwerke.de\/wp-content\/uploads\/2024\/10\/gutex-logo.webp ,https:\/\/www.elka-holzwerke.de\/wp-content\/uploads\/2024\/10\/gutex-logo.webp 780w, https:\/\/www.elka-holzwerke.de\/wp-content\/uploads\/2024\/10\/gutex-logo.webp 360w\" sizes=\"auto, (max-width: 480px) 150px\" src=\"https:\/\/www.elka-holzwerke.de\/wp-content\/uploads\/2024\/10\/gutex-logo.webp\" alt=\"\" class=\"uag-image-394\" width=\"521\" height=\"242\" title=\"gutex-logo\" loading=\"lazy\" role=\"img\"\/><\/figure><\/div>\n\n\n\n<h3 class=\"wp-block-heading has-text-align-center\">GUTEX Holzfaserplattenwerk<\/h3>\n\n\n\n<p class=\"has-text-align-center\">H. Henselmann GmbH + Co KG<br>Gutenburg 5<br>D-79761 Waldshut-Tiengen<\/p>\n\n\n\n<p class=\"has-text-align-center\"><a target=\"_blank\" rel=\"noreferrer noopener\" href=\"http:\/\/www.gutex.de\/\">www.gutex.de<\/a><\/p>\n<\/div>\n<\/div><\/div>\n\n\n\n<hr class=\"wp-block-separator has-text-color has-alpha-channel-opacity has-background is-style-wide\" style=\"margin-top:0;margin-bottom:0;background-color:#cccccc;color:#cccccc\"\/>\n\n\n\n<div class=\"wp-block-uagb-container uagb-block-c8b77305 alignfull uagb-is-root-container\"><div class=\"uagb-container-inner-blocks-wrap\">\n<div class=\"wp-block-uagb-container uagb-block-d1b6fd88\">\n<figure class=\"wp-block-image size-full\"><img loading=\"lazy\" decoding=\"async\" width=\"846\" height=\"477\" src=\"https:\/\/www.elka-holzwerke.de\/wp-content\/uploads\/2024\/10\/elka-partner-proclima.webp\" alt=\"\" class=\"wp-image-395\" srcset=\"https:\/\/www.elka-holzwerke.de\/wp-content\/uploads\/2024\/10\/elka-partner-proclima.webp 846w, https:\/\/www.elka-holzwerke.de\/wp-content\/uploads\/2024\/10\/elka-partner-proclima-300x169.webp 300w, https:\/\/www.elka-holzwerke.de\/wp-content\/uploads\/2024\/10\/elka-partner-proclima-768x433.webp 768w\" sizes=\"auto, (max-width: 846px) 100vw, 846px\" \/><\/figure>\n<\/div>\n\n\n\n<div class=\"wp-block-uagb-container uagb-block-c2af466e\">\n<div class=\"wp-block-uagb-image aligncenter uagb-block-1dcc1534 wp-block-uagb-image--layout-default wp-block-uagb-image--effect-static wp-block-uagb-image--align-center\"><figure class=\"wp-block-uagb-image__figure\"><img decoding=\"async\" srcset=\"https:\/\/www.elka-holzwerke.de\/wp-content\/uploads\/2024\/10\/proclima-logo.webp ,https:\/\/www.elka-holzwerke.de\/wp-content\/uploads\/2024\/10\/proclima-logo.webp 780w, https:\/\/www.elka-holzwerke.de\/wp-content\/uploads\/2024\/10\/proclima-logo.webp 360w\" sizes=\"auto, (max-width: 480px) 150px\" src=\"https:\/\/www.elka-holzwerke.de\/wp-content\/uploads\/2024\/10\/proclima-logo.webp\" alt=\"\" class=\"uag-image-396\" width=\"521\" height=\"242\" title=\"proclima-logo\" loading=\"lazy\" role=\"img\"\/><\/figure><\/div>\n\n\n\n<h3 class=\"wp-block-heading has-text-align-center\">ProClima<\/h3>\n\n\n\n<p class=\"has-text-align-center\">Moll bau\u00f6kologische Produkte GmbH<br>Rheintalstra\u00dfe 35 &#8211; 43<br>D-68723 Schwetzingen<\/p>\n\n\n\n<p class=\"has-text-align-center\"><a target=\"_blank\" rel=\"noreferrer noopener\" href=\"http:\/\/www.proclima.com\/\">www.proclima.com<\/a><\/p>\n<\/div>\n<\/div><\/div>\n\n\n\n<hr class=\"wp-block-separator has-text-color has-alpha-channel-opacity has-background is-style-wide\" style=\"margin-top:0;margin-bottom:0;background-color:#cccccc;color:#cccccc\"\/>\n\n\n\n<div class=\"wp-block-uagb-container uagb-block-c8b77305 alignfull uagb-is-root-container\"><div class=\"uagb-container-inner-blocks-wrap\">\n<div class=\"wp-block-uagb-container uagb-block-d1b6fd88\">\n<figure class=\"wp-block-image size-full\"><img loading=\"lazy\" decoding=\"async\" width=\"846\" height=\"477\" src=\"https:\/\/www.elka-holzwerke.de\/wp-content\/uploads\/2024\/10\/elka-partner-steico.webp\" alt=\"\" class=\"wp-image-398\" srcset=\"https:\/\/www.elka-holzwerke.de\/wp-content\/uploads\/2024\/10\/elka-partner-steico.webp 846w, https:\/\/www.elka-holzwerke.de\/wp-content\/uploads\/2024\/10\/elka-partner-steico-300x169.webp 300w, https:\/\/www.elka-holzwerke.de\/wp-content\/uploads\/2024\/10\/elka-partner-steico-768x433.webp 768w\" sizes=\"auto, (max-width: 846px) 100vw, 846px\" \/><\/figure>\n<\/div>\n\n\n\n<div class=\"wp-block-uagb-container uagb-block-c2af466e\">\n<div class=\"wp-block-uagb-image aligncenter uagb-block-1dcc1534 wp-block-uagb-image--layout-default wp-block-uagb-image--effect-static wp-block-uagb-image--align-center\"><figure class=\"wp-block-uagb-image__figure\"><img decoding=\"async\" srcset=\"https:\/\/www.elka-holzwerke.de\/wp-content\/uploads\/2024\/10\/steico-logo.webp ,https:\/\/www.elka-holzwerke.de\/wp-content\/uploads\/2024\/10\/steico-logo.webp 780w, https:\/\/www.elka-holzwerke.de\/wp-content\/uploads\/2024\/10\/steico-logo.webp 360w\" sizes=\"auto, (max-width: 480px) 150px\" src=\"https:\/\/www.elka-holzwerke.de\/wp-content\/uploads\/2024\/10\/steico-logo.webp\" alt=\"\" class=\"uag-image-397\" width=\"521\" height=\"242\" title=\"steico-logo\" loading=\"lazy\" role=\"img\"\/><\/figure><\/div>\n\n\n\n<h3 class=\"wp-block-heading has-text-align-center\">STEICO SE<\/h3>\n\n\n\n<p class=\"has-text-align-center\">Otto-Lilienthal-Ring 30<br>D-85622 Feldkirchen<\/p>\n\n\n\n<p class=\"has-text-align-center\"><a target=\"_blank\" rel=\"noreferrer noopener\" href=\"http:\/\/www.steico.de\/\">www.steico.de<\/a><\/p>\n<\/div>\n<\/div><\/div>\n\n\n\n<hr class=\"wp-block-separator has-text-color has-alpha-channel-opacity has-background is-style-wide\" style=\"margin-top:0;margin-bottom:0;background-color:#cccccc;color:#cccccc\"\/>\n\n\n\n<div class=\"wp-block-uagb-container uagb-block-b476463b alignfull uagb-is-root-container\"><div class=\"uagb-container-inner-blocks-wrap\">\n<div class=\"wp-block-uagb-container uagb-block-e1275b06\">\n<figure class=\"wp-block-image size-full\"><img loading=\"lazy\" decoding=\"async\" width=\"846\" height=\"477\" src=\"https:\/\/www.elka-holzwerke.de\/wp-content\/uploads\/2024\/10\/elka-partner-wem.webp\" alt=\"\" class=\"wp-image-399\" srcset=\"https:\/\/www.elka-holzwerke.de\/wp-content\/uploads\/2024\/10\/elka-partner-wem.webp 846w, https:\/\/www.elka-holzwerke.de\/wp-content\/uploads\/2024\/10\/elka-partner-wem-300x169.webp 300w, https:\/\/www.elka-holzwerke.de\/wp-content\/uploads\/2024\/10\/elka-partner-wem-768x433.webp 768w\" sizes=\"auto, (max-width: 846px) 100vw, 846px\" \/><\/figure>\n<\/div>\n\n\n\n<div class=\"wp-block-uagb-container uagb-block-c3a7bf83\">\n<div class=\"wp-block-uagb-image aligncenter uagb-block-d0826b2e wp-block-uagb-image--layout-default wp-block-uagb-image--effect-static wp-block-uagb-image--align-center\"><figure class=\"wp-block-uagb-image__figure\"><img decoding=\"async\" srcset=\"https:\/\/www.elka-holzwerke.de\/wp-content\/uploads\/2024\/10\/wem-logo.webp ,https:\/\/www.elka-holzwerke.de\/wp-content\/uploads\/2024\/10\/wem-logo.webp 780w, https:\/\/www.elka-holzwerke.de\/wp-content\/uploads\/2024\/10\/wem-logo.webp 360w\" sizes=\"auto, (max-width: 480px) 150px\" src=\"https:\/\/www.elka-holzwerke.de\/wp-content\/uploads\/2024\/10\/wem-logo.webp\" alt=\"\" class=\"uag-image-400\" width=\"521\" height=\"242\" title=\"wem-logo\" loading=\"lazy\" role=\"img\"\/><\/figure><\/div>\n\n\n\n<h3 class=\"wp-block-heading has-text-align-center\">WEM GmbH<\/h3>\n\n\n\n<p class=\"has-text-align-center\">Fl\u00e4chenheizung und -k\u00fchlung<br>Rudolf-Diesel-Stra\u00dfe 37<br>D-56220 Urmitz<\/p>\n\n\n\n<p class=\"has-text-align-center\"><a target=\"_blank\" rel=\"noreferrer noopener\" href=\"http:\/\/www.wandheizung.de\/\">www.wandheizung.de<\/a><\/p>\n<\/div>\n<\/div><\/div>\n\n\n\n<hr class=\"wp-block-separator has-text-color has-cyan-bluish-gray-color has-alpha-channel-opacity has-cyan-bluish-gray-background-color has-background is-style-wide\" style=\"margin-top:0;margin-bottom:0\"\/>\n\n\n\n<p><\/p>\n","protected":false},"excerpt":{"rendered":"<p>Lors de la construction, il ne faut rien laisser au hasard Nos partenaires ArgillaTherm GmbH Wagenstieg 9D-37077 G\u00f6ttingen www.argillatherm.de CEMWOOD [&hellip;]<\/p>\n","protected":false},"author":1,"featured_media":0,"parent":3158,"menu_order":21,"comment_status":"closed","ping_status":"closed","template":"","meta":{"_acf_changed":false,"_uag_custom_page_level_css":"","site-sidebar-layout":"default","site-content-layout":"","ast-site-content-layout":"default","site-content-style":"default","site-sidebar-style":"default","ast-global-header-display":"","ast-banner-title-visibility":"","ast-main-header-display":"","ast-hfb-above-header-display":"","ast-hfb-below-header-display":"","ast-hfb-mobile-header-display":"","site-post-title":"disabled","ast-breadcrumbs-content":"","ast-featured-img":"","footer-sml-layout":"","ast-disable-related-posts":"","theme-transparent-header-meta":"","adv-header-id-meta":"","stick-header-meta":"","header-above-stick-meta":"","header-main-stick-meta":"","header-below-stick-meta":"","astra-migrate-meta-layouts":"default","ast-page-background-enabled":"default","ast-page-background-meta":{"desktop":{"background-color":"var(--ast-global-color-4)","background-image":"","background-repeat":"repeat","background-position":"center center","background-size":"auto","background-attachment":"scroll","background-type":"","background-media":"","overlay-type":"","overlay-color":"","overlay-opacity":"","overlay-gradient":""},"tablet":{"background-color":"","background-image":"","background-repeat":"repeat","background-position":"center center","background-size":"auto","background-attachment":"scroll","background-type":"","background-media":"","overlay-type":"","overlay-color":"","overlay-opacity":"","overlay-gradient":""},"mobile":{"background-color":"","background-image":"","background-repeat":"repeat","background-position":"center center","background-size":"auto","background-attachment":"scroll","background-type":"","background-media":"","overlay-type":"","overlay-color":"","overlay-opacity":"","overlay-gradient":""}},"ast-content-background-meta":{"desktop":{"background-color":"var(--ast-global-color-5)","background-image":"","background-repeat":"repeat","background-position":"center center","background-size":"auto","background-attachment":"scroll","background-type":"","background-media":"","overlay-type":"","overlay-color":"","overlay-opacity":"","overlay-gradient":""},"tablet":{"background-color":"var(--ast-global-color-5)","background-image":"","background-repeat":"repeat","background-position":"center center","background-size":"auto","background-attachment":"scroll","background-type":"","background-media":"","overlay-type":"","overlay-color":"","overlay-opacity":"","overlay-gradient":""},"mobile":{"background-color":"var(--ast-global-color-5)","background-image":"","background-repeat":"repeat","background-position":"center center","background-size":"auto","background-attachment":"scroll","background-type":"","background-media":"","overlay-type":"","overlay-color":"","overlay-opacity":"","overlay-gradient":""}},"footnotes":""},"class_list":["post-3835","page","type-page","status-publish","hentry"],"acf":[],"uagb_featured_image_src":{"full":false,"thumbnail":false,"medium":false,"medium_large":false,"large":false,"1536x1536":false,"2048x2048":false,"gform-image-choice-sm":false,"gform-image-choice-md":false,"gform-image-choice-lg":false},"uagb_author_info":{"display_name":"pixelarbeiter","author_link":"https:\/\/www.elka-holzwerke.de\/fr\/author\/pixelarbeiter\/"},"uagb_comment_info":0,"uagb_excerpt":"Lors de la construction, il ne faut rien laisser au hasard Nos partenaires ArgillaTherm GmbH Wagenstieg 9D-37077 G\u00f6ttingen www.argillatherm.de CEMWOOD [&hellip;]","_links":{"self":[{"href":"https:\/\/www.elka-holzwerke.de\/fr\/wp-json\/wp\/v2\/pages\/3835","targetHints":{"allow":["GET"]}}],"collection":[{"href":"https:\/\/www.elka-holzwerke.de\/fr\/wp-json\/wp\/v2\/pages"}],"about":[{"href":"https:\/\/www.elka-holzwerke.de\/fr\/wp-json\/wp\/v2\/types\/page"}],"author":[{"embeddable":true,"href":"https:\/\/www.elka-holzwerke.de\/fr\/wp-json\/wp\/v2\/users\/1"}],"replies":[{"embeddable":true,"href":"https:\/\/www.elka-holzwerke.de\/fr\/wp-json\/wp\/v2\/comments?post=3835"}],"version-history":[{"count":2,"href":"https:\/\/www.elka-holzwerke.de\/fr\/wp-json\/wp\/v2\/pages\/3835\/revisions"}],"predecessor-version":[{"id":3860,"href":"https:\/\/www.elka-holzwerke.de\/fr\/wp-json\/wp\/v2\/pages\/3835\/revisions\/3860"}],"up":[{"embeddable":true,"href":"https:\/\/www.elka-holzwerke.de\/fr\/wp-json\/wp\/v2\/pages\/3158"}],"wp:attachment":[{"href":"https:\/\/www.elka-holzwerke.de\/fr\/wp-json\/wp\/v2\/media?parent=3835"}],"curies":[{"name":"wp","href":"https:\/\/api.w.org\/{rel}","templated":true}]}}